{"id":1014,"date":"2017-01-04T07:53:16","date_gmt":"2017-01-04T06:53:16","guid":{"rendered":"http:\/\/www.zs.gromnik.pl\/zs\/?page_id=1014"},"modified":"2017-01-04T07:53:16","modified_gmt":"2017-01-04T06:53:16","slug":"certyfikat","status":"publish","type":"page","link":"http:\/\/zs.gromnik.pl\/zs\/certyfikat\/","title":{"rendered":"Certyfikat"},"content":{"rendered":"<p><img loading=\"lazy\" class=\"size-large wp-image-1015 aligncenter\" src=\"http:\/\/www.zs.gromnik.pl\/zs\/wp-content\/uploads\/2017\/01\/certyfikat-1024x692.png\" alt=\"certyfikat\" width=\"650\" height=\"439\" srcset=\"http:\/\/zs.gromnik.pl\/zs\/wp-content\/uploads\/2017\/01\/certyfikat-1024x692.png 1024w, http:\/\/zs.gromnik.pl\/zs\/wp-content\/uploads\/2017\/01\/certyfikat-300x203.png 300w, http:\/\/zs.gromnik.pl\/zs\/wp-content\/uploads\/2017\/01\/certyfikat-768x519.png 768w, http:\/\/zs.gromnik.pl\/zs\/wp-content\/uploads\/2017\/01\/certyfikat.png 1097w\" sizes=\"(max-width: 650px) 100vw, 650px\" \/><\/p>\n","protected":false},"excerpt":{"rendered":"","protected":false},"author":1,"featured_media":0,"parent":0,"menu_order":0,"comment_status":"closed","ping_status":"closed","template":"","meta":[],"yoast_head":"<!-- This site is optimized with the Yoast SEO plugin v19.8 - https:\/\/yoast.com\/wordpress\/plugins\/seo\/ -->\n<title>Certyfikat - Zesp\u00f3\u0142 Szk\u00f3\u0142 w Gromniku<\/title>\n<meta name=\"description\" content=\"Zesp\u00f3\u0142 Szk\u00f3\u0142 Gromnik, szko\u0142a gromnik, szko\u0142a podstawowa gromnik, przedszkole gromnik\" \/>\n<meta name=\"robots\" content=\"index, follow, max-snippet:-1, max-image-preview:large, max-video-preview:-1\" \/>\n<link rel=\"canonical\" href=\"https:\/\/zs.gromnik.pl\/zs\/certyfikat\/\" \/>\n<meta property=\"og:locale\" content=\"pl_PL\" \/>\n<meta property=\"og:type\" content=\"article\" \/>\n<meta property=\"og:title\" content=\"Certyfikat - Zesp\u00f3\u0142 Szk\u00f3\u0142 w Gromniku\" \/>\n<meta property=\"og:description\" content=\"Zesp\u00f3\u0142 Szk\u00f3\u0142 Gromnik, szko\u0142a gromnik, szko\u0142a podstawowa gromnik, przedszkole gromnik\" \/>\n<meta property=\"og:url\" content=\"https:\/\/zs.gromnik.pl\/zs\/certyfikat\/\" \/>\n<meta property=\"og:site_name\" content=\"Zesp\u00f3\u0142 Szk\u00f3\u0142 w Gromniku\" \/>\n<meta property=\"article:publisher\" content=\"https:\/\/www.facebook.com\/zsgromnik\" \/>\n<meta property=\"og:image\" content=\"http:\/\/www.zs.gromnik.pl\/zs\/wp-content\/uploads\/2017\/01\/certyfikat-1024x692.png\" \/>\n<meta name=\"twitter:card\" content=\"summary_large_image\" \/>\n<script type=\"application\/ld+json\" class=\"yoast-schema-graph\">{\"@context\":\"https:\/\/schema.org\",\"@graph\":[{\"@type\":\"WebPage\",\"@id\":\"https:\/\/zs.gromnik.pl\/zs\/certyfikat\/\",\"url\":\"https:\/\/zs.gromnik.pl\/zs\/certyfikat\/\",\"name\":\"Certyfikat - Zesp\u00f3\u0142 Szk\u00f3\u0142 w Gromniku\",\"isPartOf\":{\"@id\":\"https:\/\/zs.gromnik.pl\/zs\/#website\"},\"datePublished\":\"2017-01-04T06:53:16+00:00\",\"dateModified\":\"2017-01-04T06:53:16+00:00\",\"description\":\"Zesp\u00f3\u0142 Szk\u00f3\u0142 Gromnik, szko\u0142a gromnik, szko\u0142a podstawowa gromnik, przedszkole gromnik\",\"breadcrumb\":{\"@id\":\"https:\/\/zs.gromnik.pl\/zs\/certyfikat\/#breadcrumb\"},\"inLanguage\":\"pl-PL\",\"potentialAction\":[{\"@type\":\"ReadAction\",\"target\":[\"https:\/\/zs.gromnik.pl\/zs\/certyfikat\/\"]}]},{\"@type\":\"BreadcrumbList\",\"@id\":\"https:\/\/zs.gromnik.pl\/zs\/certyfikat\/#breadcrumb\",\"itemListElement\":[{\"@type\":\"ListItem\",\"position\":1,\"name\":\"Strona g\u0142\u00f3wna\",\"item\":\"https:\/\/zs.gromnik.pl\/zs\/\"},{\"@type\":\"ListItem\",\"position\":2,\"name\":\"Certyfikat\"}]},{\"@type\":\"WebSite\",\"@id\":\"https:\/\/zs.gromnik.pl\/zs\/#website\",\"url\":\"https:\/\/zs.gromnik.pl\/zs\/\",\"name\":\"Zesp\u00f3\u0142 Szk\u00f3\u0142 w Gromniku\",\"description\":\"\",\"potentialAction\":[{\"@type\":\"SearchAction\",\"target\":{\"@type\":\"EntryPoint\",\"urlTemplate\":\"https:\/\/zs.gromnik.pl\/zs\/?s={search_term_string}\"},\"query-input\":\"required name=search_term_string\"}],\"inLanguage\":\"pl-PL\"}]}<\/script>\n<!-- \/ Yoast SEO plugin. -->","yoast_head_json":{"title":"Certyfikat - Zesp\u00f3\u0142 Szk\u00f3\u0142 w Gromniku","description":"Zesp\u00f3\u0142 Szk\u00f3\u0142 Gromnik, szko\u0142a gromnik, szko\u0142a podstawowa gromnik, przedszkole gromnik","robots":{"index":"index","follow":"follow","max-snippet":"max-snippet:-1","max-image-preview":"max-image-preview:large","max-video-preview":"max-video-preview:-1"},"canonical":"https:\/\/zs.gromnik.pl\/zs\/certyfikat\/","og_locale":"pl_PL","og_type":"article","og_title":"Certyfikat - Zesp\u00f3\u0142 Szk\u00f3\u0142 w Gromniku","og_description":"Zesp\u00f3\u0142 Szk\u00f3\u0142 Gromnik, szko\u0142a gromnik, szko\u0142a podstawowa gromnik, przedszkole gromnik","og_url":"https:\/\/zs.gromnik.pl\/zs\/certyfikat\/","og_site_name":"Zesp\u00f3\u0142 Szk\u00f3\u0142 w Gromniku","article_publisher":"https:\/\/www.facebook.com\/zsgromnik","og_image":[{"url":"http:\/\/www.zs.gromnik.pl\/zs\/wp-content\/uploads\/2017\/01\/certyfikat-1024x692.png"}],"twitter_card":"summary_large_image","schema":{"@context":"https:\/\/schema.org","@graph":[{"@type":"WebPage","@id":"https:\/\/zs.gromnik.pl\/zs\/certyfikat\/","url":"https:\/\/zs.gromnik.pl\/zs\/certyfikat\/","name":"Certyfikat - Zesp\u00f3\u0142 Szk\u00f3\u0142 w Gromniku","isPartOf":{"@id":"https:\/\/zs.gromnik.pl\/zs\/#website"},"datePublished":"2017-01-04T06:53:16+00:00","dateModified":"2017-01-04T06:53:16+00:00","description":"Zesp\u00f3\u0142 Szk\u00f3\u0142 Gromnik, szko\u0142a gromnik, szko\u0142a podstawowa gromnik, przedszkole gromnik","breadcrumb":{"@id":"https:\/\/zs.gromnik.pl\/zs\/certyfikat\/#breadcrumb"},"inLanguage":"pl-PL","potentialAction":[{"@type":"ReadAction","target":["https:\/\/zs.gromnik.pl\/zs\/certyfikat\/"]}]},{"@type":"BreadcrumbList","@id":"https:\/\/zs.gromnik.pl\/zs\/certyfikat\/#breadcrumb","itemListElement":[{"@type":"ListItem","position":1,"name":"Strona g\u0142\u00f3wna","item":"https:\/\/zs.gromnik.pl\/zs\/"},{"@type":"ListItem","position":2,"name":"Certyfikat"}]},{"@type":"WebSite","@id":"https:\/\/zs.gromnik.pl\/zs\/#website","url":"https:\/\/zs.gromnik.pl\/zs\/","name":"Zesp\u00f3\u0142 Szk\u00f3\u0142 w Gromniku","description":"","potentialAction":[{"@type":"SearchAction","target":{"@type":"EntryPoint","urlTemplate":"https:\/\/zs.gromnik.pl\/zs\/?s={search_term_string}"},"query-input":"required name=search_term_string"}],"inLanguage":"pl-PL"}]}},"_links":{"self":[{"href":"http:\/\/zs.gromnik.pl\/zs\/wp-json\/wp\/v2\/pages\/1014"}],"collection":[{"href":"http:\/\/zs.gromnik.pl\/zs\/wp-json\/wp\/v2\/pages"}],"about":[{"href":"http:\/\/zs.gromnik.pl\/zs\/wp-json\/wp\/v2\/types\/page"}],"author":[{"embeddable":true,"href":"http:\/\/zs.gromnik.pl\/zs\/wp-json\/wp\/v2\/users\/1"}],"replies":[{"embeddable":true,"href":"http:\/\/zs.gromnik.pl\/zs\/wp-json\/wp\/v2\/comments?post=1014"}],"version-history":[{"count":1,"href":"http:\/\/zs.gromnik.pl\/zs\/wp-json\/wp\/v2\/pages\/1014\/revisions"}],"predecessor-version":[{"id":1016,"href":"http:\/\/zs.gromnik.pl\/zs\/wp-json\/wp\/v2\/pages\/1014\/revisions\/1016"}],"wp:attachment":[{"href":"http:\/\/zs.gromnik.pl\/zs\/wp-json\/wp\/v2\/media?parent=1014"}],"curies":[{"name":"wp","href":"https:\/\/api.w.org\/{rel}","templated":true}]}}