{"id":10659,"date":"2022-01-24T14:04:52","date_gmt":"2022-01-24T13:04:52","guid":{"rendered":"http:\/\/zs.gromnik.pl\/zs\/?page_id=10659"},"modified":"2022-01-24T14:04:53","modified_gmt":"2022-01-24T13:04:53","slug":"erasmus-2021-2023","status":"publish","type":"page","link":"http:\/\/zs.gromnik.pl\/zs\/erasmus-2021-2023\/","title":{"rendered":"Erasmus+ 2021 &#8211; 2023"},"content":{"rendered":"\n<figure class=\"wp-block-image size-large\"><img loading=\"lazy\" width=\"1024\" height=\"280\" src=\"http:\/\/zs.gromnik.pl\/zs\/wp-content\/uploads\/2022\/01\/logo-projektu-mniejsze-na-fb-1024x280.jpg\" alt=\"\" class=\"wp-image-10660\" srcset=\"http:\/\/zs.gromnik.pl\/zs\/wp-content\/uploads\/2022\/01\/logo-projektu-mniejsze-na-fb-1024x280.jpg 1024w, http:\/\/zs.gromnik.pl\/zs\/wp-content\/uploads\/2022\/01\/logo-projektu-mniejsze-na-fb-300x82.jpg 300w, http:\/\/zs.gromnik.pl\/zs\/wp-content\/uploads\/2022\/01\/logo-projektu-mniejsze-na-fb-768x210.jpg 768w, http:\/\/zs.gromnik.pl\/zs\/wp-content\/uploads\/2022\/01\/logo-projektu-mniejsze-na-fb-1536x420.jpg 1536w, http:\/\/zs.gromnik.pl\/zs\/wp-content\/uploads\/2022\/01\/logo-projektu-mniejsze-na-fb-2048x560.jpg 2048w, http:\/\/zs.gromnik.pl\/zs\/wp-content\/uploads\/2022\/01\/logo-projektu-mniejsze-na-fb-1140x312.jpg 1140w\" sizes=\"(max-width: 1024px) 100vw, 1024px\" \/><\/figure>\n\n\n\n<ul class=\"wp-container-1 wp-block-social-links is-style-pill-shape\"><li class=\"wp-social-link wp-social-link-facebook wp-block-social-link\"><a href=\"https:\/\/www.facebook.com\/Erasmus-Projekt-realizowany-przez-Zesp%C3%B3%C5%82-Szk%C3%B3%C5%82-w-Gromniku-2021-2023-100565259210792\/?ref=pages_you_manage\"  class=\"wp-block-social-link-anchor\"><svg width=\"24\" height=\"24\" viewBox=\"0 0 24 24\" version=\"1.1\" xmlns=\"http:\/\/www.w3.org\/2000\/svg\" aria-hidden=\"true\" focusable=\"false\"><path d=\"M12 2C6.5 2 2 6.5 2 12c0 5 3.7 9.1 8.4 9.9v-7H7.9V12h2.5V9.8c0-2.5 1.5-3.9 3.8-3.9 1.1 0 2.2.2 2.2.2v2.5h-1.3c-1.2 0-1.6.8-1.6 1.6V12h2.8l-.4 2.9h-2.3v7C18.3 21.1 22 17 22 12c0-5.5-4.5-10-10-10z\"><\/path><\/svg><span class=\"wp-block-social-link-label screen-reader-text\">Facebook<\/span><\/a><\/li><\/ul>\n\n\n\n<p>Zapraszamy na fanpage&#8217;a projektu. Obserwuj i b\u0105d\u017a na bie\u017c\u0105co z informacjami edukacyjnymi.<\/p>\n","protected":false},"excerpt":{"rendered":"<p>Zapraszamy na fanpage&#8217;a projektu. Obserwuj i b\u0105d\u017a na bie\u017c\u0105co z informacjami edukacyjnymi.<\/p>\n","protected":false},"author":6,"featured_media":0,"parent":0,"menu_order":0,"comment_status":"closed","ping_status":"closed","template":"","meta":[],"yoast_head":"<!-- This site is optimized with the Yoast SEO plugin v19.8 - https:\/\/yoast.com\/wordpress\/plugins\/seo\/ -->\n<title>Erasmus+ 2021 - 2023 - Zesp\u00f3\u0142 Szk\u00f3\u0142 w Gromniku<\/title>\n<meta name=\"description\" content=\"Zesp\u00f3\u0142 Szk\u00f3\u0142 Gromnik, szko\u0142a gromnik, szko\u0142a podstawowa gromnik, przedszkole gromnik\" \/>\n<meta name=\"robots\" content=\"index, follow, max-snippet:-1, max-image-preview:large, max-video-preview:-1\" \/>\n<link rel=\"canonical\" href=\"http:\/\/zs.gromnik.pl\/zs\/erasmus-2021-2023\/\" \/>\n<meta property=\"og:locale\" content=\"pl_PL\" \/>\n<meta property=\"og:type\" content=\"article\" \/>\n<meta property=\"og:title\" content=\"Erasmus+ 2021 - 2023 - Zesp\u00f3\u0142 Szk\u00f3\u0142 w Gromniku\" \/>\n<meta property=\"og:description\" content=\"Zesp\u00f3\u0142 Szk\u00f3\u0142 Gromnik, szko\u0142a gromnik, szko\u0142a podstawowa gromnik, przedszkole gromnik\" \/>\n<meta property=\"og:url\" content=\"http:\/\/zs.gromnik.pl\/zs\/erasmus-2021-2023\/\" \/>\n<meta property=\"og:site_name\" content=\"Zesp\u00f3\u0142 Szk\u00f3\u0142 w Gromniku\" \/>\n<meta property=\"article:publisher\" content=\"https:\/\/www.facebook.com\/zsgromnik\" \/>\n<meta property=\"article:modified_time\" content=\"2022-01-24T13:04:53+00:00\" \/>\n<meta property=\"og:image\" content=\"http:\/\/zs.gromnik.pl\/zs\/wp-content\/uploads\/2022\/01\/logo-projektu-mniejsze-na-fb-1024x280.jpg\" \/>\n<meta name=\"twitter:card\" content=\"summary_large_image\" \/>\n<meta name=\"twitter:label1\" content=\"Szacowany czas czytania\" \/>\n\t<meta name=\"twitter:data1\" content=\"1 minuta\" \/>\n<script type=\"application\/ld+json\" class=\"yoast-schema-graph\">{\"@context\":\"https:\/\/schema.org\",\"@graph\":[{\"@type\":\"WebPage\",\"@id\":\"http:\/\/zs.gromnik.pl\/zs\/erasmus-2021-2023\/\",\"url\":\"http:\/\/zs.gromnik.pl\/zs\/erasmus-2021-2023\/\",\"name\":\"Erasmus+ 2021 - 2023 - Zesp\u00f3\u0142 Szk\u00f3\u0142 w Gromniku\",\"isPartOf\":{\"@id\":\"http:\/\/zs.gromnik.pl\/zs\/#website\"},\"datePublished\":\"2022-01-24T13:04:52+00:00\",\"dateModified\":\"2022-01-24T13:04:53+00:00\",\"description\":\"Zesp\u00f3\u0142 Szk\u00f3\u0142 Gromnik, szko\u0142a gromnik, szko\u0142a podstawowa gromnik, przedszkole gromnik\",\"breadcrumb\":{\"@id\":\"http:\/\/zs.gromnik.pl\/zs\/erasmus-2021-2023\/#breadcrumb\"},\"inLanguage\":\"pl-PL\",\"potentialAction\":[{\"@type\":\"ReadAction\",\"target\":[\"http:\/\/zs.gromnik.pl\/zs\/erasmus-2021-2023\/\"]}]},{\"@type\":\"BreadcrumbList\",\"@id\":\"http:\/\/zs.gromnik.pl\/zs\/erasmus-2021-2023\/#breadcrumb\",\"itemListElement\":[{\"@type\":\"ListItem\",\"position\":1,\"name\":\"Strona g\u0142\u00f3wna\",\"item\":\"http:\/\/zs.gromnik.pl\/zs\/\"},{\"@type\":\"ListItem\",\"position\":2,\"name\":\"Erasmus+ 2021 &#8211; 2023\"}]},{\"@type\":\"WebSite\",\"@id\":\"http:\/\/zs.gromnik.pl\/zs\/#website\",\"url\":\"http:\/\/zs.gromnik.pl\/zs\/\",\"name\":\"Zesp\u00f3\u0142 Szk\u00f3\u0142 w Gromniku\",\"description\":\"\",\"potentialAction\":[{\"@type\":\"SearchAction\",\"target\":{\"@type\":\"EntryPoint\",\"urlTemplate\":\"http:\/\/zs.gromnik.pl\/zs\/?s={search_term_string}\"},\"query-input\":\"required name=search_term_string\"}],\"inLanguage\":\"pl-PL\"}]}<\/script>\n<!-- \/ Yoast SEO plugin. -->","yoast_head_json":{"title":"Erasmus+ 2021 - 2023 - Zesp\u00f3\u0142 Szk\u00f3\u0142 w Gromniku","description":"Zesp\u00f3\u0142 Szk\u00f3\u0142 Gromnik, szko\u0142a gromnik, szko\u0142a podstawowa gromnik, przedszkole gromnik","robots":{"index":"index","follow":"follow","max-snippet":"max-snippet:-1","max-image-preview":"max-image-preview:large","max-video-preview":"max-video-preview:-1"},"canonical":"http:\/\/zs.gromnik.pl\/zs\/erasmus-2021-2023\/","og_locale":"pl_PL","og_type":"article","og_title":"Erasmus+ 2021 - 2023 - Zesp\u00f3\u0142 Szk\u00f3\u0142 w Gromniku","og_description":"Zesp\u00f3\u0142 Szk\u00f3\u0142 Gromnik, szko\u0142a gromnik, szko\u0142a podstawowa gromnik, przedszkole gromnik","og_url":"http:\/\/zs.gromnik.pl\/zs\/erasmus-2021-2023\/","og_site_name":"Zesp\u00f3\u0142 Szk\u00f3\u0142 w Gromniku","article_publisher":"https:\/\/www.facebook.com\/zsgromnik","article_modified_time":"2022-01-24T13:04:53+00:00","og_image":[{"url":"http:\/\/zs.gromnik.pl\/zs\/wp-content\/uploads\/2022\/01\/logo-projektu-mniejsze-na-fb-1024x280.jpg"}],"twitter_card":"summary_large_image","twitter_misc":{"Szacowany czas czytania":"1 minuta"},"schema":{"@context":"https:\/\/schema.org","@graph":[{"@type":"WebPage","@id":"http:\/\/zs.gromnik.pl\/zs\/erasmus-2021-2023\/","url":"http:\/\/zs.gromnik.pl\/zs\/erasmus-2021-2023\/","name":"Erasmus+ 2021 - 2023 - Zesp\u00f3\u0142 Szk\u00f3\u0142 w Gromniku","isPartOf":{"@id":"http:\/\/zs.gromnik.pl\/zs\/#website"},"datePublished":"2022-01-24T13:04:52+00:00","dateModified":"2022-01-24T13:04:53+00:00","description":"Zesp\u00f3\u0142 Szk\u00f3\u0142 Gromnik, szko\u0142a gromnik, szko\u0142a podstawowa gromnik, przedszkole gromnik","breadcrumb":{"@id":"http:\/\/zs.gromnik.pl\/zs\/erasmus-2021-2023\/#breadcrumb"},"inLanguage":"pl-PL","potentialAction":[{"@type":"ReadAction","target":["http:\/\/zs.gromnik.pl\/zs\/erasmus-2021-2023\/"]}]},{"@type":"BreadcrumbList","@id":"http:\/\/zs.gromnik.pl\/zs\/erasmus-2021-2023\/#breadcrumb","itemListElement":[{"@type":"ListItem","position":1,"name":"Strona g\u0142\u00f3wna","item":"http:\/\/zs.gromnik.pl\/zs\/"},{"@type":"ListItem","position":2,"name":"Erasmus+ 2021 &#8211; 2023"}]},{"@type":"WebSite","@id":"http:\/\/zs.gromnik.pl\/zs\/#website","url":"http:\/\/zs.gromnik.pl\/zs\/","name":"Zesp\u00f3\u0142 Szk\u00f3\u0142 w Gromniku","description":"","potentialAction":[{"@type":"SearchAction","target":{"@type":"EntryPoint","urlTemplate":"http:\/\/zs.gromnik.pl\/zs\/?s={search_term_string}"},"query-input":"required name=search_term_string"}],"inLanguage":"pl-PL"}]}},"_links":{"self":[{"href":"http:\/\/zs.gromnik.pl\/zs\/wp-json\/wp\/v2\/pages\/10659"}],"collection":[{"href":"http:\/\/zs.gromnik.pl\/zs\/wp-json\/wp\/v2\/pages"}],"about":[{"href":"http:\/\/zs.gromnik.pl\/zs\/wp-json\/wp\/v2\/types\/page"}],"author":[{"embeddable":true,"href":"http:\/\/zs.gromnik.pl\/zs\/wp-json\/wp\/v2\/users\/6"}],"replies":[{"embeddable":true,"href":"http:\/\/zs.gromnik.pl\/zs\/wp-json\/wp\/v2\/comments?post=10659"}],"version-history":[{"count":2,"href":"http:\/\/zs.gromnik.pl\/zs\/wp-json\/wp\/v2\/pages\/10659\/revisions"}],"predecessor-version":[{"id":10662,"href":"http:\/\/zs.gromnik.pl\/zs\/wp-json\/wp\/v2\/pages\/10659\/revisions\/10662"}],"wp:attachment":[{"href":"http:\/\/zs.gromnik.pl\/zs\/wp-json\/wp\/v2\/media?parent=10659"}],"curies":[{"name":"wp","href":"https:\/\/api.w.org\/{rel}","templated":true}]}}