{"id":12504,"date":"2023-02-18T08:55:06","date_gmt":"2023-02-18T07:55:06","guid":{"rendered":"http:\/\/zs.gromnik.pl\/zs\/?page_id=12504"},"modified":"2023-02-18T08:55:07","modified_gmt":"2023-02-18T07:55:07","slug":"relacje-uczestnikow","status":"publish","type":"page","link":"http:\/\/zs.gromnik.pl\/zs\/relacje-uczestnikow\/","title":{"rendered":"RELACJE UCZESTNIK\u00d3W"},"content":{"rendered":"\n<p>Zapraszamy do zapoznania si\u0119 z relacjami uczestnik\u00f3w projektu ERASMUS+.<\/p>\n\n\n\n<p>By\u0107 mo\u017ce stan\u0105 si\u0119 one inspiracj\u0105?<\/p>\n\n\n\n<p>By\u0107 mo\u017ce zaciekawi\u0105?<\/p>\n\n\n\n<p>Zapraszamy do szko\u0142y podstawowej w Gromniku &#8211; tutaj &#8222;du\u017co&#8221; si\u0119 dzieje&#8230;. \ud83d\ude42<\/p>\n\n\n\n<figure class=\"wp-block-image size-large is-resized\"><img loading=\"lazy\" src=\"http:\/\/zs.gromnik.pl\/zs\/wp-content\/uploads\/2022\/02\/logo-projektu-mniejsze-na-fb-1024x280.jpg\" alt=\"\" class=\"wp-image-10720\" width=\"768\" height=\"210\" srcset=\"http:\/\/zs.gromnik.pl\/zs\/wp-content\/uploads\/2022\/02\/logo-projektu-mniejsze-na-fb-1024x280.jpg 1024w, http:\/\/zs.gromnik.pl\/zs\/wp-content\/uploads\/2022\/02\/logo-projektu-mniejsze-na-fb-300x82.jpg 300w, http:\/\/zs.gromnik.pl\/zs\/wp-content\/uploads\/2022\/02\/logo-projektu-mniejsze-na-fb-768x210.jpg 768w, http:\/\/zs.gromnik.pl\/zs\/wp-content\/uploads\/2022\/02\/logo-projektu-mniejsze-na-fb-1536x420.jpg 1536w, http:\/\/zs.gromnik.pl\/zs\/wp-content\/uploads\/2022\/02\/logo-projektu-mniejsze-na-fb-2048x560.jpg 2048w, http:\/\/zs.gromnik.pl\/zs\/wp-content\/uploads\/2022\/02\/logo-projektu-mniejsze-na-fb-1140x312.jpg 1140w\" sizes=\"(max-width: 768px) 100vw, 768px\" \/><\/figure>\n","protected":false},"excerpt":{"rendered":"<p>Zapraszamy do zapoznania si\u0119 z relacjami uczestnik\u00f3w projektu ERASMUS+. By\u0107 mo\u017ce stan\u0105 si\u0119 one inspiracj\u0105? By\u0107 mo\u017ce zaciekawi\u0105? Zapraszamy do szko\u0142y podstawowej w Gromniku &#8211; tutaj &#8222;du\u017co&#8221; si\u0119 dzieje&#8230;. \ud83d\ude42<\/p>\n","protected":false},"author":6,"featured_media":0,"parent":0,"menu_order":0,"comment_status":"closed","ping_status":"closed","template":"","meta":[],"yoast_head":"<!-- This site is optimized with the Yoast SEO plugin v19.8 - https:\/\/yoast.com\/wordpress\/plugins\/seo\/ -->\n<title>RELACJE UCZESTNIK\u00d3W - Zesp\u00f3\u0142 Szk\u00f3\u0142 w Gromniku<\/title>\n<meta name=\"description\" content=\"Zesp\u00f3\u0142 Szk\u00f3\u0142 Gromnik, szko\u0142a gromnik, szko\u0142a podstawowa gromnik, przedszkole gromnik\" \/>\n<meta name=\"robots\" content=\"index, follow, max-snippet:-1, max-image-preview:large, max-video-preview:-1\" \/>\n<link rel=\"canonical\" href=\"http:\/\/zs.gromnik.pl\/zs\/relacje-uczestnikow\/\" \/>\n<meta property=\"og:locale\" content=\"pl_PL\" \/>\n<meta property=\"og:type\" content=\"article\" \/>\n<meta property=\"og:title\" content=\"RELACJE UCZESTNIK\u00d3W - Zesp\u00f3\u0142 Szk\u00f3\u0142 w Gromniku\" \/>\n<meta property=\"og:description\" content=\"Zesp\u00f3\u0142 Szk\u00f3\u0142 Gromnik, szko\u0142a gromnik, szko\u0142a podstawowa gromnik, przedszkole gromnik\" \/>\n<meta property=\"og:url\" content=\"http:\/\/zs.gromnik.pl\/zs\/relacje-uczestnikow\/\" \/>\n<meta property=\"og:site_name\" content=\"Zesp\u00f3\u0142 Szk\u00f3\u0142 w Gromniku\" \/>\n<meta property=\"article:publisher\" content=\"https:\/\/www.facebook.com\/zsgromnik\" \/>\n<meta property=\"article:modified_time\" content=\"2023-02-18T07:55:07+00:00\" \/>\n<meta property=\"og:image\" content=\"http:\/\/zs.gromnik.pl\/zs\/wp-content\/uploads\/2022\/02\/logo-projektu-mniejsze-na-fb-1024x280.jpg\" \/>\n<meta name=\"twitter:card\" content=\"summary_large_image\" \/>\n<script type=\"application\/ld+json\" class=\"yoast-schema-graph\">{\"@context\":\"https:\/\/schema.org\",\"@graph\":[{\"@type\":\"WebPage\",\"@id\":\"http:\/\/zs.gromnik.pl\/zs\/relacje-uczestnikow\/\",\"url\":\"http:\/\/zs.gromnik.pl\/zs\/relacje-uczestnikow\/\",\"name\":\"RELACJE UCZESTNIK\u00d3W - Zesp\u00f3\u0142 Szk\u00f3\u0142 w Gromniku\",\"isPartOf\":{\"@id\":\"https:\/\/zs.gromnik.pl\/zs\/#website\"},\"datePublished\":\"2023-02-18T07:55:06+00:00\",\"dateModified\":\"2023-02-18T07:55:07+00:00\",\"description\":\"Zesp\u00f3\u0142 Szk\u00f3\u0142 Gromnik, szko\u0142a gromnik, szko\u0142a podstawowa gromnik, przedszkole gromnik\",\"breadcrumb\":{\"@id\":\"http:\/\/zs.gromnik.pl\/zs\/relacje-uczestnikow\/#breadcrumb\"},\"inLanguage\":\"pl-PL\",\"potentialAction\":[{\"@type\":\"ReadAction\",\"target\":[\"http:\/\/zs.gromnik.pl\/zs\/relacje-uczestnikow\/\"]}]},{\"@type\":\"BreadcrumbList\",\"@id\":\"http:\/\/zs.gromnik.pl\/zs\/relacje-uczestnikow\/#breadcrumb\",\"itemListElement\":[{\"@type\":\"ListItem\",\"position\":1,\"name\":\"Strona g\u0142\u00f3wna\",\"item\":\"https:\/\/zs.gromnik.pl\/zs\/\"},{\"@type\":\"ListItem\",\"position\":2,\"name\":\"RELACJE UCZESTNIK\u00d3W\"}]},{\"@type\":\"WebSite\",\"@id\":\"https:\/\/zs.gromnik.pl\/zs\/#website\",\"url\":\"https:\/\/zs.gromnik.pl\/zs\/\",\"name\":\"Zesp\u00f3\u0142 Szk\u00f3\u0142 w Gromniku\",\"description\":\"\",\"potentialAction\":[{\"@type\":\"SearchAction\",\"target\":{\"@type\":\"EntryPoint\",\"urlTemplate\":\"https:\/\/zs.gromnik.pl\/zs\/?s={search_term_string}\"},\"query-input\":\"required name=search_term_string\"}],\"inLanguage\":\"pl-PL\"}]}<\/script>\n<!-- \/ Yoast SEO plugin. -->","yoast_head_json":{"title":"RELACJE UCZESTNIK\u00d3W - Zesp\u00f3\u0142 Szk\u00f3\u0142 w Gromniku","description":"Zesp\u00f3\u0142 Szk\u00f3\u0142 Gromnik, szko\u0142a gromnik, szko\u0142a podstawowa gromnik, przedszkole gromnik","robots":{"index":"index","follow":"follow","max-snippet":"max-snippet:-1","max-image-preview":"max-image-preview:large","max-video-preview":"max-video-preview:-1"},"canonical":"http:\/\/zs.gromnik.pl\/zs\/relacje-uczestnikow\/","og_locale":"pl_PL","og_type":"article","og_title":"RELACJE UCZESTNIK\u00d3W - Zesp\u00f3\u0142 Szk\u00f3\u0142 w Gromniku","og_description":"Zesp\u00f3\u0142 Szk\u00f3\u0142 Gromnik, szko\u0142a gromnik, szko\u0142a podstawowa gromnik, przedszkole gromnik","og_url":"http:\/\/zs.gromnik.pl\/zs\/relacje-uczestnikow\/","og_site_name":"Zesp\u00f3\u0142 Szk\u00f3\u0142 w Gromniku","article_publisher":"https:\/\/www.facebook.com\/zsgromnik","article_modified_time":"2023-02-18T07:55:07+00:00","og_image":[{"url":"http:\/\/zs.gromnik.pl\/zs\/wp-content\/uploads\/2022\/02\/logo-projektu-mniejsze-na-fb-1024x280.jpg"}],"twitter_card":"summary_large_image","schema":{"@context":"https:\/\/schema.org","@graph":[{"@type":"WebPage","@id":"http:\/\/zs.gromnik.pl\/zs\/relacje-uczestnikow\/","url":"http:\/\/zs.gromnik.pl\/zs\/relacje-uczestnikow\/","name":"RELACJE UCZESTNIK\u00d3W - Zesp\u00f3\u0142 Szk\u00f3\u0142 w Gromniku","isPartOf":{"@id":"https:\/\/zs.gromnik.pl\/zs\/#website"},"datePublished":"2023-02-18T07:55:06+00:00","dateModified":"2023-02-18T07:55:07+00:00","description":"Zesp\u00f3\u0142 Szk\u00f3\u0142 Gromnik, szko\u0142a gromnik, szko\u0142a podstawowa gromnik, przedszkole gromnik","breadcrumb":{"@id":"http:\/\/zs.gromnik.pl\/zs\/relacje-uczestnikow\/#breadcrumb"},"inLanguage":"pl-PL","potentialAction":[{"@type":"ReadAction","target":["http:\/\/zs.gromnik.pl\/zs\/relacje-uczestnikow\/"]}]},{"@type":"BreadcrumbList","@id":"http:\/\/zs.gromnik.pl\/zs\/relacje-uczestnikow\/#breadcrumb","itemListElement":[{"@type":"ListItem","position":1,"name":"Strona g\u0142\u00f3wna","item":"https:\/\/zs.gromnik.pl\/zs\/"},{"@type":"ListItem","position":2,"name":"RELACJE UCZESTNIK\u00d3W"}]},{"@type":"WebSite","@id":"https:\/\/zs.gromnik.pl\/zs\/#website","url":"https:\/\/zs.gromnik.pl\/zs\/","name":"Zesp\u00f3\u0142 Szk\u00f3\u0142 w Gromniku","description":"","potentialAction":[{"@type":"SearchAction","target":{"@type":"EntryPoint","urlTemplate":"https:\/\/zs.gromnik.pl\/zs\/?s={search_term_string}"},"query-input":"required name=search_term_string"}],"inLanguage":"pl-PL"}]}},"_links":{"self":[{"href":"http:\/\/zs.gromnik.pl\/zs\/wp-json\/wp\/v2\/pages\/12504"}],"collection":[{"href":"http:\/\/zs.gromnik.pl\/zs\/wp-json\/wp\/v2\/pages"}],"about":[{"href":"http:\/\/zs.gromnik.pl\/zs\/wp-json\/wp\/v2\/types\/page"}],"author":[{"embeddable":true,"href":"http:\/\/zs.gromnik.pl\/zs\/wp-json\/wp\/v2\/users\/6"}],"replies":[{"embeddable":true,"href":"http:\/\/zs.gromnik.pl\/zs\/wp-json\/wp\/v2\/comments?post=12504"}],"version-history":[{"count":1,"href":"http:\/\/zs.gromnik.pl\/zs\/wp-json\/wp\/v2\/pages\/12504\/revisions"}],"predecessor-version":[{"id":12505,"href":"http:\/\/zs.gromnik.pl\/zs\/wp-json\/wp\/v2\/pages\/12504\/revisions\/12505"}],"wp:attachment":[{"href":"http:\/\/zs.gromnik.pl\/zs\/wp-json\/wp\/v2\/media?parent=12504"}],"curies":[{"name":"wp","href":"https:\/\/api.w.org\/{rel}","templated":true}]}}