{"id":359,"date":"2016-10-27T13:54:13","date_gmt":"2016-10-27T11:54:13","guid":{"rendered":"http:\/\/www.zs.gromnik.pl\/zs\/?page_id=359"},"modified":"2016-10-27T13:54:13","modified_gmt":"2016-10-27T11:54:13","slug":"wincenty-witos","status":"publish","type":"page","link":"http:\/\/zs.gromnik.pl\/zs\/wincenty-witos\/","title":{"rendered":"Wincenty Witos"},"content":{"rendered":"<p style=\"text-align: justify;\"><img loading=\"lazy\" class=\"alignleft wp-image-360 size-full\" src=\"http:\/\/www.zs.gromnik.pl\/zs\/wp-content\/uploads\/2016\/10\/witos.jpg\" alt=\"Witos\" width=\"230\" height=\"305\" srcset=\"http:\/\/zs.gromnik.pl\/zs\/wp-content\/uploads\/2016\/10\/witos.jpg 230w, http:\/\/zs.gromnik.pl\/zs\/wp-content\/uploads\/2016\/10\/witos-226x300.jpg 226w\" sizes=\"(max-width: 230px) 100vw, 230px\" \/>Wincenty Witos (ur. 21 stycznia 1874 w Wierzchos\u0142awicach, zm. 31 pa\u017adziernika 1945 w Krakowie) \u2013 polski polityk, dzia\u0142acz ruchu ludowego, trzykrotny premier Rzeczypospolitej Polskiej.<\/p>\n<p style=\"text-align: justify;\">Od 1895 w Stronnictwie Ludowym, w latach 1908\u20131914 pose\u0142 do galicyjskiego Sejmu Krajowego, od 1909 do 1931 w\u00f3jt Wierzchos\u0142awic. Pose\u0142 do austriackiej Rady Pa\u0144stwa (1911\u20131918), od 1914 w PSL \u201ePiast\u201d (prezes ugrupowania w latach 1918\u20131931) i w Naczelnym Komitecie Narodowym, p\u00f3\u017aniej w Lidze Narodowej (1917\u20131918), prezes Polskiej Komisji Likwidacyjnej. Od 1919 pose\u0142 na polski Sejm. Trzykrotnie sprawowa\u0142 funkcj\u0119 premiera (od 24 lipca 1920 do 13 wrze\u015bnia 1921, od 28 maja 1923 do 14 grudnia 1923 i od 10 maja 1926 do 14 maja 1926), jego rz\u0105d zosta\u0142 obalony w wyniku przewrotu majowego. W latach 1929\u20131930 jeden z przyw\u00f3dc\u00f3w Centrolewu. W 1930 aresztowany przez w\u0142adze sanacyjne, osadzony w twierdzy brzeskiej, oskar\u017cony w tzw. procesie brzeskim o przygotowywaniezamachu stanu, skazany na 1,5 roku wi\u0119zienia, uda\u0142 si\u0119 na emigracj\u0119 do Czechos\u0142owacji. Do kraju powr\u00f3ci\u0142 tu\u017c przed wybuchem II wojny \u015bwiatowej, po jej rozpocz\u0119ciu internowany przez Niemc\u00f3w, odrzuci\u0142 propozycj\u0119 utworzenia rz\u0105du kolaboracyjnego. Po wojnie powo\u0142any na wiceprzewodnicz\u0105cego Krajowej Rady Narodowej (nie podj\u0105\u0142 obowi\u0105zk\u00f3w), w 1945 prezes nowo powsta\u0142ego Polskiego Stronnictwa Ludowego.<\/p>\n","protected":false},"excerpt":{"rendered":"<p>Wincenty Witos (ur. 21 stycznia 1874 w Wierzchos\u0142awicach, zm. 31 pa\u017adziernika 1945 w Krakowie) \u2013 polski polityk, dzia\u0142acz ruchu ludowego, trzykrotny premier Rzeczypospolitej Polskiej. Od 1895 w Stronnictwie Ludowym, w latach 1908\u20131914 pose\u0142 do galicyjskiego Sejmu Krajowego, od 1909 do 1931 w\u00f3jt Wierzchos\u0142awic. Pose\u0142 do austriackiej Rady Pa\u0144stwa (1911\u20131918), od 1914 w PSL \u201ePiast\u201d (prezes ugrupowania w latach 1918\u20131931) i w Naczelnym Komitecie Narodowym, p\u00f3\u017aniej w Lidze Narodowej (1917\u20131918), prezes Polskiej Komisji Likwidacyjnej. Od 1919 pose\u0142 na polski Sejm. Trzykrotnie sprawowa\u0142 funkcj\u0119 premiera (od 24 lipca 1920 do 13 wrze\u015bnia 1921, od 28 maja 1923 do 14 grudnia 1923 i od 10 maja 1926 do 14 maja 1926), jego rz\u0105d zosta\u0142 obalony w wyniku przewrotu majowego. W latach 1929\u20131930 jeden z przyw\u00f3dc\u00f3w Centrolewu. W 1930 aresztowany przez w\u0142adze sanacyjne, osadzony w twierdzy brzeskiej, oskar\u017cony w tzw. procesie brzeskim o przygotowywaniezamachu stanu, skazany na 1,5 roku wi\u0119zienia, uda\u0142 si\u0119 na emigracj\u0119 do Czechos\u0142owacji. Do kraju powr\u00f3ci\u0142 tu\u017c przed wybuchem II wojny \u015bwiatowej, po jej rozpocz\u0119ciu internowany przez Niemc\u00f3w, odrzuci\u0142 propozycj\u0119 utworzenia rz\u0105du kolaboracyjnego. Po wojnie powo\u0142any na wiceprzewodnicz\u0105cego Krajowej Rady Narodowej (nie podj\u0105\u0142 obowi\u0105zk\u00f3w), w 1945 prezes nowo powsta\u0142ego Polskiego Stronnictwa Ludowego.<\/p>\n","protected":false},"author":1,"featured_media":0,"parent":0,"menu_order":0,"comment_status":"closed","ping_status":"closed","template":"","meta":[],"yoast_head":"<!-- This site is optimized with the Yoast SEO plugin v19.8 - https:\/\/yoast.com\/wordpress\/plugins\/seo\/ -->\n<title>Wincenty Witos - Zesp\u00f3\u0142 Szk\u00f3\u0142 w Gromniku<\/title>\n<meta name=\"description\" content=\"Zesp\u00f3\u0142 Szk\u00f3\u0142 Gromnik, szko\u0142a gromnik, szko\u0142a podstawowa gromnik, przedszkole gromnik\" \/>\n<meta name=\"robots\" content=\"index, follow, max-snippet:-1, max-image-preview:large, max-video-preview:-1\" \/>\n<link rel=\"canonical\" href=\"http:\/\/zs.gromnik.pl\/zs\/wincenty-witos\/\" \/>\n<meta property=\"og:locale\" content=\"pl_PL\" \/>\n<meta property=\"og:type\" content=\"article\" \/>\n<meta property=\"og:title\" content=\"Wincenty Witos - Zesp\u00f3\u0142 Szk\u00f3\u0142 w Gromniku\" \/>\n<meta property=\"og:description\" content=\"Zesp\u00f3\u0142 Szk\u00f3\u0142 Gromnik, szko\u0142a gromnik, szko\u0142a podstawowa gromnik, przedszkole gromnik\" \/>\n<meta property=\"og:url\" content=\"http:\/\/zs.gromnik.pl\/zs\/wincenty-witos\/\" \/>\n<meta property=\"og:site_name\" content=\"Zesp\u00f3\u0142 Szk\u00f3\u0142 w Gromniku\" \/>\n<meta property=\"article:publisher\" content=\"https:\/\/www.facebook.com\/zsgromnik\" \/>\n<meta property=\"og:image\" content=\"http:\/\/www.zs.gromnik.pl\/zs\/wp-content\/uploads\/2016\/10\/witos.jpg\" \/>\n<meta name=\"twitter:card\" content=\"summary_large_image\" \/>\n<meta name=\"twitter:label1\" content=\"Szacowany czas czytania\" \/>\n\t<meta name=\"twitter:data1\" content=\"1 minuta\" \/>\n<script type=\"application\/ld+json\" class=\"yoast-schema-graph\">{\"@context\":\"https:\/\/schema.org\",\"@graph\":[{\"@type\":\"WebPage\",\"@id\":\"http:\/\/zs.gromnik.pl\/zs\/wincenty-witos\/\",\"url\":\"http:\/\/zs.gromnik.pl\/zs\/wincenty-witos\/\",\"name\":\"Wincenty Witos - Zesp\u00f3\u0142 Szk\u00f3\u0142 w Gromniku\",\"isPartOf\":{\"@id\":\"https:\/\/zs.gromnik.pl\/zs\/#website\"},\"datePublished\":\"2016-10-27T11:54:13+00:00\",\"dateModified\":\"2016-10-27T11:54:13+00:00\",\"description\":\"Zesp\u00f3\u0142 Szk\u00f3\u0142 Gromnik, szko\u0142a gromnik, szko\u0142a podstawowa gromnik, przedszkole gromnik\",\"breadcrumb\":{\"@id\":\"http:\/\/zs.gromnik.pl\/zs\/wincenty-witos\/#breadcrumb\"},\"inLanguage\":\"pl-PL\",\"potentialAction\":[{\"@type\":\"ReadAction\",\"target\":[\"http:\/\/zs.gromnik.pl\/zs\/wincenty-witos\/\"]}]},{\"@type\":\"BreadcrumbList\",\"@id\":\"http:\/\/zs.gromnik.pl\/zs\/wincenty-witos\/#breadcrumb\",\"itemListElement\":[{\"@type\":\"ListItem\",\"position\":1,\"name\":\"Strona g\u0142\u00f3wna\",\"item\":\"https:\/\/zs.gromnik.pl\/zs\/\"},{\"@type\":\"ListItem\",\"position\":2,\"name\":\"Wincenty Witos\"}]},{\"@type\":\"WebSite\",\"@id\":\"https:\/\/zs.gromnik.pl\/zs\/#website\",\"url\":\"https:\/\/zs.gromnik.pl\/zs\/\",\"name\":\"Zesp\u00f3\u0142 Szk\u00f3\u0142 w Gromniku\",\"description\":\"\",\"potentialAction\":[{\"@type\":\"SearchAction\",\"target\":{\"@type\":\"EntryPoint\",\"urlTemplate\":\"https:\/\/zs.gromnik.pl\/zs\/?s={search_term_string}\"},\"query-input\":\"required name=search_term_string\"}],\"inLanguage\":\"pl-PL\"}]}<\/script>\n<!-- \/ Yoast SEO plugin. -->","yoast_head_json":{"title":"Wincenty Witos - Zesp\u00f3\u0142 Szk\u00f3\u0142 w Gromniku","description":"Zesp\u00f3\u0142 Szk\u00f3\u0142 Gromnik, szko\u0142a gromnik, szko\u0142a podstawowa gromnik, przedszkole gromnik","robots":{"index":"index","follow":"follow","max-snippet":"max-snippet:-1","max-image-preview":"max-image-preview:large","max-video-preview":"max-video-preview:-1"},"canonical":"http:\/\/zs.gromnik.pl\/zs\/wincenty-witos\/","og_locale":"pl_PL","og_type":"article","og_title":"Wincenty Witos - Zesp\u00f3\u0142 Szk\u00f3\u0142 w Gromniku","og_description":"Zesp\u00f3\u0142 Szk\u00f3\u0142 Gromnik, szko\u0142a gromnik, szko\u0142a podstawowa gromnik, przedszkole gromnik","og_url":"http:\/\/zs.gromnik.pl\/zs\/wincenty-witos\/","og_site_name":"Zesp\u00f3\u0142 Szk\u00f3\u0142 w Gromniku","article_publisher":"https:\/\/www.facebook.com\/zsgromnik","og_image":[{"url":"http:\/\/www.zs.gromnik.pl\/zs\/wp-content\/uploads\/2016\/10\/witos.jpg"}],"twitter_card":"summary_large_image","twitter_misc":{"Szacowany czas czytania":"1 minuta"},"schema":{"@context":"https:\/\/schema.org","@graph":[{"@type":"WebPage","@id":"http:\/\/zs.gromnik.pl\/zs\/wincenty-witos\/","url":"http:\/\/zs.gromnik.pl\/zs\/wincenty-witos\/","name":"Wincenty Witos - Zesp\u00f3\u0142 Szk\u00f3\u0142 w Gromniku","isPartOf":{"@id":"https:\/\/zs.gromnik.pl\/zs\/#website"},"datePublished":"2016-10-27T11:54:13+00:00","dateModified":"2016-10-27T11:54:13+00:00","description":"Zesp\u00f3\u0142 Szk\u00f3\u0142 Gromnik, szko\u0142a gromnik, szko\u0142a podstawowa gromnik, przedszkole gromnik","breadcrumb":{"@id":"http:\/\/zs.gromnik.pl\/zs\/wincenty-witos\/#breadcrumb"},"inLanguage":"pl-PL","potentialAction":[{"@type":"ReadAction","target":["http:\/\/zs.gromnik.pl\/zs\/wincenty-witos\/"]}]},{"@type":"BreadcrumbList","@id":"http:\/\/zs.gromnik.pl\/zs\/wincenty-witos\/#breadcrumb","itemListElement":[{"@type":"ListItem","position":1,"name":"Strona g\u0142\u00f3wna","item":"https:\/\/zs.gromnik.pl\/zs\/"},{"@type":"ListItem","position":2,"name":"Wincenty Witos"}]},{"@type":"WebSite","@id":"https:\/\/zs.gromnik.pl\/zs\/#website","url":"https:\/\/zs.gromnik.pl\/zs\/","name":"Zesp\u00f3\u0142 Szk\u00f3\u0142 w Gromniku","description":"","potentialAction":[{"@type":"SearchAction","target":{"@type":"EntryPoint","urlTemplate":"https:\/\/zs.gromnik.pl\/zs\/?s={search_term_string}"},"query-input":"required name=search_term_string"}],"inLanguage":"pl-PL"}]}},"_links":{"self":[{"href":"http:\/\/zs.gromnik.pl\/zs\/wp-json\/wp\/v2\/pages\/359"}],"collection":[{"href":"http:\/\/zs.gromnik.pl\/zs\/wp-json\/wp\/v2\/pages"}],"about":[{"href":"http:\/\/zs.gromnik.pl\/zs\/wp-json\/wp\/v2\/types\/page"}],"author":[{"embeddable":true,"href":"http:\/\/zs.gromnik.pl\/zs\/wp-json\/wp\/v2\/users\/1"}],"replies":[{"embeddable":true,"href":"http:\/\/zs.gromnik.pl\/zs\/wp-json\/wp\/v2\/comments?post=359"}],"version-history":[{"count":1,"href":"http:\/\/zs.gromnik.pl\/zs\/wp-json\/wp\/v2\/pages\/359\/revisions"}],"predecessor-version":[{"id":361,"href":"http:\/\/zs.gromnik.pl\/zs\/wp-json\/wp\/v2\/pages\/359\/revisions\/361"}],"wp:attachment":[{"href":"http:\/\/zs.gromnik.pl\/zs\/wp-json\/wp\/v2\/media?parent=359"}],"curies":[{"name":"wp","href":"https:\/\/api.w.org\/{rel}","templated":true}]}}