{"id":5000,"date":"2020-01-03T17:28:22","date_gmt":"2020-01-03T16:28:22","guid":{"rendered":"http:\/\/www.zs.gromnik.pl\/zs\/?page_id=5000"},"modified":"2020-01-29T12:51:12","modified_gmt":"2020-01-29T11:51:12","slug":"relacje","status":"publish","type":"page","link":"http:\/\/zs.gromnik.pl\/zs\/relacje\/","title":{"rendered":"Relacje&#8230;"},"content":{"rendered":"\n<p>Odnajdziecie tu Pa\u0144stwo relacje uczestnik\u00f3w mobilno\u015bci programu POWER. Zapraszamy do lektury.<\/p>\n\n\n\n<figure class=\"wp-block-embed is-type-rich is-provider-zespol-szkol-w-gromniku\"><div class=\"wp-block-embed__wrapper\">\n<blockquote class=\"wp-embedded-content\" data-secret=\"WBdgGwsQYW\"><a href=\"http:\/\/zs.gromnik.pl\/zs\/brighton\/\">Brighton<\/a><\/blockquote><iframe class=\"wp-embedded-content\" sandbox=\"allow-scripts\" security=\"restricted\" style=\"position: absolute; clip: rect(1px, 1px, 1px, 1px);\" title=\"&#8222;Brighton&#8221; &#8212; Zesp\u00f3\u0142 Szk\u00f3\u0142 Gromnik\" src=\"http:\/\/zs.gromnik.pl\/zs\/brighton\/embed\/#?secret=WBdgGwsQYW\" data-secret=\"WBdgGwsQYW\" width=\"600\" height=\"338\" frameborder=\"0\" marginwidth=\"0\" marginheight=\"0\" scrolling=\"no\"><\/iframe>\n<\/div><figcaption>Relacja ze szkolenia w Brighton<\/figcaption><\/figure>\n\n\n\n<figure class=\"wp-block-embed aligncenter is-type-rich is-provider-zespol-szkol-w-gromniku\"><div class=\"wp-block-embed__wrapper\">\n<blockquote class=\"wp-embedded-content\" data-secret=\"ItgIuc60W3\"><a href=\"http:\/\/zs.gromnik.pl\/zs\/malta-creative-use-of-technology-in-the-classroom\/\">Malta &#8211; Creative Use of Technology in the Classroom<\/a><\/blockquote><iframe class=\"wp-embedded-content\" sandbox=\"allow-scripts\" security=\"restricted\" style=\"position: absolute; clip: rect(1px, 1px, 1px, 1px);\" title=\"&#8222;Malta &#8211; Creative Use of Technology in the Classroom&#8221; &#8212; Zesp\u00f3\u0142 Szk\u00f3\u0142 Gromnik\" src=\"http:\/\/zs.gromnik.pl\/zs\/malta-creative-use-of-technology-in-the-classroom\/embed\/#?secret=ItgIuc60W3\" data-secret=\"ItgIuc60W3\" width=\"600\" height=\"338\" frameborder=\"0\" marginwidth=\"0\" marginheight=\"0\" scrolling=\"no\"><\/iframe>\n<\/div><figcaption>Relacja ze szkolenia na Malcie<\/figcaption><\/figure>\n\n\n\n<figure class=\"wp-block-embed is-type-rich is-provider-zespol-szkol-w-gromniku\"><div class=\"wp-block-embed__wrapper\">\n<blockquote class=\"wp-embedded-content\" data-secret=\"O1MF13gNIF\"><a href=\"http:\/\/zs.gromnik.pl\/zs\/malta-kurs-jezykowy\/\">Malta &#8211; kurs metodyczny<\/a><\/blockquote><iframe class=\"wp-embedded-content\" sandbox=\"allow-scripts\" security=\"restricted\" style=\"position: absolute; clip: rect(1px, 1px, 1px, 1px);\" title=\"&#8222;Malta &#8211; kurs metodyczny&#8221; &#8212; Zesp\u00f3\u0142 Szk\u00f3\u0142 Gromnik\" src=\"http:\/\/zs.gromnik.pl\/zs\/malta-kurs-jezykowy\/embed\/#?secret=O1MF13gNIF\" data-secret=\"O1MF13gNIF\" width=\"600\" height=\"338\" frameborder=\"0\" marginwidth=\"0\" marginheight=\"0\" scrolling=\"no\"><\/iframe>\n<\/div><figcaption>Malta &#8211; kurs metodyczny<\/figcaption><\/figure>\n\n\n\n<figure class=\"wp-block-embed is-type-rich is-provider-zespol-szkol-w-gromniku\"><div class=\"wp-block-embed__wrapper\">\n<blockquote class=\"wp-embedded-content\" data-secret=\"OFJXWevCKQ\"><a href=\"http:\/\/zs.gromnik.pl\/zs\/malta-kurs-jezykowy-2\/\">Malta &#8211; kurs j\u0119zykowy<\/a><\/blockquote><iframe class=\"wp-embedded-content\" sandbox=\"allow-scripts\" security=\"restricted\" style=\"position: absolute; clip: rect(1px, 1px, 1px, 1px);\" title=\"&#8222;Malta &#8211; kurs j\u0119zykowy&#8221; &#8212; Zesp\u00f3\u0142 Szk\u00f3\u0142 Gromnik\" src=\"http:\/\/zs.gromnik.pl\/zs\/malta-kurs-jezykowy-2\/embed\/#?secret=OFJXWevCKQ\" data-secret=\"OFJXWevCKQ\" width=\"600\" height=\"338\" frameborder=\"0\" marginwidth=\"0\" marginheight=\"0\" scrolling=\"no\"><\/iframe>\n<\/div><figcaption>Malta &#8211; kurs j\u0119zykowy<\/figcaption><\/figure>\n\n\n\n<figure class=\"wp-block-embed is-type-rich is-provider-zespol-szkol-w-gromniku\"><div class=\"wp-block-embed__wrapper\">\n<blockquote class=\"wp-embedded-content\" data-secret=\"VbaQUYwJw6\"><a href=\"http:\/\/zs.gromnik.pl\/zs\/z-komputerem-za-pan-brat-w-dusseldorfie\/\">Z komputerem za pan brat w D\u00fcsseldorfie<\/a><\/blockquote><iframe class=\"wp-embedded-content\" sandbox=\"allow-scripts\" security=\"restricted\" style=\"position: absolute; clip: rect(1px, 1px, 1px, 1px);\" title=\"&#8222;Z komputerem za pan brat w D\u00fcsseldorfie&#8221; &#8212; Zesp\u00f3\u0142 Szk\u00f3\u0142 Gromnik\" src=\"http:\/\/zs.gromnik.pl\/zs\/z-komputerem-za-pan-brat-w-dusseldorfie\/embed\/#?secret=VbaQUYwJw6\" data-secret=\"VbaQUYwJw6\" width=\"600\" height=\"338\" frameborder=\"0\" marginwidth=\"0\" marginheight=\"0\" scrolling=\"no\"><\/iframe>\n<\/div><figcaption>Mobilno\u015b\u0107 w Dusseldorfie<\/figcaption><\/figure>\n\n\n\n<figure class=\"wp-block-embed is-type-rich is-provider-zespol-szkol-w-gromniku\"><div class=\"wp-block-embed__wrapper\">\n<blockquote class=\"wp-embedded-content\" data-secret=\"vYDyPN8cw5\"><a href=\"http:\/\/zs.gromnik.pl\/zs\/language-methodology-and-culture\/\">Language, Methodology and Culture.<\/a><\/blockquote><iframe class=\"wp-embedded-content\" sandbox=\"allow-scripts\" security=\"restricted\" style=\"position: absolute; clip: rect(1px, 1px, 1px, 1px);\" title=\"&#8222;Language, Methodology and Culture.&#8221; &#8212; Zesp\u00f3\u0142 Szk\u00f3\u0142 Gromnik\" src=\"http:\/\/zs.gromnik.pl\/zs\/language-methodology-and-culture\/embed\/#?secret=vYDyPN8cw5\" data-secret=\"vYDyPN8cw5\" width=\"600\" height=\"338\" frameborder=\"0\" marginwidth=\"0\" marginheight=\"0\" scrolling=\"no\"><\/iframe>\n<\/div><\/figure>\n\n\n\n<figure class=\"wp-block-embed is-type-rich is-provider-zespol-szkol-w-gromniku\"><div class=\"wp-block-embed__wrapper\">\n<blockquote class=\"wp-embedded-content\" data-secret=\"Xqpfp59K4Z\"><a href=\"http:\/\/zs.gromnik.pl\/zs\/regensburg-i-nauka-jezyka-niemieckiego\/\">Regensburg i nauka j\u0119zyka niemieckiego.<\/a><\/blockquote><iframe class=\"wp-embedded-content\" sandbox=\"allow-scripts\" security=\"restricted\" style=\"position: absolute; clip: rect(1px, 1px, 1px, 1px);\" title=\"&#8222;Regensburg i nauka j\u0119zyka niemieckiego.&#8221; &#8212; Zesp\u00f3\u0142 Szk\u00f3\u0142 Gromnik\" src=\"http:\/\/zs.gromnik.pl\/zs\/regensburg-i-nauka-jezyka-niemieckiego\/embed\/#?secret=Xqpfp59K4Z\" data-secret=\"Xqpfp59K4Z\" width=\"600\" height=\"338\" frameborder=\"0\" marginwidth=\"0\" marginheight=\"0\" scrolling=\"no\"><\/iframe>\n<\/div><figcaption>Regensburg i j\u0119zyk niemiecki<\/figcaption><\/figure>\n","protected":false},"excerpt":{"rendered":"<p>Odnajdziecie tu Pa\u0144stwo relacje uczestnik\u00f3w mobilno\u015bci programu POWER. Zapraszamy do lektury.<\/p>\n","protected":false},"author":6,"featured_media":0,"parent":0,"menu_order":0,"comment_status":"closed","ping_status":"closed","template":"","meta":[],"yoast_head":"<!-- This site is optimized with the Yoast SEO plugin v19.8 - https:\/\/yoast.com\/wordpress\/plugins\/seo\/ -->\n<title>Relacje... - Zesp\u00f3\u0142 Szk\u00f3\u0142 w Gromniku<\/title>\n<meta name=\"description\" content=\"Zesp\u00f3\u0142 Szk\u00f3\u0142 Gromnik, szko\u0142a gromnik, szko\u0142a podstawowa gromnik, przedszkole gromnik\" \/>\n<meta name=\"robots\" content=\"index, follow, max-snippet:-1, max-image-preview:large, max-video-preview:-1\" \/>\n<link rel=\"canonical\" href=\"http:\/\/zs.gromnik.pl\/zs\/relacje\/\" \/>\n<meta property=\"og:locale\" content=\"pl_PL\" \/>\n<meta property=\"og:type\" content=\"article\" \/>\n<meta property=\"og:title\" content=\"Relacje... - Zesp\u00f3\u0142 Szk\u00f3\u0142 w Gromniku\" \/>\n<meta property=\"og:description\" content=\"Zesp\u00f3\u0142 Szk\u00f3\u0142 Gromnik, szko\u0142a gromnik, szko\u0142a podstawowa gromnik, przedszkole gromnik\" \/>\n<meta property=\"og:url\" content=\"http:\/\/zs.gromnik.pl\/zs\/relacje\/\" \/>\n<meta property=\"og:site_name\" content=\"Zesp\u00f3\u0142 Szk\u00f3\u0142 w Gromniku\" \/>\n<meta property=\"article:publisher\" content=\"https:\/\/www.facebook.com\/zsgromnik\" \/>\n<meta property=\"article:modified_time\" content=\"2020-01-29T11:51:12+00:00\" \/>\n<meta name=\"twitter:card\" content=\"summary_large_image\" \/>\n<script type=\"application\/ld+json\" class=\"yoast-schema-graph\">{\"@context\":\"https:\/\/schema.org\",\"@graph\":[{\"@type\":\"WebPage\",\"@id\":\"http:\/\/zs.gromnik.pl\/zs\/relacje\/\",\"url\":\"http:\/\/zs.gromnik.pl\/zs\/relacje\/\",\"name\":\"Relacje... - Zesp\u00f3\u0142 Szk\u00f3\u0142 w Gromniku\",\"isPartOf\":{\"@id\":\"https:\/\/zs.gromnik.pl\/zs\/#website\"},\"datePublished\":\"2020-01-03T16:28:22+00:00\",\"dateModified\":\"2020-01-29T11:51:12+00:00\",\"description\":\"Zesp\u00f3\u0142 Szk\u00f3\u0142 Gromnik, szko\u0142a gromnik, szko\u0142a podstawowa gromnik, przedszkole gromnik\",\"breadcrumb\":{\"@id\":\"http:\/\/zs.gromnik.pl\/zs\/relacje\/#breadcrumb\"},\"inLanguage\":\"pl-PL\",\"potentialAction\":[{\"@type\":\"ReadAction\",\"target\":[\"http:\/\/zs.gromnik.pl\/zs\/relacje\/\"]}]},{\"@type\":\"BreadcrumbList\",\"@id\":\"http:\/\/zs.gromnik.pl\/zs\/relacje\/#breadcrumb\",\"itemListElement\":[{\"@type\":\"ListItem\",\"position\":1,\"name\":\"Strona g\u0142\u00f3wna\",\"item\":\"https:\/\/zs.gromnik.pl\/zs\/\"},{\"@type\":\"ListItem\",\"position\":2,\"name\":\"Relacje&#8230;\"}]},{\"@type\":\"WebSite\",\"@id\":\"https:\/\/zs.gromnik.pl\/zs\/#website\",\"url\":\"https:\/\/zs.gromnik.pl\/zs\/\",\"name\":\"Zesp\u00f3\u0142 Szk\u00f3\u0142 w Gromniku\",\"description\":\"\",\"potentialAction\":[{\"@type\":\"SearchAction\",\"target\":{\"@type\":\"EntryPoint\",\"urlTemplate\":\"https:\/\/zs.gromnik.pl\/zs\/?s={search_term_string}\"},\"query-input\":\"required name=search_term_string\"}],\"inLanguage\":\"pl-PL\"}]}<\/script>\n<!-- \/ Yoast SEO plugin. -->","yoast_head_json":{"title":"Relacje... - Zesp\u00f3\u0142 Szk\u00f3\u0142 w Gromniku","description":"Zesp\u00f3\u0142 Szk\u00f3\u0142 Gromnik, szko\u0142a gromnik, szko\u0142a podstawowa gromnik, przedszkole gromnik","robots":{"index":"index","follow":"follow","max-snippet":"max-snippet:-1","max-image-preview":"max-image-preview:large","max-video-preview":"max-video-preview:-1"},"canonical":"http:\/\/zs.gromnik.pl\/zs\/relacje\/","og_locale":"pl_PL","og_type":"article","og_title":"Relacje... - Zesp\u00f3\u0142 Szk\u00f3\u0142 w Gromniku","og_description":"Zesp\u00f3\u0142 Szk\u00f3\u0142 Gromnik, szko\u0142a gromnik, szko\u0142a podstawowa gromnik, przedszkole gromnik","og_url":"http:\/\/zs.gromnik.pl\/zs\/relacje\/","og_site_name":"Zesp\u00f3\u0142 Szk\u00f3\u0142 w Gromniku","article_publisher":"https:\/\/www.facebook.com\/zsgromnik","article_modified_time":"2020-01-29T11:51:12+00:00","twitter_card":"summary_large_image","schema":{"@context":"https:\/\/schema.org","@graph":[{"@type":"WebPage","@id":"http:\/\/zs.gromnik.pl\/zs\/relacje\/","url":"http:\/\/zs.gromnik.pl\/zs\/relacje\/","name":"Relacje... - Zesp\u00f3\u0142 Szk\u00f3\u0142 w Gromniku","isPartOf":{"@id":"https:\/\/zs.gromnik.pl\/zs\/#website"},"datePublished":"2020-01-03T16:28:22+00:00","dateModified":"2020-01-29T11:51:12+00:00","description":"Zesp\u00f3\u0142 Szk\u00f3\u0142 Gromnik, szko\u0142a gromnik, szko\u0142a podstawowa gromnik, przedszkole gromnik","breadcrumb":{"@id":"http:\/\/zs.gromnik.pl\/zs\/relacje\/#breadcrumb"},"inLanguage":"pl-PL","potentialAction":[{"@type":"ReadAction","target":["http:\/\/zs.gromnik.pl\/zs\/relacje\/"]}]},{"@type":"BreadcrumbList","@id":"http:\/\/zs.gromnik.pl\/zs\/relacje\/#breadcrumb","itemListElement":[{"@type":"ListItem","position":1,"name":"Strona g\u0142\u00f3wna","item":"https:\/\/zs.gromnik.pl\/zs\/"},{"@type":"ListItem","position":2,"name":"Relacje&#8230;"}]},{"@type":"WebSite","@id":"https:\/\/zs.gromnik.pl\/zs\/#website","url":"https:\/\/zs.gromnik.pl\/zs\/","name":"Zesp\u00f3\u0142 Szk\u00f3\u0142 w Gromniku","description":"","potentialAction":[{"@type":"SearchAction","target":{"@type":"EntryPoint","urlTemplate":"https:\/\/zs.gromnik.pl\/zs\/?s={search_term_string}"},"query-input":"required name=search_term_string"}],"inLanguage":"pl-PL"}]}},"_links":{"self":[{"href":"http:\/\/zs.gromnik.pl\/zs\/wp-json\/wp\/v2\/pages\/5000"}],"collection":[{"href":"http:\/\/zs.gromnik.pl\/zs\/wp-json\/wp\/v2\/pages"}],"about":[{"href":"http:\/\/zs.gromnik.pl\/zs\/wp-json\/wp\/v2\/types\/page"}],"author":[{"embeddable":true,"href":"http:\/\/zs.gromnik.pl\/zs\/wp-json\/wp\/v2\/users\/6"}],"replies":[{"embeddable":true,"href":"http:\/\/zs.gromnik.pl\/zs\/wp-json\/wp\/v2\/comments?post=5000"}],"version-history":[{"count":11,"href":"http:\/\/zs.gromnik.pl\/zs\/wp-json\/wp\/v2\/pages\/5000\/revisions"}],"predecessor-version":[{"id":5198,"href":"http:\/\/zs.gromnik.pl\/zs\/wp-json\/wp\/v2\/pages\/5000\/revisions\/5198"}],"wp:attachment":[{"href":"http:\/\/zs.gromnik.pl\/zs\/wp-json\/wp\/v2\/media?parent=5000"}],"curies":[{"name":"wp","href":"https:\/\/api.w.org\/{rel}","templated":true}]}}