{"id":505,"date":"2016-11-07T14:21:56","date_gmt":"2016-11-07T13:21:56","guid":{"rendered":"http:\/\/www.zs.gromnik.pl\/zs\/?page_id=505"},"modified":"2016-11-07T14:21:56","modified_gmt":"2016-11-07T13:21:56","slug":"informacje","status":"publish","type":"page","link":"http:\/\/zs.gromnik.pl\/zs\/informacje\/","title":{"rendered":"Informacje"},"content":{"rendered":"<p class=\"padbot1\" style=\"text-align: justify;\"><span style=\"font-family: 'book antiqua', palatino, serif; font-size: 16px;\"><strong><img loading=\"lazy\" class=\"alignleft wp-image-506 size-full\" src=\"http:\/\/www.zs.gromnik.pl\/zs\/wp-content\/uploads\/2016\/11\/erazmus1.jpg\" alt=\"erazmus1\" width=\"153\" height=\"44\" srcset=\"http:\/\/zs.gromnik.pl\/zs\/wp-content\/uploads\/2016\/11\/erazmus1.jpg 153w, http:\/\/zs.gromnik.pl\/zs\/wp-content\/uploads\/2016\/11\/erazmus1-150x44.jpg 150w\" sizes=\"(max-width: 153px) 100vw, 153px\" \/>Erasmus+ jest nowym programem Unii Europejskiej na rzecz kszta\u0142cenia, szkolenia, m\u0142odzie\u017cy i sportu na lata 2014-2020.<\/strong><strong>Z<\/strong>ast\u0105pi\u0142 on dotychczasowe programy:\u00a0 \u201eUczenie si\u0119 przez ca\u0142e \u017cycie\u201d (oraz jego programy sektorowe \u2013 Erasmus, Leonardo da Vinci, Comenius i Grundtvig), akcj\u0119 Jean Monnet, program \u201eM\u0142odzie\u017c w dzia\u0142aniu\u201d oraz pi\u0119\u0107 innych program\u00f3w (m.in. Erasmus Mundus i Tempus). Erasmus+ oferuje wsparcie finansowe dla instytucji i organizacji dzia\u0142aj\u0105cych w obszarze edukacji i szkole\u0144, m\u0142odzie\u017cy oraz sportu w Europie. Ma si\u0119 przyczynia\u0107 do rozwijania umiej\u0119tno\u015bci jego uczestnik\u00f3w oraz zwi\u0119kszania ich szans na zatrudnienie, a tak\u017ce modernizacji system\u00f3w edukacji, szkole\u0144 i wspierania m\u0142odzie\u017cy.<\/span><\/p>\n<p style=\"text-align: justify;\"><span style=\"font-family: 'book antiqua', palatino, serif; font-size: 16px;\">Celem programu Erasmus+ jest poprawa jako\u015bci i zwi\u0119kszenie przydatno\u015bci kwalifikacji i umiej\u0119tno\u015bci. Dwie trzecie \u015brodk\u00f3w finansowych programu zostanie przeznaczonych na stypendia dla ponad 4 milion\u00f3w os\u00f3b, kt\u00f3re w latach 2014-2020 wyjad\u0105 za granic\u0119, aby si\u0119 uczy\u0107, szkoli\u0107, pracowa\u0107 lub dzia\u0142a\u0107 jako wolontariusze.<\/span><\/p>\n<p style=\"text-align: justify;\"><span style=\"font-family: 'book antiqua', palatino, serif; font-size: 16px;\">Erasmus+ jest otwarty dla student\u00f3w, nauczycieli, praktykant\u00f3w, wolontariuszy, os\u00f3b pracuj\u0105cych z m\u0142odzie\u017c\u0105 i dzia\u0142aj\u0105cych na rzecz sportu masowego. Program zapewni te\u017c finansowanie partnerstw mi\u0119dzy plac\u00f3wkami edukacyjnymi, organizacjami m\u0142odzie\u017cowymi, przedsi\u0119biorstwami, organami lokalnymi i regionalnymi oraz organizacjami pozarz\u0105dowymi. Wspierane b\u0119d\u0105 r\u00f3wnie\u017c reformy w pa\u0144stwach cz\u0142onkowskich maj\u0105ce na celu modernizacj\u0119 kszta\u0142cenia i szkolenia oraz promowanie innowacji, przedsi\u0119biorczo\u015bci i mo\u017cliwo\u015bci zatrudnienia.<\/span><\/p>\n<p style=\"text-align: justify;\"><span style=\"font-family: 'book antiqua', palatino, serif; font-size: 16px;\">Nasza szko\u0142a z\u0142o\u017cy\u0142a w marcu 2014 r. wniosek o dofinansowanie projektu \u201ePoszerzanie horyzont\u00f3w z Erasmusem Plus\u201d, kt\u00f3ry zosta\u0142 zaakceptowany przez Agencj\u0119 Narodow\u0105 w Warszawie. Projekt b\u0119dzie realizowany do ko\u0144ca grudnia 2016. W tym czasie nauczyciele z naszej szko\u0142y b\u0119d\u0105 uczestniczy\u0107 w r\u00f3\u017cnorodnych szkoleniach w Wielkiej Brytanii oraz w Niemczech. Ma im to umo\u017cliwi\u0107 podniesienie kompetencji, a w konsekwencji zapewni\u0107 rozw\u00f3j oferty edukacyjnej naszej plac\u00f3wki i lepsz\u0105 wsp\u00f3\u0142prac\u0119 mi\u0119dzynarodow\u0105. W projekcie bierze udzia\u0142 13 uczestnik\u00f3w: 4 j\u0119zykowc\u00f3w, 8 nauczycieli przedmiotowc\u00f3w oraz przedstawiciel kadry kierowniczej. Nauczyciele reprezentuj\u0105 nast\u0119puj\u0105ce przedmioty: historia, wiedza o spo\u0142ecze\u0144stwie, biologia, chemia, przyroda, matematyka, zaj\u0119cia artystyczne, wychowanie fizyczne, j\u0119zyk polski, j\u0119zyk angielski oraz j\u0119zyk niemiecki. Nauczyciele j\u0119zyk\u00f3w obcych wzi\u0119li udzia\u0142 w kursach metodyczno &#8211; j\u0119zykowych, natomiast nauczyciele przedmiot\u00f3w og\u00f3lnokszta\u0142c\u0105cych w szkoleniach dotycz\u0105cych nauczania w systemie CLIL (Content and Language Integrated Learning). Czterech z nich uczestniczy\u0142o najpierw w kursie j\u0119zykowym, przygotowuj\u0105cym do udzia\u0142u w szkoleniu metodycznym. Jedna osoba wyjedzie w przysz\u0142ym roku na szkolenie kadry kierowniczej. \u00a0W sumie 12 nauczycieli skorzysta\u0142o lub skorzysta ze szkole\u0144 w Wielkiej Brytanii, a 1 nauczycielka by\u0142a na seminarium metodycznym w \u00a0Niemczech.<\/span><\/p>\n<p style=\"text-align: justify;\"><span style=\"font-family: 'book antiqua', palatino, serif; font-size: 16px;\">Celem nadrz\u0119dnym projektu jest przygotowanie do nauczania metod\u0105 CLIL na wybranych przedmiotach oraz poznanie najnowszych metod i technik nauczania j\u0119zyka angielskiego i niemieckiego.<\/span><\/p>\n<p style=\"text-align: justify;\"><span style=\"font-family: 'book antiqua', palatino, serif; font-size: 16px;\">Inne wa\u017cne cele to: podniesienie umiej\u0119tno\u015bci j\u0119zykowych, d\u0105\u017cenie do wieloj\u0119zyczno\u015bci, pozyskanie nowych sposob\u00f3w motywowania uczni\u00f3w, rozwini\u0119cie umiej\u0119tno\u015bci ciekawego prowadzenia zaj\u0119\u0107, rozwijanie kreatywno\u015bci i innowacyjno\u015bci, lepsze zrozumienie zachowa\u0144 uczni\u00f3w, nabycie wiedzy z zakresu geografii, historii, kultury, sztuki, polityki, problem\u00f3w spo\u0142ecznych danego kraju, poszerzanie horyzont\u00f3w i \u015bwiatopogl\u0105du, uczenie si\u0119 tolerancji, otwarto\u015bci wobec innych kultur i narod\u00f3w,\u00a0 poznanie r\u00f3\u017cnorodnych system\u00f3w edukacji w Europie, nawi\u0105zanie wsp\u00f3\u0142pracy z partnerami zagranicznymi do mi\u0119dzynarodowych projekt\u00f3w i wymian, poznanie warunk\u00f3w i zasad funkcjonowania zagranicznych plac\u00f3wek, struktury i sposob\u00f3w zarz\u0105dzania, wymian\u0119 do\u015bwiadcze\u0144 z nauczycielami z innych kraj\u00f3w europejskich oraz kadr\u0105 zarz\u0105dzaj\u0105c\u0105, zwr\u00f3cenie wi\u0119kszej uwagi na szanse, jakie daje mobilno\u015b\u0107 edukacyjna i rozpowszechnianie tej idei w\u015br\u00f3d uczni\u00f3w i pedagog\u00f3w, propagowanie idei uczenia si\u0119 przez ca\u0142e \u017cycie.<\/span><\/p>\n<p style=\"text-align: justify;\" align=\"right\"><span style=\"font-family: 'book antiqua', palatino, serif; font-size: 16px;\">\u00a0 \u00a0 \u00a0 \u00a0 \u00a0 \u00a0 \u00a0 \u00a0 \u00a0 \u00a0 \u00a0 \u00a0 \u00a0 \u00a0 \u00a0 \u00a0 \u00a0 \u00a0 \u00a0 \u00a0 \u00a0 \u00a0 \u00a0 \u00a0 \u00a0 \u00a0 \u00a0 \u00a0 \u00a0 \u00a0 \u00a0 \u00a0 \u00a0 \u00a0 \u00a0 \u00a0 \u00a0 \u00a0 \u00a0 \u00a0 \u00a0 \u00a0 \u00a0 \u00a0 \u00a0 \u00a0 \u00a0 \u00a0 \u00a0 \u00a0 \u00a0 \u00a0 \u00a0 \u00a0 \u00a0 \u00a0 \u00a0 \u00a0 \u00a0 \u00a0 \u00a0 \u00a0 \u00a0 \u00a0 \u00a0 \u00a0 \u00a0 \u00a0 \u00a0 \u00a0 \u00a0 \u00a0 M. Starzyk<\/span><\/p>\n","protected":false},"excerpt":{"rendered":"<p>Erasmus+ jest nowym programem Unii Europejskiej na rzecz kszta\u0142cenia, szkolenia, m\u0142odzie\u017cy i sportu na lata 2014-2020.Zast\u0105pi\u0142 on dotychczasowe programy:\u00a0 \u201eUczenie si\u0119 przez ca\u0142e \u017cycie\u201d (oraz jego programy sektorowe \u2013 Erasmus, Leonardo da Vinci, Comenius i Grundtvig), akcj\u0119 Jean Monnet, program \u201eM\u0142odzie\u017c w dzia\u0142aniu\u201d oraz pi\u0119\u0107 innych program\u00f3w (m.in. Erasmus Mundus i Tempus). Erasmus+ oferuje wsparcie finansowe dla instytucji i organizacji dzia\u0142aj\u0105cych w obszarze edukacji i szkole\u0144, m\u0142odzie\u017cy oraz sportu w Europie. Ma si\u0119 przyczynia\u0107 do rozwijania umiej\u0119tno\u015bci jego uczestnik\u00f3w oraz zwi\u0119kszania ich szans na zatrudnienie, a tak\u017ce modernizacji system\u00f3w edukacji, szkole\u0144 i wspierania m\u0142odzie\u017cy. Celem programu Erasmus+ jest poprawa jako\u015bci i zwi\u0119kszenie przydatno\u015bci kwalifikacji i umiej\u0119tno\u015bci. Dwie trzecie \u015brodk\u00f3w finansowych programu zostanie przeznaczonych na stypendia dla ponad 4 milion\u00f3w os\u00f3b, kt\u00f3re w latach 2014-2020 wyjad\u0105 za granic\u0119, aby si\u0119 uczy\u0107, szkoli\u0107, pracowa\u0107 lub dzia\u0142a\u0107 jako wolontariusze. Erasmus+ jest otwarty dla student\u00f3w, nauczycieli, praktykant\u00f3w, wolontariuszy, os\u00f3b pracuj\u0105cych z m\u0142odzie\u017c\u0105 i dzia\u0142aj\u0105cych na rzecz sportu masowego. Program zapewni te\u017c finansowanie partnerstw mi\u0119dzy plac\u00f3wkami edukacyjnymi, organizacjami m\u0142odzie\u017cowymi, przedsi\u0119biorstwami, organami lokalnymi i regionalnymi oraz organizacjami pozarz\u0105dowymi. Wspierane b\u0119d\u0105 r\u00f3wnie\u017c reformy w pa\u0144stwach cz\u0142onkowskich maj\u0105ce na celu modernizacj\u0119 kszta\u0142cenia i szkolenia oraz promowanie innowacji, przedsi\u0119biorczo\u015bci i mo\u017cliwo\u015bci zatrudnienia. Nasza szko\u0142a z\u0142o\u017cy\u0142a w marcu 2014 r. wniosek o dofinansowanie projektu \u201ePoszerzanie horyzont\u00f3w z Erasmusem Plus\u201d, kt\u00f3ry zosta\u0142 zaakceptowany przez Agencj\u0119 Narodow\u0105 w Warszawie. Projekt b\u0119dzie realizowany do ko\u0144ca grudnia 2016. W tym czasie nauczyciele z naszej szko\u0142y b\u0119d\u0105 uczestniczy\u0107 w r\u00f3\u017cnorodnych szkoleniach w Wielkiej Brytanii oraz w Niemczech. Ma im to umo\u017cliwi\u0107 podniesienie kompetencji, a w konsekwencji zapewni\u0107 rozw\u00f3j oferty edukacyjnej naszej plac\u00f3wki i lepsz\u0105 wsp\u00f3\u0142prac\u0119 mi\u0119dzynarodow\u0105. W projekcie bierze udzia\u0142 13 uczestnik\u00f3w: 4 j\u0119zykowc\u00f3w, 8 nauczycieli przedmiotowc\u00f3w oraz przedstawiciel kadry kierowniczej. Nauczyciele reprezentuj\u0105 nast\u0119puj\u0105ce przedmioty: historia, wiedza o spo\u0142ecze\u0144stwie, biologia, chemia, przyroda, matematyka, zaj\u0119cia artystyczne, wychowanie fizyczne, j\u0119zyk polski, j\u0119zyk angielski oraz j\u0119zyk niemiecki. Nauczyciele j\u0119zyk\u00f3w obcych wzi\u0119li udzia\u0142 w kursach metodyczno &#8211; j\u0119zykowych, natomiast nauczyciele przedmiot\u00f3w og\u00f3lnokszta\u0142c\u0105cych w szkoleniach dotycz\u0105cych nauczania w systemie CLIL (Content and Language Integrated Learning). Czterech z nich uczestniczy\u0142o najpierw w kursie j\u0119zykowym, przygotowuj\u0105cym do udzia\u0142u w szkoleniu metodycznym. Jedna osoba wyjedzie w przysz\u0142ym roku na szkolenie kadry kierowniczej. \u00a0W sumie 12 nauczycieli skorzysta\u0142o lub skorzysta ze szkole\u0144 w Wielkiej Brytanii, a 1 nauczycielka by\u0142a na seminarium metodycznym w \u00a0Niemczech. Celem nadrz\u0119dnym projektu jest przygotowanie do nauczania metod\u0105 CLIL na wybranych przedmiotach oraz poznanie najnowszych metod i technik nauczania j\u0119zyka angielskiego i niemieckiego. Inne wa\u017cne cele to: podniesienie umiej\u0119tno\u015bci j\u0119zykowych, d\u0105\u017cenie do wieloj\u0119zyczno\u015bci, pozyskanie nowych sposob\u00f3w motywowania uczni\u00f3w, rozwini\u0119cie umiej\u0119tno\u015bci ciekawego prowadzenia zaj\u0119\u0107, rozwijanie kreatywno\u015bci i innowacyjno\u015bci, lepsze zrozumienie zachowa\u0144 uczni\u00f3w, nabycie wiedzy z zakresu geografii, historii, kultury, sztuki, polityki, problem\u00f3w spo\u0142ecznych danego kraju, poszerzanie horyzont\u00f3w i \u015bwiatopogl\u0105du, uczenie si\u0119 tolerancji, otwarto\u015bci wobec innych kultur i narod\u00f3w,\u00a0 poznanie r\u00f3\u017cnorodnych system\u00f3w edukacji w Europie, nawi\u0105zanie wsp\u00f3\u0142pracy z partnerami zagranicznymi do mi\u0119dzynarodowych projekt\u00f3w i wymian, poznanie warunk\u00f3w i zasad funkcjonowania zagranicznych plac\u00f3wek, struktury i sposob\u00f3w zarz\u0105dzania, wymian\u0119 do\u015bwiadcze\u0144 z nauczycielami z innych kraj\u00f3w europejskich oraz kadr\u0105 zarz\u0105dzaj\u0105c\u0105, zwr\u00f3cenie wi\u0119kszej uwagi na szanse, jakie daje mobilno\u015b\u0107 edukacyjna i rozpowszechnianie tej idei w\u015br\u00f3d uczni\u00f3w i pedagog\u00f3w, propagowanie idei uczenia si\u0119 przez ca\u0142e \u017cycie. \u00a0 \u00a0 \u00a0 \u00a0 \u00a0 \u00a0 \u00a0 \u00a0 \u00a0 \u00a0 \u00a0 \u00a0 \u00a0 \u00a0 \u00a0 \u00a0 \u00a0 \u00a0 \u00a0 \u00a0 \u00a0 \u00a0 \u00a0 \u00a0 \u00a0 \u00a0 \u00a0 \u00a0 \u00a0 \u00a0 \u00a0 \u00a0 \u00a0 \u00a0 \u00a0 \u00a0 \u00a0 \u00a0 \u00a0 \u00a0 \u00a0 \u00a0 \u00a0 \u00a0 \u00a0 \u00a0 \u00a0 \u00a0 \u00a0 \u00a0 \u00a0 \u00a0 \u00a0 \u00a0 \u00a0 \u00a0 \u00a0 \u00a0 \u00a0 \u00a0 \u00a0 \u00a0 \u00a0 \u00a0 \u00a0 \u00a0 \u00a0 \u00a0 \u00a0 \u00a0 \u00a0 \u00a0 M. Starzyk<\/p>\n","protected":false},"author":1,"featured_media":0,"parent":0,"menu_order":0,"comment_status":"closed","ping_status":"closed","template":"","meta":[],"yoast_head":"<!-- This site is optimized with the Yoast SEO plugin v19.8 - https:\/\/yoast.com\/wordpress\/plugins\/seo\/ -->\n<title>Informacje - Zesp\u00f3\u0142 Szk\u00f3\u0142 w Gromniku<\/title>\n<meta name=\"description\" content=\"Zesp\u00f3\u0142 Szk\u00f3\u0142 Gromnik, szko\u0142a gromnik, szko\u0142a podstawowa gromnik, przedszkole gromnik\" \/>\n<meta name=\"robots\" content=\"index, follow, max-snippet:-1, max-image-preview:large, max-video-preview:-1\" \/>\n<link rel=\"canonical\" href=\"http:\/\/zs.gromnik.pl\/zs\/informacje\/\" \/>\n<meta property=\"og:locale\" content=\"pl_PL\" \/>\n<meta property=\"og:type\" content=\"article\" \/>\n<meta property=\"og:title\" content=\"Informacje - Zesp\u00f3\u0142 Szk\u00f3\u0142 w Gromniku\" \/>\n<meta property=\"og:description\" content=\"Zesp\u00f3\u0142 Szk\u00f3\u0142 Gromnik, szko\u0142a gromnik, szko\u0142a podstawowa gromnik, przedszkole gromnik\" \/>\n<meta property=\"og:url\" content=\"http:\/\/zs.gromnik.pl\/zs\/informacje\/\" \/>\n<meta property=\"og:site_name\" content=\"Zesp\u00f3\u0142 Szk\u00f3\u0142 w Gromniku\" \/>\n<meta property=\"article:publisher\" content=\"https:\/\/www.facebook.com\/zsgromnik\" \/>\n<meta property=\"og:image\" content=\"http:\/\/www.zs.gromnik.pl\/zs\/wp-content\/uploads\/2016\/11\/erazmus1.jpg\" \/>\n<meta name=\"twitter:card\" content=\"summary_large_image\" \/>\n<meta name=\"twitter:label1\" content=\"Szacowany czas czytania\" \/>\n\t<meta name=\"twitter:data1\" content=\"3 minuty\" \/>\n<script type=\"application\/ld+json\" class=\"yoast-schema-graph\">{\"@context\":\"https:\/\/schema.org\",\"@graph\":[{\"@type\":\"WebPage\",\"@id\":\"http:\/\/zs.gromnik.pl\/zs\/informacje\/\",\"url\":\"http:\/\/zs.gromnik.pl\/zs\/informacje\/\",\"name\":\"Informacje - Zesp\u00f3\u0142 Szk\u00f3\u0142 w Gromniku\",\"isPartOf\":{\"@id\":\"https:\/\/zs.gromnik.pl\/zs\/#website\"},\"datePublished\":\"2016-11-07T13:21:56+00:00\",\"dateModified\":\"2016-11-07T13:21:56+00:00\",\"description\":\"Zesp\u00f3\u0142 Szk\u00f3\u0142 Gromnik, szko\u0142a gromnik, szko\u0142a podstawowa gromnik, przedszkole gromnik\",\"breadcrumb\":{\"@id\":\"http:\/\/zs.gromnik.pl\/zs\/informacje\/#breadcrumb\"},\"inLanguage\":\"pl-PL\",\"potentialAction\":[{\"@type\":\"ReadAction\",\"target\":[\"http:\/\/zs.gromnik.pl\/zs\/informacje\/\"]}]},{\"@type\":\"BreadcrumbList\",\"@id\":\"http:\/\/zs.gromnik.pl\/zs\/informacje\/#breadcrumb\",\"itemListElement\":[{\"@type\":\"ListItem\",\"position\":1,\"name\":\"Strona g\u0142\u00f3wna\",\"item\":\"https:\/\/zs.gromnik.pl\/zs\/\"},{\"@type\":\"ListItem\",\"position\":2,\"name\":\"Informacje\"}]},{\"@type\":\"WebSite\",\"@id\":\"https:\/\/zs.gromnik.pl\/zs\/#website\",\"url\":\"https:\/\/zs.gromnik.pl\/zs\/\",\"name\":\"Zesp\u00f3\u0142 Szk\u00f3\u0142 w Gromniku\",\"description\":\"\",\"potentialAction\":[{\"@type\":\"SearchAction\",\"target\":{\"@type\":\"EntryPoint\",\"urlTemplate\":\"https:\/\/zs.gromnik.pl\/zs\/?s={search_term_string}\"},\"query-input\":\"required name=search_term_string\"}],\"inLanguage\":\"pl-PL\"}]}<\/script>\n<!-- \/ Yoast SEO plugin. -->","yoast_head_json":{"title":"Informacje - Zesp\u00f3\u0142 Szk\u00f3\u0142 w Gromniku","description":"Zesp\u00f3\u0142 Szk\u00f3\u0142 Gromnik, szko\u0142a gromnik, szko\u0142a podstawowa gromnik, przedszkole gromnik","robots":{"index":"index","follow":"follow","max-snippet":"max-snippet:-1","max-image-preview":"max-image-preview:large","max-video-preview":"max-video-preview:-1"},"canonical":"http:\/\/zs.gromnik.pl\/zs\/informacje\/","og_locale":"pl_PL","og_type":"article","og_title":"Informacje - Zesp\u00f3\u0142 Szk\u00f3\u0142 w Gromniku","og_description":"Zesp\u00f3\u0142 Szk\u00f3\u0142 Gromnik, szko\u0142a gromnik, szko\u0142a podstawowa gromnik, przedszkole gromnik","og_url":"http:\/\/zs.gromnik.pl\/zs\/informacje\/","og_site_name":"Zesp\u00f3\u0142 Szk\u00f3\u0142 w Gromniku","article_publisher":"https:\/\/www.facebook.com\/zsgromnik","og_image":[{"url":"http:\/\/www.zs.gromnik.pl\/zs\/wp-content\/uploads\/2016\/11\/erazmus1.jpg"}],"twitter_card":"summary_large_image","twitter_misc":{"Szacowany czas czytania":"3 minuty"},"schema":{"@context":"https:\/\/schema.org","@graph":[{"@type":"WebPage","@id":"http:\/\/zs.gromnik.pl\/zs\/informacje\/","url":"http:\/\/zs.gromnik.pl\/zs\/informacje\/","name":"Informacje - Zesp\u00f3\u0142 Szk\u00f3\u0142 w Gromniku","isPartOf":{"@id":"https:\/\/zs.gromnik.pl\/zs\/#website"},"datePublished":"2016-11-07T13:21:56+00:00","dateModified":"2016-11-07T13:21:56+00:00","description":"Zesp\u00f3\u0142 Szk\u00f3\u0142 Gromnik, szko\u0142a gromnik, szko\u0142a podstawowa gromnik, przedszkole gromnik","breadcrumb":{"@id":"http:\/\/zs.gromnik.pl\/zs\/informacje\/#breadcrumb"},"inLanguage":"pl-PL","potentialAction":[{"@type":"ReadAction","target":["http:\/\/zs.gromnik.pl\/zs\/informacje\/"]}]},{"@type":"BreadcrumbList","@id":"http:\/\/zs.gromnik.pl\/zs\/informacje\/#breadcrumb","itemListElement":[{"@type":"ListItem","position":1,"name":"Strona g\u0142\u00f3wna","item":"https:\/\/zs.gromnik.pl\/zs\/"},{"@type":"ListItem","position":2,"name":"Informacje"}]},{"@type":"WebSite","@id":"https:\/\/zs.gromnik.pl\/zs\/#website","url":"https:\/\/zs.gromnik.pl\/zs\/","name":"Zesp\u00f3\u0142 Szk\u00f3\u0142 w Gromniku","description":"","potentialAction":[{"@type":"SearchAction","target":{"@type":"EntryPoint","urlTemplate":"https:\/\/zs.gromnik.pl\/zs\/?s={search_term_string}"},"query-input":"required name=search_term_string"}],"inLanguage":"pl-PL"}]}},"_links":{"self":[{"href":"http:\/\/zs.gromnik.pl\/zs\/wp-json\/wp\/v2\/pages\/505"}],"collection":[{"href":"http:\/\/zs.gromnik.pl\/zs\/wp-json\/wp\/v2\/pages"}],"about":[{"href":"http:\/\/zs.gromnik.pl\/zs\/wp-json\/wp\/v2\/types\/page"}],"author":[{"embeddable":true,"href":"http:\/\/zs.gromnik.pl\/zs\/wp-json\/wp\/v2\/users\/1"}],"replies":[{"embeddable":true,"href":"http:\/\/zs.gromnik.pl\/zs\/wp-json\/wp\/v2\/comments?post=505"}],"version-history":[{"count":1,"href":"http:\/\/zs.gromnik.pl\/zs\/wp-json\/wp\/v2\/pages\/505\/revisions"}],"predecessor-version":[{"id":507,"href":"http:\/\/zs.gromnik.pl\/zs\/wp-json\/wp\/v2\/pages\/505\/revisions\/507"}],"wp:attachment":[{"href":"http:\/\/zs.gromnik.pl\/zs\/wp-json\/wp\/v2\/media?parent=505"}],"curies":[{"name":"wp","href":"https:\/\/api.w.org\/{rel}","templated":true}]}}