{"id":5195,"date":"2020-01-29T12:48:44","date_gmt":"2020-01-29T11:48:44","guid":{"rendered":"http:\/\/www.zs.gromnik.pl\/zs\/?page_id=5195"},"modified":"2020-10-28T14:14:05","modified_gmt":"2020-10-28T13:14:05","slug":"promocja-i-upowszechnianie","status":"publish","type":"page","link":"http:\/\/zs.gromnik.pl\/zs\/promocja-i-upowszechnianie\/","title":{"rendered":"Promocja i upowszechnianie."},"content":{"rendered":"\n<div class=\"wp-block-image\"><figure class=\"aligncenter\"><img loading=\"lazy\" width=\"1024\" height=\"132\" src=\"http:\/\/www.zs.gromnik.pl\/zs\/wp-content\/uploads\/2019\/11\/FE_POWER_poziom_pl-1_rgb-1024x132.jpg\" alt=\"\" class=\"wp-image-4704\" srcset=\"http:\/\/zs.gromnik.pl\/zs\/wp-content\/uploads\/2019\/11\/FE_POWER_poziom_pl-1_rgb-1024x132.jpg 1024w, http:\/\/zs.gromnik.pl\/zs\/wp-content\/uploads\/2019\/11\/FE_POWER_poziom_pl-1_rgb-300x39.jpg 300w, http:\/\/zs.gromnik.pl\/zs\/wp-content\/uploads\/2019\/11\/FE_POWER_poziom_pl-1_rgb-768x99.jpg 768w, http:\/\/zs.gromnik.pl\/zs\/wp-content\/uploads\/2019\/11\/FE_POWER_poziom_pl-1_rgb-820x105.jpg 820w\" sizes=\"(max-width: 1024px) 100vw, 1024px\" \/><\/figure><\/div>\n\n\n\n<p>W Zespole Szk\u00f3\u0142 w Gromniku znajd\u0105 Pa\u0144stwo trzy postery podsumowuj\u0105ce dzia\u0142ania projektowe. Tutaj udost\u0119pniamy ich wersje on-line.<\/p>\n\n\n\n<figure class=\"wp-block-image\"><img loading=\"lazy\" width=\"1024\" height=\"683\" src=\"http:\/\/www.zs.gromnik.pl\/zs\/wp-content\/uploads\/2020\/02\/Malta-poster-1-1-1024x683.jpg\" alt=\"\" class=\"wp-image-5321\" srcset=\"http:\/\/zs.gromnik.pl\/zs\/wp-content\/uploads\/2020\/02\/Malta-poster-1-1-1024x683.jpg 1024w, http:\/\/zs.gromnik.pl\/zs\/wp-content\/uploads\/2020\/02\/Malta-poster-1-1-300x200.jpg 300w, http:\/\/zs.gromnik.pl\/zs\/wp-content\/uploads\/2020\/02\/Malta-poster-1-1-768x512.jpg 768w, http:\/\/zs.gromnik.pl\/zs\/wp-content\/uploads\/2020\/02\/Malta-poster-1-1-600x400.jpg 600w, http:\/\/zs.gromnik.pl\/zs\/wp-content\/uploads\/2020\/02\/Malta-poster-1-1-820x547.jpg 820w\" sizes=\"(max-width: 1024px) 100vw, 1024px\" \/><\/figure>\n\n\n\n<div class=\"wp-block-file\"><a href=\"http:\/\/www.zs.gromnik.pl\/zs\/wp-content\/uploads\/2020\/02\/Malta-poster.pdf\">Poster &#8211; Malta<\/a><a href=\"http:\/\/www.zs.gromnik.pl\/zs\/wp-content\/uploads\/2020\/02\/Malta-poster.pdf\" class=\"wp-block-file__button\" download>Pobierz<\/a><\/div>\n\n\n\n<figure class=\"wp-block-image\"><img loading=\"lazy\" width=\"1024\" height=\"683\" src=\"http:\/\/www.zs.gromnik.pl\/zs\/wp-content\/uploads\/2020\/02\/Anglia-poster-1024x683.png\" alt=\"\" class=\"wp-image-5316\" srcset=\"http:\/\/zs.gromnik.pl\/zs\/wp-content\/uploads\/2020\/02\/Anglia-poster-1024x683.png 1024w, http:\/\/zs.gromnik.pl\/zs\/wp-content\/uploads\/2020\/02\/Anglia-poster-300x200.png 300w, http:\/\/zs.gromnik.pl\/zs\/wp-content\/uploads\/2020\/02\/Anglia-poster-768x512.png 768w, http:\/\/zs.gromnik.pl\/zs\/wp-content\/uploads\/2020\/02\/Anglia-poster-600x400.png 600w, http:\/\/zs.gromnik.pl\/zs\/wp-content\/uploads\/2020\/02\/Anglia-poster-820x547.png 820w\" sizes=\"(max-width: 1024px) 100vw, 1024px\" \/><\/figure>\n\n\n\n<div class=\"wp-block-file\"><a href=\"http:\/\/www.zs.gromnik.pl\/zs\/wp-content\/uploads\/2020\/02\/Anglia-poster.pdf\">Poster &#8211; Wielka Brytania<\/a><a href=\"http:\/\/www.zs.gromnik.pl\/zs\/wp-content\/uploads\/2020\/02\/Anglia-poster.pdf\" class=\"wp-block-file__button\" download>Pobierz<\/a><\/div>\n\n\n\n<figure class=\"wp-block-image\"><img loading=\"lazy\" width=\"1024\" height=\"683\" src=\"http:\/\/www.zs.gromnik.pl\/zs\/wp-content\/uploads\/2020\/02\/Niemcy-poster-1-1024x683.jpg\" alt=\"\" class=\"wp-image-5325\" srcset=\"http:\/\/zs.gromnik.pl\/zs\/wp-content\/uploads\/2020\/02\/Niemcy-poster-1-1024x683.jpg 1024w, http:\/\/zs.gromnik.pl\/zs\/wp-content\/uploads\/2020\/02\/Niemcy-poster-1-300x200.jpg 300w, http:\/\/zs.gromnik.pl\/zs\/wp-content\/uploads\/2020\/02\/Niemcy-poster-1-768x512.jpg 768w, http:\/\/zs.gromnik.pl\/zs\/wp-content\/uploads\/2020\/02\/Niemcy-poster-1-600x400.jpg 600w, http:\/\/zs.gromnik.pl\/zs\/wp-content\/uploads\/2020\/02\/Niemcy-poster-1-820x547.jpg 820w\" sizes=\"(max-width: 1024px) 100vw, 1024px\" \/><\/figure>\n\n\n\n<div class=\"wp-block-file\"><a href=\"http:\/\/www.zs.gromnik.pl\/zs\/wp-content\/uploads\/2020\/02\/Niemcy-poster.pdf\">Poster &#8211; Niemcy<\/a><a href=\"http:\/\/www.zs.gromnik.pl\/zs\/wp-content\/uploads\/2020\/02\/Niemcy-poster.pdf\" class=\"wp-block-file__button\" download>Pobierz<\/a><\/div>\n\n\n\n<p>Nauczyciele, kt\u00f3rzy odbyli zagraniczne szkolenia, dziel\u0105 si\u0119 zdobyt\u0105 wiedz\u0105 i do\u015bwiadczeniem nie tylko w naszej szkole, ale r\u00f3wnie\u017c w plac\u00f3wkach o\u015bciennych.<\/p>\n\n\n\n<div class=\"wp-block-file\"><a href=\"http:\/\/www.zs.gromnik.pl\/zs\/wp-content\/uploads\/2020\/01\/Brighton-i-chunks.pdf\">Referat szkoleniowy: &#8222;Metodyka nauczania j\u0119zyk\u00f3w obcych &#8211; wybrane zagadnienia.&#8221;<\/a><a href=\"http:\/\/www.zs.gromnik.pl\/zs\/wp-content\/uploads\/2020\/01\/Brighton-i-chunks.pdf\" class=\"wp-block-file__button\" download>Pobierz<\/a><\/div>\n\n\n\n<div class=\"wp-block-file\"><a href=\"http:\/\/www.zs.gromnik.pl\/zs\/wp-content\/uploads\/2020\/01\/Techniki-uczenia-si\u0119-j\u0119zyk\u00f3w-obcych-Anna-Cudek-2019-.pdf\">Referat szkoleniowy: &#8222;Techniki uczenia si\u0119 j\u0119zyk\u00f3w obcych.&#8221;<\/a><a href=\"http:\/\/www.zs.gromnik.pl\/zs\/wp-content\/uploads\/2020\/01\/Techniki-uczenia-si\u0119-j\u0119zyk\u00f3w-obcych-Anna-Cudek-2019-.pdf\" class=\"wp-block-file__button\" download>Pobierz<\/a><\/div>\n\n\n\n<div class=\"wp-block-file\"><a href=\"http:\/\/www.zs.gromnik.pl\/zs\/wp-content\/uploads\/2020\/01\/rozwijanie-kreatywnosci-przedsiebiorczosci-i-kompetencji-cy-ue_r98vcjlw4.zip\">Referat szkoleniowy: &#8222;Rozwijanie kreatywno\u015bci, przedsi\u0119biorczo\u015bci i kompetencji cyfrowych poprzez udzia\u0142 w projektach mi\u0119dzynarodowych.&#8221;<\/a><a href=\"http:\/\/www.zs.gromnik.pl\/zs\/wp-content\/uploads\/2020\/01\/rozwijanie-kreatywnosci-przedsiebiorczosci-i-kompetencji-cy-ue_r98vcjlw4.zip\" class=\"wp-block-file__button\" download>Pobierz<\/a><\/div>\n\n\n\n<figure class=\"wp-block-embed is-type-rich is-provider-zespol-szkol-w-gromniku\"><div class=\"wp-block-embed__wrapper\">\n<blockquote class=\"wp-embedded-content\" data-secret=\"Uv9pRYQVqO\"><a href=\"http:\/\/zs.gromnik.pl\/zs\/projekty-miedzynarodowe-w-zs-w-gromniku\/\">Projekty mi\u0119dzynarodowe w ZS w Gromniku.<\/a><\/blockquote><iframe class=\"wp-embedded-content\" sandbox=\"allow-scripts\" security=\"restricted\" style=\"position: absolute; clip: rect(1px, 1px, 1px, 1px);\" title=\"&#8222;Projekty mi\u0119dzynarodowe w ZS w Gromniku.&#8221; &#8212; Zesp\u00f3\u0142 Szk\u00f3\u0142 Gromnik\" src=\"http:\/\/zs.gromnik.pl\/zs\/projekty-miedzynarodowe-w-zs-w-gromniku\/embed\/#?secret=Uv9pRYQVqO\" data-secret=\"Uv9pRYQVqO\" width=\"600\" height=\"338\" frameborder=\"0\" marginwidth=\"0\" marginheight=\"0\" scrolling=\"no\"><\/iframe>\n<\/div><\/figure>\n\n\n\n<h2>Europejska Odznaka Jako\u015bci<\/h2>\n\n\n\n<p>Nasza szko\u0142a otrzyma\u0142a Europejsk\u0105 Odznak\u0119 Jako\u015bci eTwinning za udzia\u0142 w projekcie eTwinning &#8222;Tree Detectives Across Europe&#8221;. <\/p>\n\n\n\n<p>Oznacza to, \u017ce nasza praca, praca naszych uczni\u00f3w i naszej szko\u0142y zosta\u0142a oceniona jako reprezentuj\u0105ca najwy\u017cszy europejski poziom.\n\n<\/p>\n\n\n\n<figure class=\"wp-block-image\"><img loading=\"lazy\" width=\"846\" height=\"598\" src=\"http:\/\/www.zs.gromnik.pl\/zs\/wp-content\/uploads\/2020\/10\/odznaka.png\" alt=\"\" class=\"wp-image-8641\" srcset=\"http:\/\/zs.gromnik.pl\/zs\/wp-content\/uploads\/2020\/10\/odznaka.png 846w, http:\/\/zs.gromnik.pl\/zs\/wp-content\/uploads\/2020\/10\/odznaka-300x212.png 300w, http:\/\/zs.gromnik.pl\/zs\/wp-content\/uploads\/2020\/10\/odznaka-768x543.png 768w, http:\/\/zs.gromnik.pl\/zs\/wp-content\/uploads\/2020\/10\/odznaka-820x580.png 820w\" sizes=\"(max-width: 846px) 100vw, 846px\" \/><\/figure>\n","protected":false},"excerpt":{"rendered":"<p>W Zespole Szk\u00f3\u0142 w Gromniku znajd\u0105 Pa\u0144stwo trzy postery podsumowuj\u0105ce dzia\u0142ania projektowe. Tutaj udost\u0119pniamy ich wersje on-line. Nauczyciele, kt\u00f3rzy odbyli zagraniczne szkolenia, dziel\u0105 si\u0119 zdobyt\u0105 wiedz\u0105 i do\u015bwiadczeniem nie tylko w naszej szkole, ale r\u00f3wnie\u017c w plac\u00f3wkach o\u015bciennych. Europejska Odznaka Jako\u015bci Nasza szko\u0142a otrzyma\u0142a Europejsk\u0105 Odznak\u0119 Jako\u015bci eTwinning za udzia\u0142 w projekcie eTwinning &#8222;Tree Detectives Across Europe&#8221;. Oznacza to, \u017ce nasza praca, praca naszych uczni\u00f3w i naszej szko\u0142y zosta\u0142a oceniona jako reprezentuj\u0105ca najwy\u017cszy europejski poziom.<\/p>\n","protected":false},"author":6,"featured_media":0,"parent":0,"menu_order":0,"comment_status":"closed","ping_status":"closed","template":"","meta":[],"yoast_head":"<!-- This site is optimized with the Yoast SEO plugin v19.8 - https:\/\/yoast.com\/wordpress\/plugins\/seo\/ -->\n<title>Promocja i upowszechnianie. - Zesp\u00f3\u0142 Szk\u00f3\u0142 w Gromniku<\/title>\n<meta name=\"description\" content=\"Zesp\u00f3\u0142 Szk\u00f3\u0142 Gromnik, szko\u0142a gromnik, szko\u0142a podstawowa gromnik, przedszkole gromnik\" \/>\n<meta name=\"robots\" content=\"index, follow, max-snippet:-1, max-image-preview:large, max-video-preview:-1\" \/>\n<link rel=\"canonical\" href=\"https:\/\/zs.gromnik.pl\/zs\/promocja-i-upowszechnianie\/\" \/>\n<meta property=\"og:locale\" content=\"pl_PL\" \/>\n<meta property=\"og:type\" content=\"article\" \/>\n<meta property=\"og:title\" content=\"Promocja i upowszechnianie. - Zesp\u00f3\u0142 Szk\u00f3\u0142 w Gromniku\" \/>\n<meta property=\"og:description\" content=\"Zesp\u00f3\u0142 Szk\u00f3\u0142 Gromnik, szko\u0142a gromnik, szko\u0142a podstawowa gromnik, przedszkole gromnik\" \/>\n<meta property=\"og:url\" content=\"https:\/\/zs.gromnik.pl\/zs\/promocja-i-upowszechnianie\/\" \/>\n<meta property=\"og:site_name\" content=\"Zesp\u00f3\u0142 Szk\u00f3\u0142 w Gromniku\" \/>\n<meta property=\"article:publisher\" content=\"https:\/\/www.facebook.com\/zsgromnik\" \/>\n<meta property=\"article:modified_time\" content=\"2020-10-28T13:14:05+00:00\" \/>\n<meta property=\"og:image\" content=\"http:\/\/www.zs.gromnik.pl\/zs\/wp-content\/uploads\/2019\/11\/FE_POWER_poziom_pl-1_rgb-1024x132.jpg\" \/>\n<meta name=\"twitter:card\" content=\"summary_large_image\" \/>\n<meta name=\"twitter:label1\" content=\"Szacowany czas czytania\" \/>\n\t<meta name=\"twitter:data1\" content=\"1 minuta\" \/>\n<script type=\"application\/ld+json\" class=\"yoast-schema-graph\">{\"@context\":\"https:\/\/schema.org\",\"@graph\":[{\"@type\":\"WebPage\",\"@id\":\"https:\/\/zs.gromnik.pl\/zs\/promocja-i-upowszechnianie\/\",\"url\":\"https:\/\/zs.gromnik.pl\/zs\/promocja-i-upowszechnianie\/\",\"name\":\"Promocja i upowszechnianie. - Zesp\u00f3\u0142 Szk\u00f3\u0142 w Gromniku\",\"isPartOf\":{\"@id\":\"https:\/\/zs.gromnik.pl\/zs\/#website\"},\"datePublished\":\"2020-01-29T11:48:44+00:00\",\"dateModified\":\"2020-10-28T13:14:05+00:00\",\"description\":\"Zesp\u00f3\u0142 Szk\u00f3\u0142 Gromnik, szko\u0142a gromnik, szko\u0142a podstawowa gromnik, przedszkole gromnik\",\"breadcrumb\":{\"@id\":\"https:\/\/zs.gromnik.pl\/zs\/promocja-i-upowszechnianie\/#breadcrumb\"},\"inLanguage\":\"pl-PL\",\"potentialAction\":[{\"@type\":\"ReadAction\",\"target\":[\"https:\/\/zs.gromnik.pl\/zs\/promocja-i-upowszechnianie\/\"]}]},{\"@type\":\"BreadcrumbList\",\"@id\":\"https:\/\/zs.gromnik.pl\/zs\/promocja-i-upowszechnianie\/#breadcrumb\",\"itemListElement\":[{\"@type\":\"ListItem\",\"position\":1,\"name\":\"Strona g\u0142\u00f3wna\",\"item\":\"https:\/\/zs.gromnik.pl\/zs\/\"},{\"@type\":\"ListItem\",\"position\":2,\"name\":\"Promocja i upowszechnianie.\"}]},{\"@type\":\"WebSite\",\"@id\":\"https:\/\/zs.gromnik.pl\/zs\/#website\",\"url\":\"https:\/\/zs.gromnik.pl\/zs\/\",\"name\":\"Zesp\u00f3\u0142 Szk\u00f3\u0142 w Gromniku\",\"description\":\"\",\"potentialAction\":[{\"@type\":\"SearchAction\",\"target\":{\"@type\":\"EntryPoint\",\"urlTemplate\":\"https:\/\/zs.gromnik.pl\/zs\/?s={search_term_string}\"},\"query-input\":\"required name=search_term_string\"}],\"inLanguage\":\"pl-PL\"}]}<\/script>\n<!-- \/ Yoast SEO plugin. -->","yoast_head_json":{"title":"Promocja i upowszechnianie. - Zesp\u00f3\u0142 Szk\u00f3\u0142 w Gromniku","description":"Zesp\u00f3\u0142 Szk\u00f3\u0142 Gromnik, szko\u0142a gromnik, szko\u0142a podstawowa gromnik, przedszkole gromnik","robots":{"index":"index","follow":"follow","max-snippet":"max-snippet:-1","max-image-preview":"max-image-preview:large","max-video-preview":"max-video-preview:-1"},"canonical":"https:\/\/zs.gromnik.pl\/zs\/promocja-i-upowszechnianie\/","og_locale":"pl_PL","og_type":"article","og_title":"Promocja i upowszechnianie. - Zesp\u00f3\u0142 Szk\u00f3\u0142 w Gromniku","og_description":"Zesp\u00f3\u0142 Szk\u00f3\u0142 Gromnik, szko\u0142a gromnik, szko\u0142a podstawowa gromnik, przedszkole gromnik","og_url":"https:\/\/zs.gromnik.pl\/zs\/promocja-i-upowszechnianie\/","og_site_name":"Zesp\u00f3\u0142 Szk\u00f3\u0142 w Gromniku","article_publisher":"https:\/\/www.facebook.com\/zsgromnik","article_modified_time":"2020-10-28T13:14:05+00:00","og_image":[{"url":"http:\/\/www.zs.gromnik.pl\/zs\/wp-content\/uploads\/2019\/11\/FE_POWER_poziom_pl-1_rgb-1024x132.jpg"}],"twitter_card":"summary_large_image","twitter_misc":{"Szacowany czas czytania":"1 minuta"},"schema":{"@context":"https:\/\/schema.org","@graph":[{"@type":"WebPage","@id":"https:\/\/zs.gromnik.pl\/zs\/promocja-i-upowszechnianie\/","url":"https:\/\/zs.gromnik.pl\/zs\/promocja-i-upowszechnianie\/","name":"Promocja i upowszechnianie. - Zesp\u00f3\u0142 Szk\u00f3\u0142 w Gromniku","isPartOf":{"@id":"https:\/\/zs.gromnik.pl\/zs\/#website"},"datePublished":"2020-01-29T11:48:44+00:00","dateModified":"2020-10-28T13:14:05+00:00","description":"Zesp\u00f3\u0142 Szk\u00f3\u0142 Gromnik, szko\u0142a gromnik, szko\u0142a podstawowa gromnik, przedszkole gromnik","breadcrumb":{"@id":"https:\/\/zs.gromnik.pl\/zs\/promocja-i-upowszechnianie\/#breadcrumb"},"inLanguage":"pl-PL","potentialAction":[{"@type":"ReadAction","target":["https:\/\/zs.gromnik.pl\/zs\/promocja-i-upowszechnianie\/"]}]},{"@type":"BreadcrumbList","@id":"https:\/\/zs.gromnik.pl\/zs\/promocja-i-upowszechnianie\/#breadcrumb","itemListElement":[{"@type":"ListItem","position":1,"name":"Strona g\u0142\u00f3wna","item":"https:\/\/zs.gromnik.pl\/zs\/"},{"@type":"ListItem","position":2,"name":"Promocja i upowszechnianie."}]},{"@type":"WebSite","@id":"https:\/\/zs.gromnik.pl\/zs\/#website","url":"https:\/\/zs.gromnik.pl\/zs\/","name":"Zesp\u00f3\u0142 Szk\u00f3\u0142 w Gromniku","description":"","potentialAction":[{"@type":"SearchAction","target":{"@type":"EntryPoint","urlTemplate":"https:\/\/zs.gromnik.pl\/zs\/?s={search_term_string}"},"query-input":"required name=search_term_string"}],"inLanguage":"pl-PL"}]}},"_links":{"self":[{"href":"http:\/\/zs.gromnik.pl\/zs\/wp-json\/wp\/v2\/pages\/5195"}],"collection":[{"href":"http:\/\/zs.gromnik.pl\/zs\/wp-json\/wp\/v2\/pages"}],"about":[{"href":"http:\/\/zs.gromnik.pl\/zs\/wp-json\/wp\/v2\/types\/page"}],"author":[{"embeddable":true,"href":"http:\/\/zs.gromnik.pl\/zs\/wp-json\/wp\/v2\/users\/6"}],"replies":[{"embeddable":true,"href":"http:\/\/zs.gromnik.pl\/zs\/wp-json\/wp\/v2\/comments?post=5195"}],"version-history":[{"count":7,"href":"http:\/\/zs.gromnik.pl\/zs\/wp-json\/wp\/v2\/pages\/5195\/revisions"}],"predecessor-version":[{"id":8643,"href":"http:\/\/zs.gromnik.pl\/zs\/wp-json\/wp\/v2\/pages\/5195\/revisions\/8643"}],"wp:attachment":[{"href":"http:\/\/zs.gromnik.pl\/zs\/wp-json\/wp\/v2\/media?parent=5195"}],"curies":[{"name":"wp","href":"https:\/\/api.w.org\/{rel}","templated":true}]}}