{"id":5698,"date":"2020-04-01T21:12:03","date_gmt":"2020-04-01T19:12:03","guid":{"rendered":"http:\/\/www.zs.gromnik.pl\/zs\/?page_id=5698"},"modified":"2021-04-16T11:20:18","modified_gmt":"2021-04-16T09:20:18","slug":"jezyk-angielski","status":"publish","type":"page","link":"http:\/\/zs.gromnik.pl\/zs\/jezyk-angielski\/","title":{"rendered":"J\u0119zyk angielski"},"content":{"rendered":"\n<p>Nauczyciel: Monika Kiero\u0144ska<\/p>\n\n\n\n<p><\/p>\n\n\n\n<p>Kochane Przedszkolaki!   <\/p>\n\n\n\n<p>Zapraszam Was do udzia\u0142u w zaj\u0119ciach z j\u0119zyka angielskiego. Z pomoc\u0105 mamy lub taty klikajcie w poni\u017csze linki \ud83d\ude42<\/p>\n\n\n\n<p><\/p>\n\n\n\n<p class=\"has-vivid-cyan-blue-color has-text-color\"><strong>GRUPA I<\/strong><\/p>\n\n\n\n<p><strong>16.04.2021 r.<\/strong><\/p>\n\n\n\n<pre class=\"wp-block-preformatted\"><a target=\"_blank\" href=\"https:\/\/tiny.pl\/r8p3f\" rel=\"noreferrer noopener\">https:\/\/tiny.pl\/r8p3f<\/a><\/pre>\n\n\n\n<p><strong>09.04.2021 r.<\/strong><\/p>\n\n\n\n<p>  <a rel=\"noreferrer noopener\" target=\"_blank\" href=\"https:\/\/tiny.pl\/r2vff\">https:\/\/tiny.pl\/r2vff<\/a><\/p>\n\n\n\n<div style=\"height:15px\" aria-hidden=\"true\" class=\"wp-block-spacer\"><\/div>\n\n\n\n<p class=\"has-vivid-cyan-blue-color has-text-color\"><strong>GRUPA II<\/strong><\/p>\n\n\n\n<p><strong>14.04.2021 r.<\/strong><\/p>\n\n\n\n<pre class=\"wp-block-preformatted\"><a target=\"_blank\" href=\"https:\/\/tiny.pl\/r89tx\" rel=\"noreferrer noopener\">https:\/\/tiny.pl\/r89tx<\/a><\/pre>\n\n\n\n<p><strong>07.04.2021 r.<\/strong><\/p>\n\n\n\n<pre class=\"wp-block-preformatted\"><a target=\"_blank\" href=\"https:\/\/tiny.pl\/r2l6v\" rel=\"noreferrer noopener\">https:\/\/tiny.pl\/r2l6v<\/a><\/pre>\n\n\n\n<p><strong>31.03.2021 r.<\/strong><\/p>\n\n\n\n<pre class=\"wp-block-preformatted\"><a target=\"_blank\" href=\"https:\/\/tiny.pl\/r2qns\" rel=\"noreferrer noopener\">https:\/\/tiny.pl\/r2qns<\/a><\/pre>\n\n\n\n<div style=\"height:15px\" aria-hidden=\"true\" class=\"wp-block-spacer\"><\/div>\n\n\n\n<p class=\"has-vivid-cyan-blue-color has-text-color\"><strong>GRUPA III<\/strong><\/p>\n\n\n\n<p><strong>13.04.2021 r.<\/strong><\/p>\n\n\n\n<pre class=\"wp-block-preformatted\"><a target=\"_blank\" href=\"https:\/\/tiny.pl\/r8gw3\" rel=\"noreferrer noopener\">https:\/\/tiny.pl\/r8gw3<\/a><\/pre>\n\n\n\n<p><strong>30.03.2021 r.<\/strong><\/p>\n\n\n\n<pre class=\"wp-block-preformatted\"><a rel=\"noreferrer noopener\" target=\"_blank\" href=\"https:\/\/tiny.pl\/r2qnk\">https:\/\/tiny.pl\/r2qnk<\/a><br><\/pre>\n\n\n\n<div style=\"height:15px\" aria-hidden=\"true\" class=\"wp-block-spacer\"><\/div>\n\n\n\n<p class=\"has-vivid-cyan-blue-color has-text-color\"><strong>GRUPA IV<\/strong><\/p>\n\n\n\n<p><strong>12.04.2021 r.<\/strong><\/p>\n\n\n\n<pre class=\"wp-block-preformatted\"><a target=\"_blank\" href=\"https:\/\/tiny.pl\/r8x19\" rel=\"noreferrer noopener\">https:\/\/tiny.pl\/r8x19<\/a><\/pre>\n\n\n\n<p><strong>29.03.2021 r.<\/strong><\/p>\n\n\n\n<pre class=\"wp-block-preformatted\"><a rel=\"noreferrer noopener\" target=\"_blank\" href=\"https:\/\/www.canva.com\/design\/DAEaB1jXuQU\/X9JBwDAC0TDPedwhaPPeEw\/view?utm_content=DAEaB1jXuQU&amp;utm_campaign=designshare&amp;utm_medium=link&amp;utm_source=recording_view\">https:\/\/www.canva.com\/design\/DAEaB1jXuQU\/X9JBwDAC0TDPedwhaPPeEw\/view?utm_content=DAEaB1jXuQU&amp;utm_campaign=designshare&amp;utm_medium=link&amp;utm_source=recording_view<\/a><br><\/pre>\n\n\n\n<div style=\"height:15px\" aria-hidden=\"true\" class=\"wp-block-spacer\"><\/div>\n\n\n\n<p class=\"has-vivid-cyan-blue-color has-text-color\"><strong>GRUPA V<\/strong><\/p>\n\n\n\n<p><strong>15.04.2021 r.<\/strong><\/p>\n\n\n\n<pre class=\"wp-block-preformatted\"><a target=\"_blank\" href=\"https:\/\/tiny.pl\/r8lh4\" rel=\"noreferrer noopener\">https:\/\/tiny.pl\/r8lh4<\/a><\/pre>\n\n\n\n<p><strong>08.04.2021 r.<\/strong><\/p>\n\n\n\n<pre class=\"wp-block-preformatted\"><a rel=\"noreferrer noopener\" target=\"_blank\" href=\"https:\/\/tiny.pl\/r2s9s\">https:\/\/tiny.pl\/r2s9s\ufeff<\/a><\/pre>\n\n\n\n<div style=\"height:15px\" aria-hidden=\"true\" class=\"wp-block-spacer\"><\/div>\n\n\n\n<p class=\"has-vivid-cyan-blue-color has-text-color\"><strong>GRUPA VI<\/strong><\/p>\n\n\n\n<p><strong>13.04.2021 r.<\/strong><\/p>\n\n\n\n<pre class=\"wp-block-preformatted\"><a target=\"_blank\" href=\"https:\/\/tiny.pl\/r8g1w\" rel=\"noreferrer noopener\">https:\/\/tiny.pl\/r8g1w<\/a><\/pre>\n\n\n\n<p><strong>30.03.2021 r.<\/strong><\/p>\n\n\n\n<pre class=\"wp-block-preformatted\"><a target=\"_blank\" href=\"https:\/\/tiny.pl\/r2qks\" rel=\"noreferrer noopener\">https:\/\/tiny.pl\/r2qks<\/a><\/pre>\n\n\n\n<div style=\"height:15px\" aria-hidden=\"true\" class=\"wp-block-spacer\"><\/div>\n\n\n\n<p><\/p>\n","protected":false},"excerpt":{"rendered":"<p>Nauczyciel: Monika Kiero\u0144ska Kochane Przedszkolaki! Zapraszam Was do udzia\u0142u w zaj\u0119ciach z j\u0119zyka angielskiego. Z pomoc\u0105 mamy lub taty klikajcie w poni\u017csze linki \ud83d\ude42 GRUPA I 16.04.2021 r. https:\/\/tiny.pl\/r8p3f 09.04.2021 r. https:\/\/tiny.pl\/r2vff GRUPA II 14.04.2021 r. https:\/\/tiny.pl\/r89tx 07.04.2021 r. https:\/\/tiny.pl\/r2l6v 31.03.2021 r. https:\/\/tiny.pl\/r2qns GRUPA III 13.04.2021 r. https:\/\/tiny.pl\/r8gw3 30.03.2021 r. https:\/\/tiny.pl\/r2qnk GRUPA IV 12.04.2021 r. https:\/\/tiny.pl\/r8x19 29.03.2021 r. https:\/\/www.canva.com\/design\/DAEaB1jXuQU\/X9JBwDAC0TDPedwhaPPeEw\/view?utm_content=DAEaB1jXuQU&amp;utm_campaign=designshare&amp;utm_medium=link&amp;utm_source=recording_view GRUPA V 15.04.2021 r. https:\/\/tiny.pl\/r8lh4 08.04.2021 r. https:\/\/tiny.pl\/r2s9s\ufeff GRUPA VI 13.04.2021 r. https:\/\/tiny.pl\/r8g1w 30.03.2021 r. https:\/\/tiny.pl\/r2qks<\/p>\n","protected":false},"author":7,"featured_media":0,"parent":0,"menu_order":0,"comment_status":"closed","ping_status":"closed","template":"","meta":[],"yoast_head":"<!-- This site is optimized with the Yoast SEO plugin v19.8 - https:\/\/yoast.com\/wordpress\/plugins\/seo\/ -->\n<title>J\u0119zyk angielski - Zesp\u00f3\u0142 Szk\u00f3\u0142 w Gromniku<\/title>\n<meta name=\"description\" content=\"Zesp\u00f3\u0142 Szk\u00f3\u0142 Gromnik, szko\u0142a gromnik, szko\u0142a podstawowa gromnik, przedszkole gromnik\" \/>\n<meta name=\"robots\" content=\"index, follow, max-snippet:-1, max-image-preview:large, max-video-preview:-1\" \/>\n<link rel=\"canonical\" href=\"https:\/\/zs.gromnik.pl\/zs\/jezyk-angielski\/\" \/>\n<meta property=\"og:locale\" content=\"pl_PL\" \/>\n<meta property=\"og:type\" content=\"article\" \/>\n<meta property=\"og:title\" content=\"J\u0119zyk angielski - Zesp\u00f3\u0142 Szk\u00f3\u0142 w Gromniku\" \/>\n<meta property=\"og:description\" content=\"Zesp\u00f3\u0142 Szk\u00f3\u0142 Gromnik, szko\u0142a gromnik, szko\u0142a podstawowa gromnik, przedszkole gromnik\" \/>\n<meta property=\"og:url\" content=\"https:\/\/zs.gromnik.pl\/zs\/jezyk-angielski\/\" \/>\n<meta property=\"og:site_name\" content=\"Zesp\u00f3\u0142 Szk\u00f3\u0142 w Gromniku\" \/>\n<meta property=\"article:publisher\" content=\"https:\/\/www.facebook.com\/zsgromnik\" \/>\n<meta property=\"article:modified_time\" content=\"2021-04-16T09:20:18+00:00\" \/>\n<meta name=\"twitter:card\" content=\"summary_large_image\" \/>\n<meta name=\"twitter:label1\" content=\"Szacowany czas czytania\" \/>\n\t<meta name=\"twitter:data1\" content=\"1 minuta\" \/>\n<script type=\"application\/ld+json\" class=\"yoast-schema-graph\">{\"@context\":\"https:\/\/schema.org\",\"@graph\":[{\"@type\":\"WebPage\",\"@id\":\"https:\/\/zs.gromnik.pl\/zs\/jezyk-angielski\/\",\"url\":\"https:\/\/zs.gromnik.pl\/zs\/jezyk-angielski\/\",\"name\":\"J\u0119zyk angielski - Zesp\u00f3\u0142 Szk\u00f3\u0142 w Gromniku\",\"isPartOf\":{\"@id\":\"https:\/\/zs.gromnik.pl\/zs\/#website\"},\"datePublished\":\"2020-04-01T19:12:03+00:00\",\"dateModified\":\"2021-04-16T09:20:18+00:00\",\"description\":\"Zesp\u00f3\u0142 Szk\u00f3\u0142 Gromnik, szko\u0142a gromnik, szko\u0142a podstawowa gromnik, przedszkole gromnik\",\"breadcrumb\":{\"@id\":\"https:\/\/zs.gromnik.pl\/zs\/jezyk-angielski\/#breadcrumb\"},\"inLanguage\":\"pl-PL\",\"potentialAction\":[{\"@type\":\"ReadAction\",\"target\":[\"https:\/\/zs.gromnik.pl\/zs\/jezyk-angielski\/\"]}]},{\"@type\":\"BreadcrumbList\",\"@id\":\"https:\/\/zs.gromnik.pl\/zs\/jezyk-angielski\/#breadcrumb\",\"itemListElement\":[{\"@type\":\"ListItem\",\"position\":1,\"name\":\"Strona g\u0142\u00f3wna\",\"item\":\"https:\/\/zs.gromnik.pl\/zs\/\"},{\"@type\":\"ListItem\",\"position\":2,\"name\":\"J\u0119zyk angielski\"}]},{\"@type\":\"WebSite\",\"@id\":\"https:\/\/zs.gromnik.pl\/zs\/#website\",\"url\":\"https:\/\/zs.gromnik.pl\/zs\/\",\"name\":\"Zesp\u00f3\u0142 Szk\u00f3\u0142 w Gromniku\",\"description\":\"\",\"potentialAction\":[{\"@type\":\"SearchAction\",\"target\":{\"@type\":\"EntryPoint\",\"urlTemplate\":\"https:\/\/zs.gromnik.pl\/zs\/?s={search_term_string}\"},\"query-input\":\"required name=search_term_string\"}],\"inLanguage\":\"pl-PL\"}]}<\/script>\n<!-- \/ Yoast SEO plugin. -->","yoast_head_json":{"title":"J\u0119zyk angielski - Zesp\u00f3\u0142 Szk\u00f3\u0142 w Gromniku","description":"Zesp\u00f3\u0142 Szk\u00f3\u0142 Gromnik, szko\u0142a gromnik, szko\u0142a podstawowa gromnik, przedszkole gromnik","robots":{"index":"index","follow":"follow","max-snippet":"max-snippet:-1","max-image-preview":"max-image-preview:large","max-video-preview":"max-video-preview:-1"},"canonical":"https:\/\/zs.gromnik.pl\/zs\/jezyk-angielski\/","og_locale":"pl_PL","og_type":"article","og_title":"J\u0119zyk angielski - Zesp\u00f3\u0142 Szk\u00f3\u0142 w Gromniku","og_description":"Zesp\u00f3\u0142 Szk\u00f3\u0142 Gromnik, szko\u0142a gromnik, szko\u0142a podstawowa gromnik, przedszkole gromnik","og_url":"https:\/\/zs.gromnik.pl\/zs\/jezyk-angielski\/","og_site_name":"Zesp\u00f3\u0142 Szk\u00f3\u0142 w Gromniku","article_publisher":"https:\/\/www.facebook.com\/zsgromnik","article_modified_time":"2021-04-16T09:20:18+00:00","twitter_card":"summary_large_image","twitter_misc":{"Szacowany czas czytania":"1 minuta"},"schema":{"@context":"https:\/\/schema.org","@graph":[{"@type":"WebPage","@id":"https:\/\/zs.gromnik.pl\/zs\/jezyk-angielski\/","url":"https:\/\/zs.gromnik.pl\/zs\/jezyk-angielski\/","name":"J\u0119zyk angielski - Zesp\u00f3\u0142 Szk\u00f3\u0142 w Gromniku","isPartOf":{"@id":"https:\/\/zs.gromnik.pl\/zs\/#website"},"datePublished":"2020-04-01T19:12:03+00:00","dateModified":"2021-04-16T09:20:18+00:00","description":"Zesp\u00f3\u0142 Szk\u00f3\u0142 Gromnik, szko\u0142a gromnik, szko\u0142a podstawowa gromnik, przedszkole gromnik","breadcrumb":{"@id":"https:\/\/zs.gromnik.pl\/zs\/jezyk-angielski\/#breadcrumb"},"inLanguage":"pl-PL","potentialAction":[{"@type":"ReadAction","target":["https:\/\/zs.gromnik.pl\/zs\/jezyk-angielski\/"]}]},{"@type":"BreadcrumbList","@id":"https:\/\/zs.gromnik.pl\/zs\/jezyk-angielski\/#breadcrumb","itemListElement":[{"@type":"ListItem","position":1,"name":"Strona g\u0142\u00f3wna","item":"https:\/\/zs.gromnik.pl\/zs\/"},{"@type":"ListItem","position":2,"name":"J\u0119zyk angielski"}]},{"@type":"WebSite","@id":"https:\/\/zs.gromnik.pl\/zs\/#website","url":"https:\/\/zs.gromnik.pl\/zs\/","name":"Zesp\u00f3\u0142 Szk\u00f3\u0142 w Gromniku","description":"","potentialAction":[{"@type":"SearchAction","target":{"@type":"EntryPoint","urlTemplate":"https:\/\/zs.gromnik.pl\/zs\/?s={search_term_string}"},"query-input":"required name=search_term_string"}],"inLanguage":"pl-PL"}]}},"_links":{"self":[{"href":"http:\/\/zs.gromnik.pl\/zs\/wp-json\/wp\/v2\/pages\/5698"}],"collection":[{"href":"http:\/\/zs.gromnik.pl\/zs\/wp-json\/wp\/v2\/pages"}],"about":[{"href":"http:\/\/zs.gromnik.pl\/zs\/wp-json\/wp\/v2\/types\/page"}],"author":[{"embeddable":true,"href":"http:\/\/zs.gromnik.pl\/zs\/wp-json\/wp\/v2\/users\/7"}],"replies":[{"embeddable":true,"href":"http:\/\/zs.gromnik.pl\/zs\/wp-json\/wp\/v2\/comments?post=5698"}],"version-history":[{"count":39,"href":"http:\/\/zs.gromnik.pl\/zs\/wp-json\/wp\/v2\/pages\/5698\/revisions"}],"predecessor-version":[{"id":9625,"href":"http:\/\/zs.gromnik.pl\/zs\/wp-json\/wp\/v2\/pages\/5698\/revisions\/9625"}],"wp:attachment":[{"href":"http:\/\/zs.gromnik.pl\/zs\/wp-json\/wp\/v2\/media?parent=5698"}],"curies":[{"name":"wp","href":"https:\/\/api.w.org\/{rel}","templated":true}]}}