{"id":945,"date":"2016-12-14T09:26:12","date_gmt":"2016-12-14T08:26:12","guid":{"rendered":"http:\/\/www.zs.gromnik.pl\/zs\/?page_id=945"},"modified":"2016-12-14T09:26:45","modified_gmt":"2016-12-14T08:26:45","slug":"promowanie-erasmusa","status":"publish","type":"page","link":"http:\/\/zs.gromnik.pl\/zs\/promowanie-erasmusa\/","title":{"rendered":"Promowanie Erasmusa"},"content":{"rendered":"<p style=\"text-align: justify;\">28 listopada 2016r. pani Janina \u0141y\u017cwa przedstawi\u0142a na zebraniu Rady Pedagogicznej w Zespole Szk\u00f3\u0142 w Siemiechowie prezentacj\u0119 multimedialn\u0105 dotycz\u0105c\u0105 naszego projektu unijnego \u201ePoszerzanie horyzont\u00f3w z Erasmusem+\u201d. Prezentacja zawiera\u0142a najwa\u017cniejsze informacje o projekcie (czas trwania projektu, bud\u017cet, liczb\u0119 uczestnik\u00f3w, szko\u0142y partnerskie oraz rodzaje odbytych kurs\u00f3w),\u00a0 dokumentacj\u0119 fotograficzn\u0105 z przebiegu szkole\u0144, wycieczek fakultatywnych oraz rezultaty jakie zosta\u0142y osi\u0105gni\u0119te podczas realizacji tego projektu.\u00a0 Pani \u0141y\u017cwa wyja\u015bni\u0142a nauczycielom zasady przyst\u0105pienia do projektu oraz jego poszczeg\u00f3lne etapy,\u00a0 a tak\u017ce\u00a0 zaoferowa\u0142a pomoc nauczycieli Zespo\u0142u Szk\u00f3\u0142 w Gromniku w napisaniu wniosku aplikacyjnego.<\/p>\n<p style=\"text-align: justify;\">Nauczyciele Zespo\u0142u Szk\u00f3\u0142 w Siemiechowie uwa\u017cnie obejrzeli prezentacj\u0119 i wyrazili zainteresowanie nauczaniem metod\u0105 CLIL, w zwi\u0105zku z czym odb\u0119d\u0105 si\u0119 w tej szkole zaj\u0119cia warsztatowe, podczas kt\u00f3rych zostanie bli\u017cej przedstawiona metoda CLIL. Warsztaty poprowadz\u0105 uczestniczki projektu \u00a0Patrycja Kubicz i Janina \u0141y\u017cwa.<\/p>\n<p>&nbsp;<\/p>\n<p style=\"text-align: right;\">Ma\u0142gorzata Starzyk<\/p>\n<p style=\"text-align: right;\">\u00a0\u00a0\u00a0\u00a0\u00a0\u00a0\u00a0\u00a0\u00a0\u00a0\u00a0\u00a0\u00a0\u00a0\u00a0\u00a0\u00a0\u00a0\u00a0\u00a0\u00a0\u00a0\u00a0\u00a0\u00a0\u00a0\u00a0\u00a0\u00a0\u00a0\u00a0\u00a0\u00a0\u00a0\u00a0\u00a0\u00a0\u00a0\u00a0\u00a0\u00a0\u00a0\u00a0\u00a0\u00a0\u00a0\u00a0\u00a0\u00a0\u00a0\u00a0\u00a0\u00a0\u00a0\u00a0\u00a0\u00a0\u00a0\u00a0\u00a0\u00a0\u00a0\u00a0\u00a0\u00a0\u00a0\u00a0\u00a0\u00a0\u00a0\u00a0\u00a0\u00a0\u00a0\u00a0\u00a0\u00a0\u00a0\u00a0\u00a0\u00a0\u00a0\u00a0\u00a0\u00a0\u00a0\u00a0\u00a0\u00a0\u00a0\u00a0\u00a0\u00a0\u00a0\u00a0\u00a0\u00a0\u00a0\u00a0\u00a0\u00a0\u00a0\u00a0\u00a0\u00a0 Koordynator projektu<\/p>\n","protected":false},"excerpt":{"rendered":"<p>28 listopada 2016r. pani Janina \u0141y\u017cwa przedstawi\u0142a na zebraniu Rady Pedagogicznej w Zespole Szk\u00f3\u0142 w Siemiechowie prezentacj\u0119 multimedialn\u0105 dotycz\u0105c\u0105 naszego projektu unijnego \u201ePoszerzanie horyzont\u00f3w z Erasmusem+\u201d. Prezentacja zawiera\u0142a najwa\u017cniejsze informacje o projekcie (czas trwania projektu, bud\u017cet, liczb\u0119 uczestnik\u00f3w, szko\u0142y partnerskie oraz rodzaje odbytych kurs\u00f3w),\u00a0 dokumentacj\u0119 fotograficzn\u0105 z przebiegu szkole\u0144, wycieczek fakultatywnych oraz rezultaty jakie zosta\u0142y osi\u0105gni\u0119te podczas realizacji tego projektu.\u00a0 Pani \u0141y\u017cwa wyja\u015bni\u0142a nauczycielom zasady przyst\u0105pienia do projektu oraz jego poszczeg\u00f3lne etapy,\u00a0 a tak\u017ce\u00a0 zaoferowa\u0142a pomoc nauczycieli Zespo\u0142u Szk\u00f3\u0142 w Gromniku w napisaniu wniosku aplikacyjnego. Nauczyciele Zespo\u0142u Szk\u00f3\u0142 w Siemiechowie uwa\u017cnie obejrzeli prezentacj\u0119 i wyrazili zainteresowanie nauczaniem metod\u0105 CLIL, w zwi\u0105zku z czym odb\u0119d\u0105 si\u0119 w tej szkole zaj\u0119cia warsztatowe, podczas kt\u00f3rych zostanie bli\u017cej przedstawiona metoda CLIL. Warsztaty poprowadz\u0105 uczestniczki projektu \u00a0Patrycja Kubicz i Janina \u0141y\u017cwa. &nbsp; Ma\u0142gorzata Starzyk \u00a0\u00a0\u00a0\u00a0\u00a0\u00a0\u00a0\u00a0\u00a0\u00a0\u00a0\u00a0\u00a0\u00a0\u00a0\u00a0\u00a0\u00a0\u00a0\u00a0\u00a0\u00a0\u00a0\u00a0\u00a0\u00a0\u00a0\u00a0\u00a0\u00a0\u00a0\u00a0\u00a0\u00a0\u00a0\u00a0\u00a0\u00a0\u00a0\u00a0\u00a0\u00a0\u00a0\u00a0\u00a0\u00a0\u00a0\u00a0\u00a0\u00a0\u00a0\u00a0\u00a0\u00a0\u00a0\u00a0\u00a0\u00a0\u00a0\u00a0\u00a0\u00a0\u00a0\u00a0\u00a0\u00a0\u00a0\u00a0\u00a0\u00a0\u00a0\u00a0\u00a0\u00a0\u00a0\u00a0\u00a0\u00a0\u00a0\u00a0\u00a0\u00a0\u00a0\u00a0\u00a0\u00a0\u00a0\u00a0\u00a0\u00a0\u00a0\u00a0\u00a0\u00a0\u00a0\u00a0\u00a0\u00a0\u00a0\u00a0\u00a0\u00a0\u00a0\u00a0\u00a0 Koordynator projektu<\/p>\n","protected":false},"author":1,"featured_media":0,"parent":0,"menu_order":0,"comment_status":"closed","ping_status":"closed","template":"","meta":[],"yoast_head":"<!-- This site is optimized with the Yoast SEO plugin v19.8 - https:\/\/yoast.com\/wordpress\/plugins\/seo\/ -->\n<title>Promowanie Erasmusa - Zesp\u00f3\u0142 Szk\u00f3\u0142 w Gromniku<\/title>\n<meta name=\"description\" content=\"Zesp\u00f3\u0142 Szk\u00f3\u0142 Gromnik, szko\u0142a gromnik, szko\u0142a podstawowa gromnik, przedszkole gromnik\" \/>\n<meta name=\"robots\" content=\"index, follow, max-snippet:-1, max-image-preview:large, max-video-preview:-1\" \/>\n<link rel=\"canonical\" href=\"https:\/\/zs.gromnik.pl\/zs\/promowanie-erasmusa\/\" \/>\n<meta property=\"og:locale\" content=\"pl_PL\" \/>\n<meta property=\"og:type\" content=\"article\" \/>\n<meta property=\"og:title\" content=\"Promowanie Erasmusa - Zesp\u00f3\u0142 Szk\u00f3\u0142 w Gromniku\" \/>\n<meta property=\"og:description\" content=\"Zesp\u00f3\u0142 Szk\u00f3\u0142 Gromnik, szko\u0142a gromnik, szko\u0142a podstawowa gromnik, przedszkole gromnik\" \/>\n<meta property=\"og:url\" content=\"https:\/\/zs.gromnik.pl\/zs\/promowanie-erasmusa\/\" \/>\n<meta property=\"og:site_name\" content=\"Zesp\u00f3\u0142 Szk\u00f3\u0142 w Gromniku\" \/>\n<meta property=\"article:publisher\" content=\"https:\/\/www.facebook.com\/zsgromnik\" \/>\n<meta property=\"article:modified_time\" content=\"2016-12-14T08:26:45+00:00\" \/>\n<meta name=\"twitter:card\" content=\"summary_large_image\" \/>\n<meta name=\"twitter:label1\" content=\"Szacowany czas czytania\" \/>\n\t<meta name=\"twitter:data1\" content=\"1 minuta\" \/>\n<script type=\"application\/ld+json\" class=\"yoast-schema-graph\">{\"@context\":\"https:\/\/schema.org\",\"@graph\":[{\"@type\":\"WebPage\",\"@id\":\"https:\/\/zs.gromnik.pl\/zs\/promowanie-erasmusa\/\",\"url\":\"https:\/\/zs.gromnik.pl\/zs\/promowanie-erasmusa\/\",\"name\":\"Promowanie Erasmusa - Zesp\u00f3\u0142 Szk\u00f3\u0142 w Gromniku\",\"isPartOf\":{\"@id\":\"https:\/\/zs.gromnik.pl\/zs\/#website\"},\"datePublished\":\"2016-12-14T08:26:12+00:00\",\"dateModified\":\"2016-12-14T08:26:45+00:00\",\"description\":\"Zesp\u00f3\u0142 Szk\u00f3\u0142 Gromnik, szko\u0142a gromnik, szko\u0142a podstawowa gromnik, przedszkole gromnik\",\"breadcrumb\":{\"@id\":\"https:\/\/zs.gromnik.pl\/zs\/promowanie-erasmusa\/#breadcrumb\"},\"inLanguage\":\"pl-PL\",\"potentialAction\":[{\"@type\":\"ReadAction\",\"target\":[\"https:\/\/zs.gromnik.pl\/zs\/promowanie-erasmusa\/\"]}]},{\"@type\":\"BreadcrumbList\",\"@id\":\"https:\/\/zs.gromnik.pl\/zs\/promowanie-erasmusa\/#breadcrumb\",\"itemListElement\":[{\"@type\":\"ListItem\",\"position\":1,\"name\":\"Strona g\u0142\u00f3wna\",\"item\":\"https:\/\/zs.gromnik.pl\/zs\/\"},{\"@type\":\"ListItem\",\"position\":2,\"name\":\"Promowanie Erasmusa\"}]},{\"@type\":\"WebSite\",\"@id\":\"https:\/\/zs.gromnik.pl\/zs\/#website\",\"url\":\"https:\/\/zs.gromnik.pl\/zs\/\",\"name\":\"Zesp\u00f3\u0142 Szk\u00f3\u0142 w Gromniku\",\"description\":\"\",\"potentialAction\":[{\"@type\":\"SearchAction\",\"target\":{\"@type\":\"EntryPoint\",\"urlTemplate\":\"https:\/\/zs.gromnik.pl\/zs\/?s={search_term_string}\"},\"query-input\":\"required name=search_term_string\"}],\"inLanguage\":\"pl-PL\"}]}<\/script>\n<!-- \/ Yoast SEO plugin. -->","yoast_head_json":{"title":"Promowanie Erasmusa - Zesp\u00f3\u0142 Szk\u00f3\u0142 w Gromniku","description":"Zesp\u00f3\u0142 Szk\u00f3\u0142 Gromnik, szko\u0142a gromnik, szko\u0142a podstawowa gromnik, przedszkole gromnik","robots":{"index":"index","follow":"follow","max-snippet":"max-snippet:-1","max-image-preview":"max-image-preview:large","max-video-preview":"max-video-preview:-1"},"canonical":"https:\/\/zs.gromnik.pl\/zs\/promowanie-erasmusa\/","og_locale":"pl_PL","og_type":"article","og_title":"Promowanie Erasmusa - Zesp\u00f3\u0142 Szk\u00f3\u0142 w Gromniku","og_description":"Zesp\u00f3\u0142 Szk\u00f3\u0142 Gromnik, szko\u0142a gromnik, szko\u0142a podstawowa gromnik, przedszkole gromnik","og_url":"https:\/\/zs.gromnik.pl\/zs\/promowanie-erasmusa\/","og_site_name":"Zesp\u00f3\u0142 Szk\u00f3\u0142 w Gromniku","article_publisher":"https:\/\/www.facebook.com\/zsgromnik","article_modified_time":"2016-12-14T08:26:45+00:00","twitter_card":"summary_large_image","twitter_misc":{"Szacowany czas czytania":"1 minuta"},"schema":{"@context":"https:\/\/schema.org","@graph":[{"@type":"WebPage","@id":"https:\/\/zs.gromnik.pl\/zs\/promowanie-erasmusa\/","url":"https:\/\/zs.gromnik.pl\/zs\/promowanie-erasmusa\/","name":"Promowanie Erasmusa - Zesp\u00f3\u0142 Szk\u00f3\u0142 w Gromniku","isPartOf":{"@id":"https:\/\/zs.gromnik.pl\/zs\/#website"},"datePublished":"2016-12-14T08:26:12+00:00","dateModified":"2016-12-14T08:26:45+00:00","description":"Zesp\u00f3\u0142 Szk\u00f3\u0142 Gromnik, szko\u0142a gromnik, szko\u0142a podstawowa gromnik, przedszkole gromnik","breadcrumb":{"@id":"https:\/\/zs.gromnik.pl\/zs\/promowanie-erasmusa\/#breadcrumb"},"inLanguage":"pl-PL","potentialAction":[{"@type":"ReadAction","target":["https:\/\/zs.gromnik.pl\/zs\/promowanie-erasmusa\/"]}]},{"@type":"BreadcrumbList","@id":"https:\/\/zs.gromnik.pl\/zs\/promowanie-erasmusa\/#breadcrumb","itemListElement":[{"@type":"ListItem","position":1,"name":"Strona g\u0142\u00f3wna","item":"https:\/\/zs.gromnik.pl\/zs\/"},{"@type":"ListItem","position":2,"name":"Promowanie Erasmusa"}]},{"@type":"WebSite","@id":"https:\/\/zs.gromnik.pl\/zs\/#website","url":"https:\/\/zs.gromnik.pl\/zs\/","name":"Zesp\u00f3\u0142 Szk\u00f3\u0142 w Gromniku","description":"","potentialAction":[{"@type":"SearchAction","target":{"@type":"EntryPoint","urlTemplate":"https:\/\/zs.gromnik.pl\/zs\/?s={search_term_string}"},"query-input":"required name=search_term_string"}],"inLanguage":"pl-PL"}]}},"_links":{"self":[{"href":"http:\/\/zs.gromnik.pl\/zs\/wp-json\/wp\/v2\/pages\/945"}],"collection":[{"href":"http:\/\/zs.gromnik.pl\/zs\/wp-json\/wp\/v2\/pages"}],"about":[{"href":"http:\/\/zs.gromnik.pl\/zs\/wp-json\/wp\/v2\/types\/page"}],"author":[{"embeddable":true,"href":"http:\/\/zs.gromnik.pl\/zs\/wp-json\/wp\/v2\/users\/1"}],"replies":[{"embeddable":true,"href":"http:\/\/zs.gromnik.pl\/zs\/wp-json\/wp\/v2\/comments?post=945"}],"version-history":[{"count":1,"href":"http:\/\/zs.gromnik.pl\/zs\/wp-json\/wp\/v2\/pages\/945\/revisions"}],"predecessor-version":[{"id":946,"href":"http:\/\/zs.gromnik.pl\/zs\/wp-json\/wp\/v2\/pages\/945\/revisions\/946"}],"wp:attachment":[{"href":"http:\/\/zs.gromnik.pl\/zs\/wp-json\/wp\/v2\/media?parent=945"}],"curies":[{"name":"wp","href":"https:\/\/api.w.org\/{rel}","templated":true}]}}