{"id":949,"date":"2016-12-14T09:28:39","date_gmt":"2016-12-14T08:28:39","guid":{"rendered":"http:\/\/www.zs.gromnik.pl\/zs\/?page_id=949"},"modified":"2016-12-14T09:28:39","modified_gmt":"2016-12-14T08:28:39","slug":"baza-materialow","status":"publish","type":"page","link":"http:\/\/zs.gromnik.pl\/zs\/baza-materialow\/","title":{"rendered":"Baza materia\u0142\u00f3w"},"content":{"rendered":"<p style=\"text-align: justify;\">Nauczycielki j\u0119zyka angielskiego i niemieckiego z Zespo\u0142u Szk\u00f3\u0142 w Gromniku uczestniczy\u0142y w projekcie unijnym \u201ePoszerzanie horyzont\u00f3w z Erasmusem+\u201d.\u00a0 W ramach projektu odby\u0142y szkolenia metodyczno-j\u0119zykowe, kt\u00f3re pomog\u0142y im podnie\u015b\u0107 umiej\u0119tno\u015bci j\u0119zykowe oraz poszerzy\u0107 wiedz\u0119 z zakresu najnowszych metod i technik nauczania j\u0119zyka obcego.<\/p>\n<p style=\"text-align: justify;\">Dobrze wykszta\u0142cony nauczyciel filolog to gwarancja wysokiego poziomu nauczania j\u0119zyk\u00f3w obcych. J\u0119zykowiec, kt\u00f3ry sam pozna\u0142 realia kraju nauczanego j\u0119zyka, mo\u017ce to przekaza\u0107 swoim uczniom na p\u0142aszczy\u017anie szkolnej i wzbudzi\u0107 wi\u0119ksze zainteresowanie kultur\u0105 i tradycj\u0105 danego kraju. Poznanie odmienno\u015bci uczy otwarto\u015bci, tolerancji wobec innych kultur i narod\u00f3w, sprzyja rozwijaniu akceptacji i poczucia Wsp\u00f3lnoty Europejskiej.<\/p>\n<p style=\"text-align: justify;\">Nasze nauczycielki powr\u00f3ci\u0142y do Polski z optymizmem i energi\u0105 do dalszej pracy. Uwa\u017caj\u0105, \u017ce zdobyta wiedza powinna s\u0142u\u017cy\u0107 jak najlepiej uczniom, dlatego te\u017c \u00a0opracowa\u0142y baz\u0119 materia\u0142\u00f3w dydaktycznych, kt\u00f3ra pozwoli innym nauczycielom skorzysta\u0107 z ich do\u015bwiadcze\u0144 i zdobytej wiedzy. Dzi\u0119ki temu pakietowi zaj\u0119cia stan\u0105 si\u0119 bardziej atrakcyjne i motywuj\u0105ce dla ucznia.\u00a0 Baza materia\u0142\u00f3w jest dost\u0119pna w bibliotece szkolnej dla os\u00f3b spoza szko\u0142y.<\/p>\n<p>&nbsp;<\/p>\n<p style=\"text-align: right;\">Ma\u0142gorzata Starzyk<\/p>\n<p style=\"text-align: right;\">\u00a0\u00a0\u00a0\u00a0\u00a0\u00a0\u00a0\u00a0\u00a0\u00a0\u00a0\u00a0\u00a0\u00a0\u00a0\u00a0\u00a0\u00a0\u00a0\u00a0\u00a0\u00a0\u00a0\u00a0\u00a0\u00a0\u00a0\u00a0\u00a0\u00a0\u00a0\u00a0\u00a0\u00a0\u00a0\u00a0\u00a0\u00a0\u00a0\u00a0\u00a0\u00a0\u00a0\u00a0\u00a0\u00a0\u00a0\u00a0\u00a0\u00a0\u00a0\u00a0\u00a0\u00a0\u00a0\u00a0\u00a0\u00a0\u00a0\u00a0\u00a0\u00a0\u00a0\u00a0\u00a0\u00a0\u00a0\u00a0\u00a0\u00a0\u00a0\u00a0\u00a0\u00a0\u00a0\u00a0\u00a0\u00a0\u00a0\u00a0\u00a0\u00a0\u00a0\u00a0\u00a0\u00a0\u00a0\u00a0\u00a0\u00a0\u00a0\u00a0\u00a0\u00a0\u00a0\u00a0\u00a0\u00a0\u00a0\u00a0\u00a0\u00a0\u00a0\u00a0\u00a0 Koordynator projektu<\/p>\n","protected":false},"excerpt":{"rendered":"<p>Nauczycielki j\u0119zyka angielskiego i niemieckiego z Zespo\u0142u Szk\u00f3\u0142 w Gromniku uczestniczy\u0142y w projekcie unijnym \u201ePoszerzanie horyzont\u00f3w z Erasmusem+\u201d.\u00a0 W ramach projektu odby\u0142y szkolenia metodyczno-j\u0119zykowe, kt\u00f3re pomog\u0142y im podnie\u015b\u0107 umiej\u0119tno\u015bci j\u0119zykowe oraz poszerzy\u0107 wiedz\u0119 z zakresu najnowszych metod i technik nauczania j\u0119zyka obcego. Dobrze wykszta\u0142cony nauczyciel filolog to gwarancja wysokiego poziomu nauczania j\u0119zyk\u00f3w obcych. J\u0119zykowiec, kt\u00f3ry sam pozna\u0142 realia kraju nauczanego j\u0119zyka, mo\u017ce to przekaza\u0107 swoim uczniom na p\u0142aszczy\u017anie szkolnej i wzbudzi\u0107 wi\u0119ksze zainteresowanie kultur\u0105 i tradycj\u0105 danego kraju. Poznanie odmienno\u015bci uczy otwarto\u015bci, tolerancji wobec innych kultur i narod\u00f3w, sprzyja rozwijaniu akceptacji i poczucia Wsp\u00f3lnoty Europejskiej. Nasze nauczycielki powr\u00f3ci\u0142y do Polski z optymizmem i energi\u0105 do dalszej pracy. Uwa\u017caj\u0105, \u017ce zdobyta wiedza powinna s\u0142u\u017cy\u0107 jak najlepiej uczniom, dlatego te\u017c \u00a0opracowa\u0142y baz\u0119 materia\u0142\u00f3w dydaktycznych, kt\u00f3ra pozwoli innym nauczycielom skorzysta\u0107 z ich do\u015bwiadcze\u0144 i zdobytej wiedzy. Dzi\u0119ki temu pakietowi zaj\u0119cia stan\u0105 si\u0119 bardziej atrakcyjne i motywuj\u0105ce dla ucznia.\u00a0 Baza materia\u0142\u00f3w jest dost\u0119pna w bibliotece szkolnej dla os\u00f3b spoza szko\u0142y. &nbsp; Ma\u0142gorzata Starzyk \u00a0\u00a0\u00a0\u00a0\u00a0\u00a0\u00a0\u00a0\u00a0\u00a0\u00a0\u00a0\u00a0\u00a0\u00a0\u00a0\u00a0\u00a0\u00a0\u00a0\u00a0\u00a0\u00a0\u00a0\u00a0\u00a0\u00a0\u00a0\u00a0\u00a0\u00a0\u00a0\u00a0\u00a0\u00a0\u00a0\u00a0\u00a0\u00a0\u00a0\u00a0\u00a0\u00a0\u00a0\u00a0\u00a0\u00a0\u00a0\u00a0\u00a0\u00a0\u00a0\u00a0\u00a0\u00a0\u00a0\u00a0\u00a0\u00a0\u00a0\u00a0\u00a0\u00a0\u00a0\u00a0\u00a0\u00a0\u00a0\u00a0\u00a0\u00a0\u00a0\u00a0\u00a0\u00a0\u00a0\u00a0\u00a0\u00a0\u00a0\u00a0\u00a0\u00a0\u00a0\u00a0\u00a0\u00a0\u00a0\u00a0\u00a0\u00a0\u00a0\u00a0\u00a0\u00a0\u00a0\u00a0\u00a0\u00a0\u00a0\u00a0\u00a0\u00a0\u00a0\u00a0 Koordynator projektu<\/p>\n","protected":false},"author":1,"featured_media":0,"parent":0,"menu_order":0,"comment_status":"closed","ping_status":"closed","template":"","meta":[],"yoast_head":"<!-- This site is optimized with the Yoast SEO plugin v19.8 - https:\/\/yoast.com\/wordpress\/plugins\/seo\/ -->\n<title>Baza materia\u0142\u00f3w - Zesp\u00f3\u0142 Szk\u00f3\u0142 w Gromniku<\/title>\n<meta name=\"description\" content=\"Zesp\u00f3\u0142 Szk\u00f3\u0142 Gromnik, szko\u0142a gromnik, szko\u0142a podstawowa gromnik, przedszkole gromnik\" \/>\n<meta name=\"robots\" content=\"index, follow, max-snippet:-1, max-image-preview:large, max-video-preview:-1\" \/>\n<link rel=\"canonical\" href=\"https:\/\/zs.gromnik.pl\/zs\/baza-materialow\/\" \/>\n<meta property=\"og:locale\" content=\"pl_PL\" \/>\n<meta property=\"og:type\" content=\"article\" \/>\n<meta property=\"og:title\" content=\"Baza materia\u0142\u00f3w - Zesp\u00f3\u0142 Szk\u00f3\u0142 w Gromniku\" \/>\n<meta property=\"og:description\" content=\"Zesp\u00f3\u0142 Szk\u00f3\u0142 Gromnik, szko\u0142a gromnik, szko\u0142a podstawowa gromnik, przedszkole gromnik\" \/>\n<meta property=\"og:url\" content=\"https:\/\/zs.gromnik.pl\/zs\/baza-materialow\/\" \/>\n<meta property=\"og:site_name\" content=\"Zesp\u00f3\u0142 Szk\u00f3\u0142 w Gromniku\" \/>\n<meta property=\"article:publisher\" content=\"https:\/\/www.facebook.com\/zsgromnik\" \/>\n<meta name=\"twitter:card\" content=\"summary_large_image\" \/>\n<meta name=\"twitter:label1\" content=\"Szacowany czas czytania\" \/>\n\t<meta name=\"twitter:data1\" content=\"1 minuta\" \/>\n<script type=\"application\/ld+json\" class=\"yoast-schema-graph\">{\"@context\":\"https:\/\/schema.org\",\"@graph\":[{\"@type\":\"WebPage\",\"@id\":\"https:\/\/zs.gromnik.pl\/zs\/baza-materialow\/\",\"url\":\"https:\/\/zs.gromnik.pl\/zs\/baza-materialow\/\",\"name\":\"Baza materia\u0142\u00f3w - Zesp\u00f3\u0142 Szk\u00f3\u0142 w Gromniku\",\"isPartOf\":{\"@id\":\"https:\/\/zs.gromnik.pl\/zs\/#website\"},\"datePublished\":\"2016-12-14T08:28:39+00:00\",\"dateModified\":\"2016-12-14T08:28:39+00:00\",\"description\":\"Zesp\u00f3\u0142 Szk\u00f3\u0142 Gromnik, szko\u0142a gromnik, szko\u0142a podstawowa gromnik, przedszkole gromnik\",\"breadcrumb\":{\"@id\":\"https:\/\/zs.gromnik.pl\/zs\/baza-materialow\/#breadcrumb\"},\"inLanguage\":\"pl-PL\",\"potentialAction\":[{\"@type\":\"ReadAction\",\"target\":[\"https:\/\/zs.gromnik.pl\/zs\/baza-materialow\/\"]}]},{\"@type\":\"BreadcrumbList\",\"@id\":\"https:\/\/zs.gromnik.pl\/zs\/baza-materialow\/#breadcrumb\",\"itemListElement\":[{\"@type\":\"ListItem\",\"position\":1,\"name\":\"Strona g\u0142\u00f3wna\",\"item\":\"https:\/\/zs.gromnik.pl\/zs\/\"},{\"@type\":\"ListItem\",\"position\":2,\"name\":\"Baza materia\u0142\u00f3w\"}]},{\"@type\":\"WebSite\",\"@id\":\"https:\/\/zs.gromnik.pl\/zs\/#website\",\"url\":\"https:\/\/zs.gromnik.pl\/zs\/\",\"name\":\"Zesp\u00f3\u0142 Szk\u00f3\u0142 w Gromniku\",\"description\":\"\",\"potentialAction\":[{\"@type\":\"SearchAction\",\"target\":{\"@type\":\"EntryPoint\",\"urlTemplate\":\"https:\/\/zs.gromnik.pl\/zs\/?s={search_term_string}\"},\"query-input\":\"required name=search_term_string\"}],\"inLanguage\":\"pl-PL\"}]}<\/script>\n<!-- \/ Yoast SEO plugin. -->","yoast_head_json":{"title":"Baza materia\u0142\u00f3w - Zesp\u00f3\u0142 Szk\u00f3\u0142 w Gromniku","description":"Zesp\u00f3\u0142 Szk\u00f3\u0142 Gromnik, szko\u0142a gromnik, szko\u0142a podstawowa gromnik, przedszkole gromnik","robots":{"index":"index","follow":"follow","max-snippet":"max-snippet:-1","max-image-preview":"max-image-preview:large","max-video-preview":"max-video-preview:-1"},"canonical":"https:\/\/zs.gromnik.pl\/zs\/baza-materialow\/","og_locale":"pl_PL","og_type":"article","og_title":"Baza materia\u0142\u00f3w - Zesp\u00f3\u0142 Szk\u00f3\u0142 w Gromniku","og_description":"Zesp\u00f3\u0142 Szk\u00f3\u0142 Gromnik, szko\u0142a gromnik, szko\u0142a podstawowa gromnik, przedszkole gromnik","og_url":"https:\/\/zs.gromnik.pl\/zs\/baza-materialow\/","og_site_name":"Zesp\u00f3\u0142 Szk\u00f3\u0142 w Gromniku","article_publisher":"https:\/\/www.facebook.com\/zsgromnik","twitter_card":"summary_large_image","twitter_misc":{"Szacowany czas czytania":"1 minuta"},"schema":{"@context":"https:\/\/schema.org","@graph":[{"@type":"WebPage","@id":"https:\/\/zs.gromnik.pl\/zs\/baza-materialow\/","url":"https:\/\/zs.gromnik.pl\/zs\/baza-materialow\/","name":"Baza materia\u0142\u00f3w - Zesp\u00f3\u0142 Szk\u00f3\u0142 w Gromniku","isPartOf":{"@id":"https:\/\/zs.gromnik.pl\/zs\/#website"},"datePublished":"2016-12-14T08:28:39+00:00","dateModified":"2016-12-14T08:28:39+00:00","description":"Zesp\u00f3\u0142 Szk\u00f3\u0142 Gromnik, szko\u0142a gromnik, szko\u0142a podstawowa gromnik, przedszkole gromnik","breadcrumb":{"@id":"https:\/\/zs.gromnik.pl\/zs\/baza-materialow\/#breadcrumb"},"inLanguage":"pl-PL","potentialAction":[{"@type":"ReadAction","target":["https:\/\/zs.gromnik.pl\/zs\/baza-materialow\/"]}]},{"@type":"BreadcrumbList","@id":"https:\/\/zs.gromnik.pl\/zs\/baza-materialow\/#breadcrumb","itemListElement":[{"@type":"ListItem","position":1,"name":"Strona g\u0142\u00f3wna","item":"https:\/\/zs.gromnik.pl\/zs\/"},{"@type":"ListItem","position":2,"name":"Baza materia\u0142\u00f3w"}]},{"@type":"WebSite","@id":"https:\/\/zs.gromnik.pl\/zs\/#website","url":"https:\/\/zs.gromnik.pl\/zs\/","name":"Zesp\u00f3\u0142 Szk\u00f3\u0142 w Gromniku","description":"","potentialAction":[{"@type":"SearchAction","target":{"@type":"EntryPoint","urlTemplate":"https:\/\/zs.gromnik.pl\/zs\/?s={search_term_string}"},"query-input":"required name=search_term_string"}],"inLanguage":"pl-PL"}]}},"_links":{"self":[{"href":"http:\/\/zs.gromnik.pl\/zs\/wp-json\/wp\/v2\/pages\/949"}],"collection":[{"href":"http:\/\/zs.gromnik.pl\/zs\/wp-json\/wp\/v2\/pages"}],"about":[{"href":"http:\/\/zs.gromnik.pl\/zs\/wp-json\/wp\/v2\/types\/page"}],"author":[{"embeddable":true,"href":"http:\/\/zs.gromnik.pl\/zs\/wp-json\/wp\/v2\/users\/1"}],"replies":[{"embeddable":true,"href":"http:\/\/zs.gromnik.pl\/zs\/wp-json\/wp\/v2\/comments?post=949"}],"version-history":[{"count":1,"href":"http:\/\/zs.gromnik.pl\/zs\/wp-json\/wp\/v2\/pages\/949\/revisions"}],"predecessor-version":[{"id":950,"href":"http:\/\/zs.gromnik.pl\/zs\/wp-json\/wp\/v2\/pages\/949\/revisions\/950"}],"wp:attachment":[{"href":"http:\/\/zs.gromnik.pl\/zs\/wp-json\/wp\/v2\/media?parent=949"}],"curies":[{"name":"wp","href":"https:\/\/api.w.org\/{rel}","templated":true}]}}