{"id":509,"date":"2016-11-07T14:31:19","date_gmt":"2016-11-07T13:31:19","guid":{"rendered":"http:\/\/www.zs.gromnik.pl\/zs\/?page_id=509"},"modified":"2016-11-07T14:31:19","modified_gmt":"2016-11-07T13:31:19","slug":"galeria","status":"publish","type":"page","link":"https:\/\/zs.gromnik.pl\/zs\/galeria\/","title":{"rendered":"Galeria"},"content":{"rendered":"<div id='gallery-1' class='gallery galleryid-509 gallery-columns-4 gallery-size-thumbnail'><figure class='gallery-item'>\n\t\t\t<div class='gallery-icon landscape'>\n\t\t\t\t<a href='https:\/\/zs.gromnik.pl\/zs\/wp-content\/uploads\/2016\/11\/Airshow_2015.jpg'><img width=\"150\" height=\"150\" src=\"https:\/\/zs.gromnik.pl\/zs\/wp-content\/uploads\/2016\/11\/Airshow_2015-150x150.jpg\" class=\"attachment-thumbnail size-thumbnail\" alt=\"\" loading=\"lazy\" srcset=\"https:\/\/zs.gromnik.pl\/zs\/wp-content\/uploads\/2016\/11\/Airshow_2015-150x150.jpg 150w, https:\/\/zs.gromnik.pl\/zs\/wp-content\/uploads\/2016\/11\/Airshow_2015-225x225.jpg 225w, https:\/\/zs.gromnik.pl\/zs\/wp-content\/uploads\/2016\/11\/Airshow_2015-60x60.jpg 60w\" sizes=\"(max-width: 150px) 100vw, 150px\" \/><\/a>\n\t\t\t<\/div><\/figure><figure class='gallery-item'>\n\t\t\t<div class='gallery-icon portrait'>\n\t\t\t\t<a href='https:\/\/zs.gromnik.pl\/zs\/wp-content\/uploads\/2016\/11\/Akiko-\u0141idet-Ma\u0142gorzata-Lenka-Anna-in-the-dining-room.jpg'><img width=\"150\" height=\"150\" src=\"https:\/\/zs.gromnik.pl\/zs\/wp-content\/uploads\/2016\/11\/Akiko-\u0141idet-Ma\u0142gorzata-Lenka-Anna-in-the-dining-room-150x150.jpg\" class=\"attachment-thumbnail size-thumbnail\" alt=\"\" loading=\"lazy\" srcset=\"https:\/\/zs.gromnik.pl\/zs\/wp-content\/uploads\/2016\/11\/Akiko-\u0141idet-Ma\u0142gorzata-Lenka-Anna-in-the-dining-room-150x150.jpg 150w, https:\/\/zs.gromnik.pl\/zs\/wp-content\/uploads\/2016\/11\/Akiko-\u0141idet-Ma\u0142gorzata-Lenka-Anna-in-the-dining-room-225x225.jpg 225w, https:\/\/zs.gromnik.pl\/zs\/wp-content\/uploads\/2016\/11\/Akiko-\u0141idet-Ma\u0142gorzata-Lenka-Anna-in-the-dining-room-60x60.jpg 60w\" sizes=\"(max-width: 150px) 100vw, 150px\" \/><\/a>\n\t\t\t<\/div><\/figure><figure class='gallery-item'>\n\t\t\t<div class='gallery-icon landscape'>\n\t\t\t\t<a href='https:\/\/zs.gromnik.pl\/zs\/wp-content\/uploads\/2016\/11\/Bournemouth.jpg'><img width=\"150\" height=\"150\" src=\"https:\/\/zs.gromnik.pl\/zs\/wp-content\/uploads\/2016\/11\/Bournemouth-150x150.jpg\" class=\"attachment-thumbnail size-thumbnail\" alt=\"\" loading=\"lazy\" srcset=\"https:\/\/zs.gromnik.pl\/zs\/wp-content\/uploads\/2016\/11\/Bournemouth-150x150.jpg 150w, https:\/\/zs.gromnik.pl\/zs\/wp-content\/uploads\/2016\/11\/Bournemouth-225x225.jpg 225w, https:\/\/zs.gromnik.pl\/zs\/wp-content\/uploads\/2016\/11\/Bournemouth-60x60.jpg 60w\" sizes=\"(max-width: 150px) 100vw, 150px\" \/><\/a>\n\t\t\t<\/div><\/figure><figure class='gallery-item'>\n\t\t\t<div class='gallery-icon landscape'>\n\t\t\t\t<a href='https:\/\/zs.gromnik.pl\/zs\/wp-content\/uploads\/2016\/11\/Clives-group.jpg'><img width=\"150\" height=\"150\" src=\"https:\/\/zs.gromnik.pl\/zs\/wp-content\/uploads\/2016\/11\/Clives-group-150x150.jpg\" class=\"attachment-thumbnail size-thumbnail\" alt=\"\" loading=\"lazy\" srcset=\"https:\/\/zs.gromnik.pl\/zs\/wp-content\/uploads\/2016\/11\/Clives-group-150x150.jpg 150w, https:\/\/zs.gromnik.pl\/zs\/wp-content\/uploads\/2016\/11\/Clives-group-225x225.jpg 225w, https:\/\/zs.gromnik.pl\/zs\/wp-content\/uploads\/2016\/11\/Clives-group-60x60.jpg 60w\" sizes=\"(max-width: 150px) 100vw, 150px\" \/><\/a>\n\t\t\t<\/div><\/figure><figure class='gallery-item'>\n\t\t\t<div class='gallery-icon landscape'>\n\t\t\t\t<a href='https:\/\/zs.gromnik.pl\/zs\/wp-content\/uploads\/2016\/11\/Come-to-us.jpg'><img width=\"150\" height=\"150\" src=\"https:\/\/zs.gromnik.pl\/zs\/wp-content\/uploads\/2016\/11\/Come-to-us-150x150.jpg\" class=\"attachment-thumbnail size-thumbnail\" alt=\"\" loading=\"lazy\" srcset=\"https:\/\/zs.gromnik.pl\/zs\/wp-content\/uploads\/2016\/11\/Come-to-us-150x150.jpg 150w, https:\/\/zs.gromnik.pl\/zs\/wp-content\/uploads\/2016\/11\/Come-to-us-225x225.jpg 225w, https:\/\/zs.gromnik.pl\/zs\/wp-content\/uploads\/2016\/11\/Come-to-us-60x60.jpg 60w\" sizes=\"(max-width: 150px) 100vw, 150px\" \/><\/a>\n\t\t\t<\/div><\/figure><figure class='gallery-item'>\n\t\t\t<div class='gallery-icon portrait'>\n\t\t\t\t<a href='https:\/\/zs.gromnik.pl\/zs\/wp-content\/uploads\/2016\/11\/English-gentleman-e1478525470150.jpg'><img width=\"150\" height=\"150\" src=\"https:\/\/zs.gromnik.pl\/zs\/wp-content\/uploads\/2016\/11\/English-gentleman-e1478525470150-150x150.jpg\" class=\"attachment-thumbnail size-thumbnail\" alt=\"\" loading=\"lazy\" srcset=\"https:\/\/zs.gromnik.pl\/zs\/wp-content\/uploads\/2016\/11\/English-gentleman-e1478525470150-150x150.jpg 150w, https:\/\/zs.gromnik.pl\/zs\/wp-content\/uploads\/2016\/11\/English-gentleman-e1478525470150-225x225.jpg 225w, https:\/\/zs.gromnik.pl\/zs\/wp-content\/uploads\/2016\/11\/English-gentleman-e1478525470150-60x60.jpg 60w\" sizes=\"(max-width: 150px) 100vw, 150px\" \/><\/a>\n\t\t\t<\/div><\/figure><figure class='gallery-item'>\n\t\t\t<div class='gallery-icon landscape'>\n\t\t\t\t<a href='https:\/\/zs.gromnik.pl\/zs\/wp-content\/uploads\/2016\/11\/hm...what-a-breathtaking-view.jpg'><img width=\"150\" height=\"150\" src=\"https:\/\/zs.gromnik.pl\/zs\/wp-content\/uploads\/2016\/11\/hm...what-a-breathtaking-view-150x150.jpg\" class=\"attachment-thumbnail size-thumbnail\" alt=\"\" loading=\"lazy\" srcset=\"https:\/\/zs.gromnik.pl\/zs\/wp-content\/uploads\/2016\/11\/hm...what-a-breathtaking-view-150x150.jpg 150w, https:\/\/zs.gromnik.pl\/zs\/wp-content\/uploads\/2016\/11\/hm...what-a-breathtaking-view-225x225.jpg 225w, https:\/\/zs.gromnik.pl\/zs\/wp-content\/uploads\/2016\/11\/hm...what-a-breathtaking-view-60x60.jpg 60w\" sizes=\"(max-width: 150px) 100vw, 150px\" \/><\/a>\n\t\t\t<\/div><\/figure><figure class='gallery-item'>\n\t\t\t<div class='gallery-icon portrait'>\n\t\t\t\t<a href='https:\/\/zs.gromnik.pl\/zs\/wp-content\/uploads\/2016\/11\/Hurra-were-going-to-school.jpg'><img width=\"150\" height=\"150\" src=\"https:\/\/zs.gromnik.pl\/zs\/wp-content\/uploads\/2016\/11\/Hurra-were-going-to-school-150x150.jpg\" class=\"attachment-thumbnail size-thumbnail\" alt=\"\" loading=\"lazy\" srcset=\"https:\/\/zs.gromnik.pl\/zs\/wp-content\/uploads\/2016\/11\/Hurra-were-going-to-school-150x150.jpg 150w, https:\/\/zs.gromnik.pl\/zs\/wp-content\/uploads\/2016\/11\/Hurra-were-going-to-school-225x225.jpg 225w, https:\/\/zs.gromnik.pl\/zs\/wp-content\/uploads\/2016\/11\/Hurra-were-going-to-school-60x60.jpg 60w\" sizes=\"(max-width: 150px) 100vw, 150px\" \/><\/a>\n\t\t\t<\/div><\/figure><figure class='gallery-item'>\n\t\t\t<div class='gallery-icon portrait'>\n\t\t\t\t<a href='https:\/\/zs.gromnik.pl\/zs\/wp-content\/uploads\/2016\/11\/Ma\u0142gorzata-and-Anna.jpg'><img width=\"150\" height=\"150\" src=\"https:\/\/zs.gromnik.pl\/zs\/wp-content\/uploads\/2016\/11\/Ma\u0142gorzata-and-Anna-150x150.jpg\" class=\"attachment-thumbnail size-thumbnail\" alt=\"\" loading=\"lazy\" srcset=\"https:\/\/zs.gromnik.pl\/zs\/wp-content\/uploads\/2016\/11\/Ma\u0142gorzata-and-Anna-150x150.jpg 150w, https:\/\/zs.gromnik.pl\/zs\/wp-content\/uploads\/2016\/11\/Ma\u0142gorzata-and-Anna-225x225.jpg 225w, https:\/\/zs.gromnik.pl\/zs\/wp-content\/uploads\/2016\/11\/Ma\u0142gorzata-and-Anna-60x60.jpg 60w\" sizes=\"(max-width: 150px) 100vw, 150px\" \/><\/a>\n\t\t\t<\/div><\/figure><figure class='gallery-item'>\n\t\t\t<div class='gallery-icon landscape'>\n\t\t\t\t<a href='https:\/\/zs.gromnik.pl\/zs\/wp-content\/uploads\/2016\/11\/mit-Seminarkollegen.jpg'><img width=\"150\" height=\"150\" src=\"https:\/\/zs.gromnik.pl\/zs\/wp-content\/uploads\/2016\/11\/mit-Seminarkollegen-150x150.jpg\" class=\"attachment-thumbnail size-thumbnail\" alt=\"\" loading=\"lazy\" srcset=\"https:\/\/zs.gromnik.pl\/zs\/wp-content\/uploads\/2016\/11\/mit-Seminarkollegen-150x150.jpg 150w, https:\/\/zs.gromnik.pl\/zs\/wp-content\/uploads\/2016\/11\/mit-Seminarkollegen-225x225.jpg 225w, https:\/\/zs.gromnik.pl\/zs\/wp-content\/uploads\/2016\/11\/mit-Seminarkollegen-60x60.jpg 60w\" sizes=\"(max-width: 150px) 100vw, 150px\" \/><\/a>\n\t\t\t<\/div><\/figure><figure class='gallery-item'>\n\t\t\t<div class='gallery-icon landscape'>\n\t\t\t\t<a href='https:\/\/zs.gromnik.pl\/zs\/wp-content\/uploads\/2016\/11\/My-class.jpg'><img width=\"150\" height=\"150\" src=\"https:\/\/zs.gromnik.pl\/zs\/wp-content\/uploads\/2016\/11\/My-class-150x150.jpg\" class=\"attachment-thumbnail size-thumbnail\" alt=\"\" loading=\"lazy\" srcset=\"https:\/\/zs.gromnik.pl\/zs\/wp-content\/uploads\/2016\/11\/My-class-150x150.jpg 150w, https:\/\/zs.gromnik.pl\/zs\/wp-content\/uploads\/2016\/11\/My-class-300x300.jpg 300w, https:\/\/zs.gromnik.pl\/zs\/wp-content\/uploads\/2016\/11\/My-class-768x768.jpg 768w, https:\/\/zs.gromnik.pl\/zs\/wp-content\/uploads\/2016\/11\/My-class-1024x1024.jpg 1024w, https:\/\/zs.gromnik.pl\/zs\/wp-content\/uploads\/2016\/11\/My-class-225x225.jpg 225w, https:\/\/zs.gromnik.pl\/zs\/wp-content\/uploads\/2016\/11\/My-class-60x60.jpg 60w\" sizes=\"(max-width: 150px) 100vw, 150px\" \/><\/a>\n\t\t\t<\/div><\/figure><figure class='gallery-item'>\n\t\t\t<div class='gallery-icon landscape'>\n\t\t\t\t<a href='https:\/\/zs.gromnik.pl\/zs\/wp-content\/uploads\/2016\/11\/Nice-company.jpg'><img width=\"150\" height=\"150\" src=\"https:\/\/zs.gromnik.pl\/zs\/wp-content\/uploads\/2016\/11\/Nice-company-150x150.jpg\" class=\"attachment-thumbnail size-thumbnail\" alt=\"\" loading=\"lazy\" srcset=\"https:\/\/zs.gromnik.pl\/zs\/wp-content\/uploads\/2016\/11\/Nice-company-150x150.jpg 150w, https:\/\/zs.gromnik.pl\/zs\/wp-content\/uploads\/2016\/11\/Nice-company-225x225.jpg 225w, https:\/\/zs.gromnik.pl\/zs\/wp-content\/uploads\/2016\/11\/Nice-company-60x60.jpg 60w\" sizes=\"(max-width: 150px) 100vw, 150px\" \/><\/a>\n\t\t\t<\/div><\/figure><figure class='gallery-item'>\n\t\t\t<div class='gallery-icon landscape'>\n\t\t\t\t<a href='https:\/\/zs.gromnik.pl\/zs\/wp-content\/uploads\/2016\/11\/Our-English-is-very-gooood.jpg'><img width=\"150\" height=\"150\" src=\"https:\/\/zs.gromnik.pl\/zs\/wp-content\/uploads\/2016\/11\/Our-English-is-very-gooood-150x150.jpg\" class=\"attachment-thumbnail size-thumbnail\" alt=\"\" loading=\"lazy\" srcset=\"https:\/\/zs.gromnik.pl\/zs\/wp-content\/uploads\/2016\/11\/Our-English-is-very-gooood-150x150.jpg 150w, https:\/\/zs.gromnik.pl\/zs\/wp-content\/uploads\/2016\/11\/Our-English-is-very-gooood-225x225.jpg 225w, https:\/\/zs.gromnik.pl\/zs\/wp-content\/uploads\/2016\/11\/Our-English-is-very-gooood-60x60.jpg 60w\" sizes=\"(max-width: 150px) 100vw, 150px\" \/><\/a>\n\t\t\t<\/div><\/figure><figure class='gallery-item'>\n\t\t\t<div class='gallery-icon landscape'>\n\t\t\t\t<a href='https:\/\/zs.gromnik.pl\/zs\/wp-content\/uploads\/2016\/11\/Photo-here-photo-there.jpg'><img width=\"150\" height=\"150\" src=\"https:\/\/zs.gromnik.pl\/zs\/wp-content\/uploads\/2016\/11\/Photo-here-photo-there-150x150.jpg\" class=\"attachment-thumbnail size-thumbnail\" alt=\"\" loading=\"lazy\" srcset=\"https:\/\/zs.gromnik.pl\/zs\/wp-content\/uploads\/2016\/11\/Photo-here-photo-there-150x150.jpg 150w, https:\/\/zs.gromnik.pl\/zs\/wp-content\/uploads\/2016\/11\/Photo-here-photo-there-225x225.jpg 225w, https:\/\/zs.gromnik.pl\/zs\/wp-content\/uploads\/2016\/11\/Photo-here-photo-there-60x60.jpg 60w\" sizes=\"(max-width: 150px) 100vw, 150px\" \/><\/a>\n\t\t\t<\/div><\/figure><figure class='gallery-item'>\n\t\t\t<div class='gallery-icon landscape'>\n\t\t\t\t<a href='https:\/\/zs.gromnik.pl\/zs\/wp-content\/uploads\/2016\/11\/So-small.jpg'><img width=\"150\" height=\"150\" src=\"https:\/\/zs.gromnik.pl\/zs\/wp-content\/uploads\/2016\/11\/So-small-150x150.jpg\" class=\"attachment-thumbnail size-thumbnail\" alt=\"\" loading=\"lazy\" srcset=\"https:\/\/zs.gromnik.pl\/zs\/wp-content\/uploads\/2016\/11\/So-small-150x150.jpg 150w, https:\/\/zs.gromnik.pl\/zs\/wp-content\/uploads\/2016\/11\/So-small-225x225.jpg 225w, https:\/\/zs.gromnik.pl\/zs\/wp-content\/uploads\/2016\/11\/So-small-60x60.jpg 60w\" sizes=\"(max-width: 150px) 100vw, 150px\" \/><\/a>\n\t\t\t<\/div><\/figure><figure class='gallery-item'>\n\t\t\t<div class='gallery-icon portrait'>\n\t\t\t\t<a href='https:\/\/zs.gromnik.pl\/zs\/wp-content\/uploads\/2016\/11\/Sorry-Ill-stay-here..jpg'><img width=\"150\" height=\"150\" src=\"https:\/\/zs.gromnik.pl\/zs\/wp-content\/uploads\/2016\/11\/Sorry-Ill-stay-here.-150x150.jpg\" class=\"attachment-thumbnail size-thumbnail\" alt=\"\" loading=\"lazy\" srcset=\"https:\/\/zs.gromnik.pl\/zs\/wp-content\/uploads\/2016\/11\/Sorry-Ill-stay-here.-150x150.jpg 150w, https:\/\/zs.gromnik.pl\/zs\/wp-content\/uploads\/2016\/11\/Sorry-Ill-stay-here.-225x225.jpg 225w, https:\/\/zs.gromnik.pl\/zs\/wp-content\/uploads\/2016\/11\/Sorry-Ill-stay-here.-60x60.jpg 60w\" sizes=\"(max-width: 150px) 100vw, 150px\" \/><\/a>\n\t\t\t<\/div><\/figure><figure class='gallery-item'>\n\t\t\t<div class='gallery-icon landscape'>\n\t\t\t\t<a href='https:\/\/zs.gromnik.pl\/zs\/wp-content\/uploads\/2016\/11\/Stunning-views.jpg'><img width=\"150\" height=\"150\" src=\"https:\/\/zs.gromnik.pl\/zs\/wp-content\/uploads\/2016\/11\/Stunning-views-150x150.jpg\" class=\"attachment-thumbnail size-thumbnail\" alt=\"\" loading=\"lazy\" srcset=\"https:\/\/zs.gromnik.pl\/zs\/wp-content\/uploads\/2016\/11\/Stunning-views-150x150.jpg 150w, https:\/\/zs.gromnik.pl\/zs\/wp-content\/uploads\/2016\/11\/Stunning-views-225x225.jpg 225w, https:\/\/zs.gromnik.pl\/zs\/wp-content\/uploads\/2016\/11\/Stunning-views-60x60.jpg 60w\" sizes=\"(max-width: 150px) 100vw, 150px\" \/><\/a>\n\t\t\t<\/div><\/figure><figure class='gallery-item'>\n\t\t\t<div class='gallery-icon landscape'>\n\t\t\t\t<a href='https:\/\/zs.gromnik.pl\/zs\/wp-content\/uploads\/2016\/11\/The-best-at-Richard-Language-College.jpg'><img width=\"150\" height=\"150\" src=\"https:\/\/zs.gromnik.pl\/zs\/wp-content\/uploads\/2016\/11\/The-best-at-Richard-Language-College-150x150.jpg\" class=\"attachment-thumbnail size-thumbnail\" alt=\"\" loading=\"lazy\" srcset=\"https:\/\/zs.gromnik.pl\/zs\/wp-content\/uploads\/2016\/11\/The-best-at-Richard-Language-College-150x150.jpg 150w, https:\/\/zs.gromnik.pl\/zs\/wp-content\/uploads\/2016\/11\/The-best-at-Richard-Language-College-225x225.jpg 225w, https:\/\/zs.gromnik.pl\/zs\/wp-content\/uploads\/2016\/11\/The-best-at-Richard-Language-College-60x60.jpg 60w\" sizes=\"(max-width: 150px) 100vw, 150px\" \/><\/a>\n\t\t\t<\/div><\/figure><figure class='gallery-item'>\n\t\t\t<div class='gallery-icon landscape'>\n\t\t\t\t<a href='https:\/\/zs.gromnik.pl\/zs\/wp-content\/uploads\/2016\/11\/The-best-group.jpg'><img width=\"150\" height=\"150\" src=\"https:\/\/zs.gromnik.pl\/zs\/wp-content\/uploads\/2016\/11\/The-best-group-150x150.jpg\" class=\"attachment-thumbnail size-thumbnail\" alt=\"\" loading=\"lazy\" srcset=\"https:\/\/zs.gromnik.pl\/zs\/wp-content\/uploads\/2016\/11\/The-best-group-150x150.jpg 150w, https:\/\/zs.gromnik.pl\/zs\/wp-content\/uploads\/2016\/11\/The-best-group-225x225.jpg 225w, https:\/\/zs.gromnik.pl\/zs\/wp-content\/uploads\/2016\/11\/The-best-group-60x60.jpg 60w\" sizes=\"(max-width: 150px) 100vw, 150px\" \/><\/a>\n\t\t\t<\/div><\/figure><figure class='gallery-item'>\n\t\t\t<div class='gallery-icon landscape'>\n\t\t\t\t<a href='https:\/\/zs.gromnik.pl\/zs\/wp-content\/uploads\/2016\/11\/The-Royal-Family.jpg'><img width=\"150\" height=\"150\" src=\"https:\/\/zs.gromnik.pl\/zs\/wp-content\/uploads\/2016\/11\/The-Royal-Family-150x150.jpg\" class=\"attachment-thumbnail size-thumbnail\" alt=\"\" loading=\"lazy\" srcset=\"https:\/\/zs.gromnik.pl\/zs\/wp-content\/uploads\/2016\/11\/The-Royal-Family-150x150.jpg 150w, https:\/\/zs.gromnik.pl\/zs\/wp-content\/uploads\/2016\/11\/The-Royal-Family-225x225.jpg 225w, https:\/\/zs.gromnik.pl\/zs\/wp-content\/uploads\/2016\/11\/The-Royal-Family-60x60.jpg 60w\" sizes=\"(max-width: 150px) 100vw, 150px\" \/><\/a>\n\t\t\t<\/div><\/figure><figure class='gallery-item'>\n\t\t\t<div class='gallery-icon landscape'>\n\t\t\t\t<a href='https:\/\/zs.gromnik.pl\/zs\/wp-content\/uploads\/2016\/11\/Trip-to-Christchurch-with-Brian.jpg'><img width=\"150\" height=\"150\" src=\"https:\/\/zs.gromnik.pl\/zs\/wp-content\/uploads\/2016\/11\/Trip-to-Christchurch-with-Brian-150x150.jpg\" class=\"attachment-thumbnail size-thumbnail\" alt=\"\" loading=\"lazy\" srcset=\"https:\/\/zs.gromnik.pl\/zs\/wp-content\/uploads\/2016\/11\/Trip-to-Christchurch-with-Brian-150x150.jpg 150w, https:\/\/zs.gromnik.pl\/zs\/wp-content\/uploads\/2016\/11\/Trip-to-Christchurch-with-Brian-225x225.jpg 225w, https:\/\/zs.gromnik.pl\/zs\/wp-content\/uploads\/2016\/11\/Trip-to-Christchurch-with-Brian-60x60.jpg 60w\" sizes=\"(max-width: 150px) 100vw, 150px\" \/><\/a>\n\t\t\t<\/div><\/figure><figure class='gallery-item'>\n\t\t\t<div class='gallery-icon landscape'>\n\t\t\t\t<a href='https:\/\/zs.gromnik.pl\/zs\/wp-content\/uploads\/2016\/11\/vor-dem-Goethe-Institut-Bonn.jpg'><img width=\"150\" height=\"150\" src=\"https:\/\/zs.gromnik.pl\/zs\/wp-content\/uploads\/2016\/11\/vor-dem-Goethe-Institut-Bonn-150x150.jpg\" class=\"attachment-thumbnail size-thumbnail\" alt=\"\" loading=\"lazy\" srcset=\"https:\/\/zs.gromnik.pl\/zs\/wp-content\/uploads\/2016\/11\/vor-dem-Goethe-Institut-Bonn-150x150.jpg 150w, https:\/\/zs.gromnik.pl\/zs\/wp-content\/uploads\/2016\/11\/vor-dem-Goethe-Institut-Bonn-225x225.jpg 225w, https:\/\/zs.gromnik.pl\/zs\/wp-content\/uploads\/2016\/11\/vor-dem-Goethe-Institut-Bonn-60x60.jpg 60w\" sizes=\"(max-width: 150px) 100vw, 150px\" \/><\/a>\n\t\t\t<\/div><\/figure><figure class='gallery-item'>\n\t\t\t<div class='gallery-icon landscape'>\n\t\t\t\t<a href='https:\/\/zs.gromnik.pl\/zs\/wp-content\/uploads\/2016\/11\/vor-dem-Koelner-Dom.jpg'><img width=\"150\" height=\"150\" src=\"https:\/\/zs.gromnik.pl\/zs\/wp-content\/uploads\/2016\/11\/vor-dem-Koelner-Dom-150x150.jpg\" class=\"attachment-thumbnail size-thumbnail\" alt=\"\" loading=\"lazy\" srcset=\"https:\/\/zs.gromnik.pl\/zs\/wp-content\/uploads\/2016\/11\/vor-dem-Koelner-Dom-150x150.jpg 150w, https:\/\/zs.gromnik.pl\/zs\/wp-content\/uploads\/2016\/11\/vor-dem-Koelner-Dom-225x225.jpg 225w, https:\/\/zs.gromnik.pl\/zs\/wp-content\/uploads\/2016\/11\/vor-dem-Koelner-Dom-60x60.jpg 60w\" sizes=\"(max-width: 150px) 100vw, 150px\" \/><\/a>\n\t\t\t<\/div><\/figure><figure class='gallery-item'>\n\t\t\t<div class='gallery-icon landscape'>\n\t\t\t\t<a href='https:\/\/zs.gromnik.pl\/zs\/wp-content\/uploads\/2016\/11\/We-like-it.jpg'><img width=\"150\" height=\"150\" src=\"https:\/\/zs.gromnik.pl\/zs\/wp-content\/uploads\/2016\/11\/We-like-it-150x150.jpg\" class=\"attachment-thumbnail size-thumbnail\" alt=\"\" loading=\"lazy\" srcset=\"https:\/\/zs.gromnik.pl\/zs\/wp-content\/uploads\/2016\/11\/We-like-it-150x150.jpg 150w, https:\/\/zs.gromnik.pl\/zs\/wp-content\/uploads\/2016\/11\/We-like-it-225x225.jpg 225w, https:\/\/zs.gromnik.pl\/zs\/wp-content\/uploads\/2016\/11\/We-like-it-60x60.jpg 60w\" sizes=\"(max-width: 150px) 100vw, 150px\" \/><\/a>\n\t\t\t<\/div><\/figure><figure class='gallery-item'>\n\t\t\t<div class='gallery-icon landscape'>\n\t\t\t\t<a href='https:\/\/zs.gromnik.pl\/zs\/wp-content\/uploads\/2016\/11\/We-wont-forget-the-time-here.jpg'><img width=\"150\" height=\"150\" src=\"https:\/\/zs.gromnik.pl\/zs\/wp-content\/uploads\/2016\/11\/We-wont-forget-the-time-here-150x150.jpg\" class=\"attachment-thumbnail size-thumbnail\" alt=\"\" loading=\"lazy\" srcset=\"https:\/\/zs.gromnik.pl\/zs\/wp-content\/uploads\/2016\/11\/We-wont-forget-the-time-here-150x150.jpg 150w, https:\/\/zs.gromnik.pl\/zs\/wp-content\/uploads\/2016\/11\/We-wont-forget-the-time-here-225x225.jpg 225w, https:\/\/zs.gromnik.pl\/zs\/wp-content\/uploads\/2016\/11\/We-wont-forget-the-time-here-60x60.jpg 60w\" sizes=\"(max-width: 150px) 100vw, 150px\" \/><\/a>\n\t\t\t<\/div><\/figure><figure class='gallery-item'>\n\t\t\t<div class='gallery-icon portrait'>\n\t\t\t\t<a href='https:\/\/zs.gromnik.pl\/zs\/wp-content\/uploads\/2016\/11\/With-Ben.jpg'><img width=\"150\" height=\"150\" src=\"https:\/\/zs.gromnik.pl\/zs\/wp-content\/uploads\/2016\/11\/With-Ben-150x150.jpg\" class=\"attachment-thumbnail size-thumbnail\" alt=\"\" loading=\"lazy\" srcset=\"https:\/\/zs.gromnik.pl\/zs\/wp-content\/uploads\/2016\/11\/With-Ben-150x150.jpg 150w, https:\/\/zs.gromnik.pl\/zs\/wp-content\/uploads\/2016\/11\/With-Ben-225x225.jpg 225w, https:\/\/zs.gromnik.pl\/zs\/wp-content\/uploads\/2016\/11\/With-Ben-60x60.jpg 60w\" sizes=\"(max-width: 150px) 100vw, 150px\" \/><\/a>\n\t\t\t<\/div><\/figure>\n\t\t<\/div>\n\n","protected":false},"excerpt":{"rendered":"","protected":false},"author":1,"featured_media":0,"parent":0,"menu_order":0,"comment_status":"closed","ping_status":"closed","template":"","meta":[],"yoast_head":"<!-- This site is optimized with the Yoast SEO plugin v19.8 - https:\/\/yoast.com\/wordpress\/plugins\/seo\/ -->\n<title>Galeria - Zesp\u00f3\u0142 Szk\u00f3\u0142 w Gromniku<\/title>\n<meta name=\"description\" content=\"Zesp\u00f3\u0142 Szk\u00f3\u0142 Gromnik, szko\u0142a gromnik, szko\u0142a podstawowa gromnik, przedszkole gromnik\" \/>\n<meta name=\"robots\" content=\"index, follow, max-snippet:-1, max-image-preview:large, max-video-preview:-1\" \/>\n<link rel=\"canonical\" href=\"http:\/\/zs.gromnik.pl\/zs\/galeria\/\" \/>\n<meta property=\"og:locale\" content=\"pl_PL\" \/>\n<meta property=\"og:type\" content=\"article\" \/>\n<meta property=\"og:title\" content=\"Galeria - Zesp\u00f3\u0142 Szk\u00f3\u0142 w Gromniku\" \/>\n<meta property=\"og:description\" content=\"Zesp\u00f3\u0142 Szk\u00f3\u0142 Gromnik, szko\u0142a gromnik, szko\u0142a podstawowa gromnik, przedszkole gromnik\" \/>\n<meta property=\"og:url\" content=\"http:\/\/zs.gromnik.pl\/zs\/galeria\/\" \/>\n<meta property=\"og:site_name\" content=\"Zesp\u00f3\u0142 Szk\u00f3\u0142 w Gromniku\" \/>\n<meta property=\"article:publisher\" content=\"https:\/\/www.facebook.com\/zsgromnik\" \/>\n<meta property=\"og:image\" content=\"http:\/\/zs.gromnik.pl\/zs\/wp-content\/uploads\/2016\/11\/Airshow_2015-150x150.jpg\" \/>\n<meta name=\"twitter:card\" content=\"summary_large_image\" \/>\n<script type=\"application\/ld+json\" class=\"yoast-schema-graph\">{\"@context\":\"https:\/\/schema.org\",\"@graph\":[{\"@type\":\"WebPage\",\"@id\":\"http:\/\/zs.gromnik.pl\/zs\/galeria\/\",\"url\":\"http:\/\/zs.gromnik.pl\/zs\/galeria\/\",\"name\":\"Galeria - Zesp\u00f3\u0142 Szk\u00f3\u0142 w Gromniku\",\"isPartOf\":{\"@id\":\"https:\/\/zs.gromnik.pl\/zs\/#website\"},\"datePublished\":\"2016-11-07T13:31:19+00:00\",\"dateModified\":\"2016-11-07T13:31:19+00:00\",\"description\":\"Zesp\u00f3\u0142 Szk\u00f3\u0142 Gromnik, szko\u0142a gromnik, szko\u0142a podstawowa gromnik, przedszkole gromnik\",\"breadcrumb\":{\"@id\":\"http:\/\/zs.gromnik.pl\/zs\/galeria\/#breadcrumb\"},\"inLanguage\":\"pl-PL\",\"potentialAction\":[{\"@type\":\"ReadAction\",\"target\":[\"http:\/\/zs.gromnik.pl\/zs\/galeria\/\"]}]},{\"@type\":\"BreadcrumbList\",\"@id\":\"http:\/\/zs.gromnik.pl\/zs\/galeria\/#breadcrumb\",\"itemListElement\":[{\"@type\":\"ListItem\",\"position\":1,\"name\":\"Strona g\u0142\u00f3wna\",\"item\":\"https:\/\/zs.gromnik.pl\/zs\/\"},{\"@type\":\"ListItem\",\"position\":2,\"name\":\"Galeria\"}]},{\"@type\":\"WebSite\",\"@id\":\"https:\/\/zs.gromnik.pl\/zs\/#website\",\"url\":\"https:\/\/zs.gromnik.pl\/zs\/\",\"name\":\"Zesp\u00f3\u0142 Szk\u00f3\u0142 w Gromniku\",\"description\":\"\",\"potentialAction\":[{\"@type\":\"SearchAction\",\"target\":{\"@type\":\"EntryPoint\",\"urlTemplate\":\"https:\/\/zs.gromnik.pl\/zs\/?s={search_term_string}\"},\"query-input\":\"required name=search_term_string\"}],\"inLanguage\":\"pl-PL\"}]}<\/script>\n<!-- \/ Yoast SEO plugin. -->","yoast_head_json":{"title":"Galeria - Zesp\u00f3\u0142 Szk\u00f3\u0142 w Gromniku","description":"Zesp\u00f3\u0142 Szk\u00f3\u0142 Gromnik, szko\u0142a gromnik, szko\u0142a podstawowa gromnik, przedszkole gromnik","robots":{"index":"index","follow":"follow","max-snippet":"max-snippet:-1","max-image-preview":"max-image-preview:large","max-video-preview":"max-video-preview:-1"},"canonical":"http:\/\/zs.gromnik.pl\/zs\/galeria\/","og_locale":"pl_PL","og_type":"article","og_title":"Galeria - Zesp\u00f3\u0142 Szk\u00f3\u0142 w Gromniku","og_description":"Zesp\u00f3\u0142 Szk\u00f3\u0142 Gromnik, szko\u0142a gromnik, szko\u0142a podstawowa gromnik, przedszkole gromnik","og_url":"http:\/\/zs.gromnik.pl\/zs\/galeria\/","og_site_name":"Zesp\u00f3\u0142 Szk\u00f3\u0142 w Gromniku","article_publisher":"https:\/\/www.facebook.com\/zsgromnik","og_image":[{"url":"http:\/\/zs.gromnik.pl\/zs\/wp-content\/uploads\/2016\/11\/Airshow_2015-150x150.jpg"}],"twitter_card":"summary_large_image","schema":{"@context":"https:\/\/schema.org","@graph":[{"@type":"WebPage","@id":"http:\/\/zs.gromnik.pl\/zs\/galeria\/","url":"http:\/\/zs.gromnik.pl\/zs\/galeria\/","name":"Galeria - Zesp\u00f3\u0142 Szk\u00f3\u0142 w Gromniku","isPartOf":{"@id":"https:\/\/zs.gromnik.pl\/zs\/#website"},"datePublished":"2016-11-07T13:31:19+00:00","dateModified":"2016-11-07T13:31:19+00:00","description":"Zesp\u00f3\u0142 Szk\u00f3\u0142 Gromnik, szko\u0142a gromnik, szko\u0142a podstawowa gromnik, przedszkole gromnik","breadcrumb":{"@id":"http:\/\/zs.gromnik.pl\/zs\/galeria\/#breadcrumb"},"inLanguage":"pl-PL","potentialAction":[{"@type":"ReadAction","target":["http:\/\/zs.gromnik.pl\/zs\/galeria\/"]}]},{"@type":"BreadcrumbList","@id":"http:\/\/zs.gromnik.pl\/zs\/galeria\/#breadcrumb","itemListElement":[{"@type":"ListItem","position":1,"name":"Strona g\u0142\u00f3wna","item":"https:\/\/zs.gromnik.pl\/zs\/"},{"@type":"ListItem","position":2,"name":"Galeria"}]},{"@type":"WebSite","@id":"https:\/\/zs.gromnik.pl\/zs\/#website","url":"https:\/\/zs.gromnik.pl\/zs\/","name":"Zesp\u00f3\u0142 Szk\u00f3\u0142 w Gromniku","description":"","potentialAction":[{"@type":"SearchAction","target":{"@type":"EntryPoint","urlTemplate":"https:\/\/zs.gromnik.pl\/zs\/?s={search_term_string}"},"query-input":"required name=search_term_string"}],"inLanguage":"pl-PL"}]}},"_links":{"self":[{"href":"https:\/\/zs.gromnik.pl\/zs\/wp-json\/wp\/v2\/pages\/509"}],"collection":[{"href":"https:\/\/zs.gromnik.pl\/zs\/wp-json\/wp\/v2\/pages"}],"about":[{"href":"https:\/\/zs.gromnik.pl\/zs\/wp-json\/wp\/v2\/types\/page"}],"author":[{"embeddable":true,"href":"https:\/\/zs.gromnik.pl\/zs\/wp-json\/wp\/v2\/users\/1"}],"replies":[{"embeddable":true,"href":"https:\/\/zs.gromnik.pl\/zs\/wp-json\/wp\/v2\/comments?post=509"}],"version-history":[{"count":1,"href":"https:\/\/zs.gromnik.pl\/zs\/wp-json\/wp\/v2\/pages\/509\/revisions"}],"predecessor-version":[{"id":536,"href":"https:\/\/zs.gromnik.pl\/zs\/wp-json\/wp\/v2\/pages\/509\/revisions\/536"}],"wp:attachment":[{"href":"https:\/\/zs.gromnik.pl\/zs\/wp-json\/wp\/v2\/media?parent=509"}],"curies":[{"name":"wp","href":"https:\/\/api.w.org\/{rel}","templated":true}]}}