{"id":5283,"date":"2020-02-07T14:12:31","date_gmt":"2020-02-07T13:12:31","guid":{"rendered":"http:\/\/www.zs.gromnik.pl\/zs\/?page_id=5283"},"modified":"2020-02-07T14:12:32","modified_gmt":"2020-02-07T13:12:32","slug":"paulina-o-swoim-pobycie","status":"publish","type":"page","link":"https:\/\/zs.gromnik.pl\/zs\/paulina-o-swoim-pobycie\/","title":{"rendered":"Paulina o swoim pobycie"},"content":{"rendered":"\n<ul class=\"wp-container-2 wp-block-gallery-1 wp-block-gallery columns-1 is-cropped\"><li class=\"blocks-gallery-item\"><figure><img loading=\"lazy\" width=\"724\" height=\"1024\" src=\"http:\/\/www.zs.gromnik.pl\/zs\/wp-content\/uploads\/2020\/02\/wojt-1-724x1024.jpg\" alt=\"\" data-id=\"5284\" data-link=\"http:\/\/www.zs.gromnik.pl\/zs\/?attachment_id=5284\" class=\"wp-image-5284\" srcset=\"https:\/\/zs.gromnik.pl\/zs\/wp-content\/uploads\/2020\/02\/wojt-1-724x1024.jpg 724w, https:\/\/zs.gromnik.pl\/zs\/wp-content\/uploads\/2020\/02\/wojt-1-212x300.jpg 212w, https:\/\/zs.gromnik.pl\/zs\/wp-content\/uploads\/2020\/02\/wojt-1-768x1086.jpg 768w, https:\/\/zs.gromnik.pl\/zs\/wp-content\/uploads\/2020\/02\/wojt-1-820x1160.jpg 820w, https:\/\/zs.gromnik.pl\/zs\/wp-content\/uploads\/2020\/02\/wojt-1.jpg 1654w\" sizes=\"(max-width: 724px) 100vw, 724px\" \/><\/figure><\/li><li class=\"blocks-gallery-item\"><figure><img loading=\"lazy\" width=\"724\" height=\"1024\" src=\"http:\/\/www.zs.gromnik.pl\/zs\/wp-content\/uploads\/2020\/02\/wojt-2-724x1024.jpg\" alt=\"\" data-id=\"5285\" data-link=\"http:\/\/www.zs.gromnik.pl\/zs\/?attachment_id=5285\" class=\"wp-image-5285\" srcset=\"https:\/\/zs.gromnik.pl\/zs\/wp-content\/uploads\/2020\/02\/wojt-2-724x1024.jpg 724w, https:\/\/zs.gromnik.pl\/zs\/wp-content\/uploads\/2020\/02\/wojt-2-212x300.jpg 212w, https:\/\/zs.gromnik.pl\/zs\/wp-content\/uploads\/2020\/02\/wojt-2-768x1086.jpg 768w, https:\/\/zs.gromnik.pl\/zs\/wp-content\/uploads\/2020\/02\/wojt-2-820x1160.jpg 820w, https:\/\/zs.gromnik.pl\/zs\/wp-content\/uploads\/2020\/02\/wojt-2.jpg 1654w\" sizes=\"(max-width: 724px) 100vw, 724px\" \/><\/figure><\/li><li class=\"blocks-gallery-item\"><figure><img loading=\"lazy\" width=\"724\" height=\"1024\" src=\"http:\/\/www.zs.gromnik.pl\/zs\/wp-content\/uploads\/2020\/02\/wojt-3-724x1024.jpg\" alt=\"\" data-id=\"5286\" data-link=\"http:\/\/www.zs.gromnik.pl\/zs\/?attachment_id=5286\" class=\"wp-image-5286\" srcset=\"https:\/\/zs.gromnik.pl\/zs\/wp-content\/uploads\/2020\/02\/wojt-3-724x1024.jpg 724w, https:\/\/zs.gromnik.pl\/zs\/wp-content\/uploads\/2020\/02\/wojt-3-212x300.jpg 212w, https:\/\/zs.gromnik.pl\/zs\/wp-content\/uploads\/2020\/02\/wojt-3-768x1086.jpg 768w, https:\/\/zs.gromnik.pl\/zs\/wp-content\/uploads\/2020\/02\/wojt-3-820x1160.jpg 820w, https:\/\/zs.gromnik.pl\/zs\/wp-content\/uploads\/2020\/02\/wojt-3.jpg 1654w\" sizes=\"(max-width: 724px) 100vw, 724px\" \/><\/figure><\/li><li class=\"blocks-gallery-item\"><figure><img loading=\"lazy\" width=\"724\" height=\"1024\" src=\"http:\/\/www.zs.gromnik.pl\/zs\/wp-content\/uploads\/2020\/02\/wojt-4-724x1024.jpg\" alt=\"\" data-id=\"5287\" data-link=\"http:\/\/www.zs.gromnik.pl\/zs\/?attachment_id=5287\" class=\"wp-image-5287\" srcset=\"https:\/\/zs.gromnik.pl\/zs\/wp-content\/uploads\/2020\/02\/wojt-4-724x1024.jpg 724w, https:\/\/zs.gromnik.pl\/zs\/wp-content\/uploads\/2020\/02\/wojt-4-212x300.jpg 212w, https:\/\/zs.gromnik.pl\/zs\/wp-content\/uploads\/2020\/02\/wojt-4-768x1086.jpg 768w, https:\/\/zs.gromnik.pl\/zs\/wp-content\/uploads\/2020\/02\/wojt-4-820x1160.jpg 820w, https:\/\/zs.gromnik.pl\/zs\/wp-content\/uploads\/2020\/02\/wojt-4.jpg 1654w\" sizes=\"(max-width: 724px) 100vw, 724px\" \/><\/figure><\/li><\/ul>\n","protected":false},"excerpt":{"rendered":"","protected":false},"author":6,"featured_media":0,"parent":0,"menu_order":0,"comment_status":"closed","ping_status":"closed","template":"","meta":[],"yoast_head":"<!-- This site is optimized with the Yoast SEO plugin v19.8 - https:\/\/yoast.com\/wordpress\/plugins\/seo\/ -->\n<title>Paulina o swoim pobycie - Zesp\u00f3\u0142 Szk\u00f3\u0142 w Gromniku<\/title>\n<meta name=\"description\" content=\"Zesp\u00f3\u0142 Szk\u00f3\u0142 Gromnik, szko\u0142a gromnik, szko\u0142a podstawowa gromnik, przedszkole gromnik\" \/>\n<meta name=\"robots\" content=\"index, follow, max-snippet:-1, max-image-preview:large, max-video-preview:-1\" \/>\n<link rel=\"canonical\" href=\"http:\/\/zs.gromnik.pl\/zs\/paulina-o-swoim-pobycie\/\" \/>\n<meta property=\"og:locale\" content=\"pl_PL\" \/>\n<meta property=\"og:type\" content=\"article\" \/>\n<meta property=\"og:title\" content=\"Paulina o swoim pobycie - Zesp\u00f3\u0142 Szk\u00f3\u0142 w Gromniku\" \/>\n<meta property=\"og:description\" content=\"Zesp\u00f3\u0142 Szk\u00f3\u0142 Gromnik, szko\u0142a gromnik, szko\u0142a podstawowa gromnik, przedszkole gromnik\" \/>\n<meta property=\"og:url\" content=\"http:\/\/zs.gromnik.pl\/zs\/paulina-o-swoim-pobycie\/\" \/>\n<meta property=\"og:site_name\" content=\"Zesp\u00f3\u0142 Szk\u00f3\u0142 w Gromniku\" \/>\n<meta property=\"article:publisher\" content=\"https:\/\/www.facebook.com\/zsgromnik\" \/>\n<meta property=\"article:modified_time\" content=\"2020-02-07T13:12:32+00:00\" \/>\n<meta property=\"og:image\" content=\"http:\/\/www.zs.gromnik.pl\/zs\/wp-content\/uploads\/2020\/02\/wojt-1-724x1024.jpg\" \/>\n<meta name=\"twitter:card\" content=\"summary_large_image\" \/>\n<script type=\"application\/ld+json\" class=\"yoast-schema-graph\">{\"@context\":\"https:\/\/schema.org\",\"@graph\":[{\"@type\":\"WebPage\",\"@id\":\"http:\/\/zs.gromnik.pl\/zs\/paulina-o-swoim-pobycie\/\",\"url\":\"http:\/\/zs.gromnik.pl\/zs\/paulina-o-swoim-pobycie\/\",\"name\":\"Paulina o swoim pobycie - Zesp\u00f3\u0142 Szk\u00f3\u0142 w Gromniku\",\"isPartOf\":{\"@id\":\"https:\/\/zs.gromnik.pl\/zs\/#website\"},\"datePublished\":\"2020-02-07T13:12:31+00:00\",\"dateModified\":\"2020-02-07T13:12:32+00:00\",\"description\":\"Zesp\u00f3\u0142 Szk\u00f3\u0142 Gromnik, szko\u0142a gromnik, szko\u0142a podstawowa gromnik, przedszkole gromnik\",\"breadcrumb\":{\"@id\":\"http:\/\/zs.gromnik.pl\/zs\/paulina-o-swoim-pobycie\/#breadcrumb\"},\"inLanguage\":\"pl-PL\",\"potentialAction\":[{\"@type\":\"ReadAction\",\"target\":[\"http:\/\/zs.gromnik.pl\/zs\/paulina-o-swoim-pobycie\/\"]}]},{\"@type\":\"BreadcrumbList\",\"@id\":\"http:\/\/zs.gromnik.pl\/zs\/paulina-o-swoim-pobycie\/#breadcrumb\",\"itemListElement\":[{\"@type\":\"ListItem\",\"position\":1,\"name\":\"Strona g\u0142\u00f3wna\",\"item\":\"https:\/\/zs.gromnik.pl\/zs\/\"},{\"@type\":\"ListItem\",\"position\":2,\"name\":\"Paulina o swoim pobycie\"}]},{\"@type\":\"WebSite\",\"@id\":\"https:\/\/zs.gromnik.pl\/zs\/#website\",\"url\":\"https:\/\/zs.gromnik.pl\/zs\/\",\"name\":\"Zesp\u00f3\u0142 Szk\u00f3\u0142 w Gromniku\",\"description\":\"\",\"potentialAction\":[{\"@type\":\"SearchAction\",\"target\":{\"@type\":\"EntryPoint\",\"urlTemplate\":\"https:\/\/zs.gromnik.pl\/zs\/?s={search_term_string}\"},\"query-input\":\"required name=search_term_string\"}],\"inLanguage\":\"pl-PL\"}]}<\/script>\n<!-- \/ Yoast SEO plugin. -->","yoast_head_json":{"title":"Paulina o swoim pobycie - Zesp\u00f3\u0142 Szk\u00f3\u0142 w Gromniku","description":"Zesp\u00f3\u0142 Szk\u00f3\u0142 Gromnik, szko\u0142a gromnik, szko\u0142a podstawowa gromnik, przedszkole gromnik","robots":{"index":"index","follow":"follow","max-snippet":"max-snippet:-1","max-image-preview":"max-image-preview:large","max-video-preview":"max-video-preview:-1"},"canonical":"http:\/\/zs.gromnik.pl\/zs\/paulina-o-swoim-pobycie\/","og_locale":"pl_PL","og_type":"article","og_title":"Paulina o swoim pobycie - Zesp\u00f3\u0142 Szk\u00f3\u0142 w Gromniku","og_description":"Zesp\u00f3\u0142 Szk\u00f3\u0142 Gromnik, szko\u0142a gromnik, szko\u0142a podstawowa gromnik, przedszkole gromnik","og_url":"http:\/\/zs.gromnik.pl\/zs\/paulina-o-swoim-pobycie\/","og_site_name":"Zesp\u00f3\u0142 Szk\u00f3\u0142 w Gromniku","article_publisher":"https:\/\/www.facebook.com\/zsgromnik","article_modified_time":"2020-02-07T13:12:32+00:00","og_image":[{"url":"http:\/\/www.zs.gromnik.pl\/zs\/wp-content\/uploads\/2020\/02\/wojt-1-724x1024.jpg"}],"twitter_card":"summary_large_image","schema":{"@context":"https:\/\/schema.org","@graph":[{"@type":"WebPage","@id":"http:\/\/zs.gromnik.pl\/zs\/paulina-o-swoim-pobycie\/","url":"http:\/\/zs.gromnik.pl\/zs\/paulina-o-swoim-pobycie\/","name":"Paulina o swoim pobycie - Zesp\u00f3\u0142 Szk\u00f3\u0142 w Gromniku","isPartOf":{"@id":"https:\/\/zs.gromnik.pl\/zs\/#website"},"datePublished":"2020-02-07T13:12:31+00:00","dateModified":"2020-02-07T13:12:32+00:00","description":"Zesp\u00f3\u0142 Szk\u00f3\u0142 Gromnik, szko\u0142a gromnik, szko\u0142a podstawowa gromnik, przedszkole gromnik","breadcrumb":{"@id":"http:\/\/zs.gromnik.pl\/zs\/paulina-o-swoim-pobycie\/#breadcrumb"},"inLanguage":"pl-PL","potentialAction":[{"@type":"ReadAction","target":["http:\/\/zs.gromnik.pl\/zs\/paulina-o-swoim-pobycie\/"]}]},{"@type":"BreadcrumbList","@id":"http:\/\/zs.gromnik.pl\/zs\/paulina-o-swoim-pobycie\/#breadcrumb","itemListElement":[{"@type":"ListItem","position":1,"name":"Strona g\u0142\u00f3wna","item":"https:\/\/zs.gromnik.pl\/zs\/"},{"@type":"ListItem","position":2,"name":"Paulina o swoim pobycie"}]},{"@type":"WebSite","@id":"https:\/\/zs.gromnik.pl\/zs\/#website","url":"https:\/\/zs.gromnik.pl\/zs\/","name":"Zesp\u00f3\u0142 Szk\u00f3\u0142 w Gromniku","description":"","potentialAction":[{"@type":"SearchAction","target":{"@type":"EntryPoint","urlTemplate":"https:\/\/zs.gromnik.pl\/zs\/?s={search_term_string}"},"query-input":"required name=search_term_string"}],"inLanguage":"pl-PL"}]}},"_links":{"self":[{"href":"https:\/\/zs.gromnik.pl\/zs\/wp-json\/wp\/v2\/pages\/5283"}],"collection":[{"href":"https:\/\/zs.gromnik.pl\/zs\/wp-json\/wp\/v2\/pages"}],"about":[{"href":"https:\/\/zs.gromnik.pl\/zs\/wp-json\/wp\/v2\/types\/page"}],"author":[{"embeddable":true,"href":"https:\/\/zs.gromnik.pl\/zs\/wp-json\/wp\/v2\/users\/6"}],"replies":[{"embeddable":true,"href":"https:\/\/zs.gromnik.pl\/zs\/wp-json\/wp\/v2\/comments?post=5283"}],"version-history":[{"count":1,"href":"https:\/\/zs.gromnik.pl\/zs\/wp-json\/wp\/v2\/pages\/5283\/revisions"}],"predecessor-version":[{"id":5288,"href":"https:\/\/zs.gromnik.pl\/zs\/wp-json\/wp\/v2\/pages\/5283\/revisions\/5288"}],"wp:attachment":[{"href":"https:\/\/zs.gromnik.pl\/zs\/wp-json\/wp\/v2\/media?parent=5283"}],"curies":[{"name":"wp","href":"https:\/\/api.w.org\/{rel}","templated":true}]}}